{"id":6998,"date":"2016-03-02T15:35:05","date_gmt":"2016-03-02T14:35:05","guid":{"rendered":"https:\/\/musikverket.se\/svensktvisarkiv\/?page_id=6998"},"modified":"2016-03-02T15:35:48","modified_gmt":"2016-03-02T14:35:48","slug":"alice-babs-samling","status":"publish","type":"page","link":"https:\/\/musikverket-old.test.consids5.se\/svensktvisarkiv\/musik\/jazz\/alice-babs-samling\/","title":{"rendered":"Alice Babs samling"},"content":{"rendered":"<div id=\"pl-6998\"  class=\"panel-layout\" ><div id=\"pg-6998-0\"  class=\"panel-grid panel-no-style\" ><div id=\"pgc-6998-0-0\"  class=\"panel-grid-cell\" ><div id=\"panel-6998-0-0-0\" class=\"so-panel widget widget_headers panel-first-child panel-last-child\" data-index=\"0\" ><div class=\"so-widget-headers so-widget-headers-base\"><h1 id=\"alice-babs-samling\">Alice Babs samling<\/h1>\n<\/div><\/div><\/div><\/div><div id=\"pg-6998-1\"  class=\"panel-grid panel-no-style\" ><div id=\"pgc-6998-1-0\"  class=\"panel-grid-cell panel-grid-cell-mobile-last\" ><div id=\"panel-6998-1-0-0\" class=\"so-panel widget widget_black-studio-tinymce widget_black_studio_tinymce panel-first-child panel-last-child\" data-index=\"1\" ><div class=\"textwidget\"><p><em>Alice Babs (1924\u20132014) var en av Sveriges fr\u00e4msta jazzs\u00e5ngerskor. 1975 donerade hon sin samling till Svenskt visarkiv, materialet sp\u00e4nner \u00f6ver hela karri\u00e4ren, fr\u00e5n hennes f\u00f6rsta tidningsklipp i V\u00e4sterviks Tidning till unika ljud- och videoinspelningar med Duke Ellington. <\/em><\/p>\n<\/div><\/div><\/div><div id=\"pgc-6998-1-1\"  class=\"panel-grid-cell panel-grid-cell-empty\" ><\/div><\/div><div id=\"pg-6998-2\"  class=\"panel-grid panel-no-style\" ><div id=\"pgc-6998-2-0\"  class=\"panel-grid-cell panel-grid-cell-mobile-last\" ><div id=\"panel-6998-2-0-0\" class=\"so-panel widget panel-first-child panel-last-child\" data-index=\"2\" ><div class=\"panel-widget-style panel-widget-style-for-6998-2-0-0\" ><\/div><\/div><\/div><div id=\"pgc-6998-2-1\"  class=\"panel-grid-cell panel-grid-cell-empty\" ><\/div><\/div><div id=\"pg-6998-3\"  class=\"panel-grid panel-no-style\" ><div id=\"pgc-6998-3-0\"  class=\"panel-grid-cell panel-grid-cell-mobile-last\" ><div id=\"panel-6998-3-0-0\" class=\"so-panel widget widget_black-studio-tinymce widget_black_studio_tinymce panel-first-child panel-last-child\" data-index=\"3\" ><div class=\"panel-widget-style panel-widget-style-for-6998-3-0-0\" ><div class=\"textwidget\"><h3>Babs-feber och rabalder<\/h3>\n<p>N\u00e4r Alice Babs (f\u00f6dd Nilsson, Sj\u00f6blom som gift) slog igenom skapade hon en Babs-feber som orsakade mer rabalder \u00e4n vad b\u00e5de Elvis och Beatles senare skulle komma att g\u00f6ra i Sverige. Hon br\u00f6t ny mark och blev en symbol f\u00f6r den nya ungdomsmusiken. Hon sl\u00e4ppte sin f\u00f6rsta skiva redan som 15-\u00e5ring \u2013 <em>Joddlarflickan<\/em> som kom 1939. \u00c5ret d\u00e4rp\u00e5 kom det verkliga genombrottet med filmen <em>Swing it, magistern!<\/em> d\u00e4r Babs sj\u00f6ng och spelade mot Adolf Jahr i regi av Schamyl Bauman.<\/p>\n<p>Alice Babs blev snabbt stor \u00e4ven utanf\u00f6r Sveriges gr\u00e4nser. Redan under karri\u00e4rens tidiga \u00e5r var hon en idol i Danmark och Finland och efter andra v\u00e4rldskrigets slut upptr\u00e4dde hon \u00e4ven med framg\u00e5ng i bland annat Frankrike och Storbritannien.<\/p>\n<h3>Skrev musikhistoria flera g\u00e5nger<\/h3>\n<p>Babs skrev svensk musikhistoria flera g\u00e5nger om. 1954 fick hon tillsammans med Charlie Norman ta emot Sveriges f\u00f6rsta guldskiva f\u00f6r skivan <em>K\u00e4re John<\/em>. 1958 valdes hon ut av Sveriges Radio f\u00f6r att sjunga Sveriges f\u00f6rsta bidrag i Melodifestivalen, l\u00e5ten \u201dLilla stj\u00e4rna\u201d med text och musik av \u00c5ke Gerhard.<\/p>\n<p>1958 bildade hon ocks\u00e5 den framg\u00e5ngsrika gruppen Swe-Danes tillsammans med Svend Asmussen och Ulrik Neumann. Trion tog sig in p\u00e5 den amerikanska Billboardlistan och Alice Babs blev d\u00e4rmed f\u00f6rsta svenska artist p\u00e5 listan.<\/p>\n<h3>M\u00e5ngsidigt och internationellt artistliv<\/h3>\n<p>Under sin karri\u00e4r arbetade hon med jazzgiganter som Duke Ellington och Louis Armstrong och hade dessutom en stor beundrare i Frank Sinatra. Babs r\u00f6rde sig mellan flera olika musikaliska genrer \u2013 f\u00f6rutom jazz sj\u00f6ng hon \u00e4ven barnvisor, visor, schlager och kyrkomusik. Hon hann medverka i ett 20-tal musikfilmer under sin karri\u00e4r. 1972 uts\u00e5gs hon till hovs\u00e5ngerska.<\/p>\n<p>Hennes m\u00e5ngsidiga artistliv innebar ett stort kontaktn\u00e4t, \u00e4ven internationellt och det avspeglar sig i arkivet. H\u00e4r finns personliga handlingar, brev, fotografier, videor och inspelningar som inte bara belyser Alice Babs karri\u00e4r, utan \u00e4ven m\u00e5nga andra stora artister under 1960-talet. Arkivet inneh\u00e5ller en stor klippsamling som b\u00f6rjar med Alice Babs allra f\u00f6rsta tidningsnotis i V\u00e4sterviks Tidning 1936, affischer, programblad, skivbolagsinformation och en m\u00e4ngd korrespondens.<\/p>\n<h3>Donerade sitt material till Svenskt visarkiv<\/h3>\n<p>Samlingen inneh\u00e5ller \u00e4ven skivor, videoband, privata filmer och en m\u00e4ngd ljudinspelningar (radioprogram, privatinspelningar och konsertupptagningar) p\u00e5 rullband och kassetter fr\u00e5n 1949 och fram\u00e5t. Det finns \u00e4ven en stor samling fotografier och korrespondens med v\u00e4nner och bekanta.<\/p>\n<p>Alice Babs donerade samlingen till Svenskt visarkiv via producenten och n\u00e4ra v\u00e4nnen Lasse Zackrisson i samband med att hon flyttade fr\u00e5n Sverige 1975. Ytterligare material fr\u00e5n hennes privata arkiv tillkom 2006 d\u00e5 hon flyttade tillbaka till Sverige.<\/p>\n<h3>Ta del av Alice Babs samling<\/h3>\n<p><a href=\"http:\/\/urn.kb.se\/resolve?urn=urn:nbn:se:statensmusikverk-5674\" target=\"_blank\">Till arkivf\u00f6rteckningen \u00f6ver Alice Babs samling<\/a><\/p>\n<p>Den som vill ta del av materialet \u00e4r v\u00e4lkommen till <a href=\"\/svensktvisarkiv\/besok-visarkivet\/\">Svenskt visarkiv<\/a> f\u00f6r att kopiera f\u00f6r eget bruk, det g\u00e5r \u00e4ven bra att best\u00e4lla kopior via ett lokalt bibliotek.\u00a0<\/p>\n<\/div><\/div><\/div><\/div><div id=\"pgc-6998-3-1\"  class=\"panel-grid-cell panel-grid-cell-empty\" ><\/div><\/div><\/div>","protected":false},"excerpt":{"rendered":"<p>Alice Babs (1924\u20132014) var en av Sveriges fr\u00e4msta jazzs\u00e5ngerskor. 1975 donerade hon sin samling till Svenskt visarkiv, materialet sp\u00e4nner \u00f6ver hela karri\u00e4ren, fr\u00e5n hennes f\u00f6rsta tidningsklipp i V\u00e4sterviks Tidning till unika ljud- och videoinspelningar med Duke Ellington.<\/p>\n","protected":false},"author":19,"featured_media":0,"parent":49,"menu_order":0,"comment_status":"closed","ping_status":"closed","template":"","meta":{"ngg_post_thumbnail":0,"spay_email":""},"categories":[3,4],"tags":[97,376,374,14,377,375],"yoast_head":"<!-- This site is optimized with the Yoast SEO plugin v16.3 - https:\/\/yoast.com\/wordpress\/plugins\/seo\/ -->\n<meta name=\"robots\" content=\"index, follow, max-snippet:-1, max-image-preview:large, max-video-preview:-1\" \/>\n<link rel=\"canonical\" href=\"https:\/\/musikverket-old.test.consids5.se\/svensktvisarkiv\/musik\/jazz\/alice-babs-samling\/\" \/>\n<meta property=\"og:locale\" content=\"sv_SE\" \/>\n<meta property=\"og:type\" content=\"article\" \/>\n<meta property=\"og:title\" content=\"Alice Babs samling - Svenskt visarkiv\" \/>\n<meta property=\"og:description\" content=\"Alice Babs (1924\u20132014) var en av Sveriges fr\u00e4msta jazzs\u00e5ngerskor. 1975 donerade hon sin samling till Svenskt visarkiv, materialet sp\u00e4nner \u00f6ver hela karri\u00e4ren, fr\u00e5n hennes f\u00f6rsta tidningsklipp i V\u00e4sterviks Tidning till unika ljud- och videoinspelningar med Duke Ellington.\" \/>\n<meta property=\"og:url\" content=\"https:\/\/musikverket-old.test.consids5.se\/svensktvisarkiv\/musik\/jazz\/alice-babs-samling\/\" \/>\n<meta property=\"og:site_name\" content=\"Svenskt visarkiv\" \/>\n<meta property=\"article:modified_time\" content=\"2016-03-02T14:35:48+00:00\" \/>\n<meta property=\"og:image\" content=\"https:\/\/musikverket.se\/svensktvisarkiv\/files\/2016\/03\/alice680.png\" \/>\n<meta name=\"twitter:label1\" content=\"Ber\u00e4knad l\u00e4stid\">\n\t<meta name=\"twitter:data1\" content=\"3 minuter\">\n<script type=\"application\/ld+json\" class=\"yoast-schema-graph\">{\"@context\":\"https:\/\/schema.org\",\"@graph\":[{\"@type\":\"WebSite\",\"@id\":\"https:\/\/musikverket-old.test.consids5.se\/svensktvisarkiv\/#website\",\"url\":\"https:\/\/musikverket-old.test.consids5.se\/svensktvisarkiv\/\",\"name\":\"Svenskt visarkiv\",\"description\":\"Bevarar folkmusik, \\u00e4ldre popul\\u00e4rmusik, jazz och inflyttade musiktraditioner\",\"potentialAction\":[{\"@type\":\"SearchAction\",\"target\":\"https:\/\/musikverket-old.test.consids5.se\/svensktvisarkiv\/?s={search_term_string}\",\"query-input\":\"required name=search_term_string\"}],\"inLanguage\":\"sv-SE\"},{\"@type\":\"ImageObject\",\"@id\":\"https:\/\/musikverket-old.test.consids5.se\/svensktvisarkiv\/musik\/jazz\/alice-babs-samling\/#primaryimage\",\"inLanguage\":\"sv-SE\",\"url\":\"https:\/\/musikverket.se\/svensktvisarkiv\/files\/2016\/03\/alice680.png\",\"contentUrl\":\"https:\/\/musikverket.se\/svensktvisarkiv\/files\/2016\/03\/alice680.png\"},{\"@type\":\"WebPage\",\"@id\":\"https:\/\/musikverket-old.test.consids5.se\/svensktvisarkiv\/musik\/jazz\/alice-babs-samling\/#webpage\",\"url\":\"https:\/\/musikverket-old.test.consids5.se\/svensktvisarkiv\/musik\/jazz\/alice-babs-samling\/\",\"name\":\"Alice Babs samling - Svenskt visarkiv\",\"isPartOf\":{\"@id\":\"https:\/\/musikverket-old.test.consids5.se\/svensktvisarkiv\/#website\"},\"primaryImageOfPage\":{\"@id\":\"https:\/\/musikverket-old.test.consids5.se\/svensktvisarkiv\/musik\/jazz\/alice-babs-samling\/#primaryimage\"},\"datePublished\":\"2016-03-02T14:35:05+00:00\",\"dateModified\":\"2016-03-02T14:35:48+00:00\",\"breadcrumb\":{\"@id\":\"https:\/\/musikverket-old.test.consids5.se\/svensktvisarkiv\/musik\/jazz\/alice-babs-samling\/#breadcrumb\"},\"inLanguage\":\"sv-SE\",\"potentialAction\":[{\"@type\":\"ReadAction\",\"target\":[\"https:\/\/musikverket-old.test.consids5.se\/svensktvisarkiv\/musik\/jazz\/alice-babs-samling\/\"]}]},{\"@type\":\"BreadcrumbList\",\"@id\":\"https:\/\/musikverket-old.test.consids5.se\/svensktvisarkiv\/musik\/jazz\/alice-babs-samling\/#breadcrumb\",\"itemListElement\":[{\"@type\":\"ListItem\",\"position\":1,\"item\":{\"@type\":\"WebPage\",\"@id\":\"https:\/\/musikverket-old.test.consids5.se\/svensktvisarkiv\/\",\"url\":\"https:\/\/musikverket-old.test.consids5.se\/svensktvisarkiv\/\",\"name\":\"Hem\"}},{\"@type\":\"ListItem\",\"position\":2,\"item\":{\"@type\":\"WebPage\",\"@id\":\"https:\/\/musikverket-old.test.consids5.se\/svensktvisarkiv\/musik\/\",\"url\":\"https:\/\/musikverket-old.test.consids5.se\/svensktvisarkiv\/musik\/\",\"name\":\"Musikomr\\u00e5den\"}},{\"@type\":\"ListItem\",\"position\":3,\"item\":{\"@type\":\"WebPage\",\"@id\":\"https:\/\/musikverket-old.test.consids5.se\/svensktvisarkiv\/musik\/jazz\/\",\"url\":\"https:\/\/musikverket-old.test.consids5.se\/svensktvisarkiv\/musik\/jazz\/\",\"name\":\"Jazz\"}},{\"@type\":\"ListItem\",\"position\":4,\"item\":{\"@id\":\"https:\/\/musikverket-old.test.consids5.se\/svensktvisarkiv\/musik\/jazz\/alice-babs-samling\/#webpage\"}}]}]}<\/script>\n<!-- \/ Yoast SEO plugin. -->","jetpack_shortlink":"https:\/\/wp.me\/P2Zwnz-1OS","jetpack_sharing_enabled":true,"_links":{"self":[{"href":"https:\/\/musikverket-old.test.consids5.se\/svensktvisarkiv\/wp-json\/wp\/v2\/pages\/6998"}],"collection":[{"href":"https:\/\/musikverket-old.test.consids5.se\/svensktvisarkiv\/wp-json\/wp\/v2\/pages"}],"about":[{"href":"https:\/\/musikverket-old.test.consids5.se\/svensktvisarkiv\/wp-json\/wp\/v2\/types\/page"}],"author":[{"embeddable":true,"href":"https:\/\/musikverket-old.test.consids5.se\/svensktvisarkiv\/wp-json\/wp\/v2\/users\/19"}],"replies":[{"embeddable":true,"href":"https:\/\/musikverket-old.test.consids5.se\/svensktvisarkiv\/wp-json\/wp\/v2\/comments?post=6998"}],"version-history":[{"count":0,"href":"https:\/\/musikverket-old.test.consids5.se\/svensktvisarkiv\/wp-json\/wp\/v2\/pages\/6998\/revisions"}],"up":[{"embeddable":true,"href":"https:\/\/musikverket-old.test.consids5.se\/svensktvisarkiv\/wp-json\/wp\/v2\/pages\/49"}],"wp:attachment":[{"href":"https:\/\/musikverket-old.test.consids5.se\/svensktvisarkiv\/wp-json\/wp\/v2\/media?parent=6998"}],"wp:term":[{"taxonomy":"category","embeddable":true,"href":"https:\/\/musikverket-old.test.consids5.se\/svensktvisarkiv\/wp-json\/wp\/v2\/categories?post=6998"},{"taxonomy":"post_tag","embeddable":true,"href":"https:\/\/musikverket-old.test.consids5.se\/svensktvisarkiv\/wp-json\/wp\/v2\/tags?post=6998"}],"curies":[{"name":"wp","href":"https:\/\/api.w.org\/{rel}","templated":true}]}}