{"id":7017,"date":"2016-03-03T11:06:40","date_gmt":"2016-03-03T10:06:40","guid":{"rendered":"https:\/\/musikverket.se\/svensktvisarkiv\/?page_id=7017"},"modified":"2016-03-03T11:07:31","modified_gmt":"2016-03-03T10:07:31","slug":"lars-sjostens-samling","status":"publish","type":"page","link":"https:\/\/musikverket-old.test.consids5.se\/svensktvisarkiv\/musik\/jazz\/lars-sjostens-samling\/","title":{"rendered":"Lars Sj\u00f6stens samling"},"content":{"rendered":"<div id=\"pl-7017\"  class=\"panel-layout\" ><div id=\"pg-7017-0\"  class=\"panel-grid panel-no-style\" ><div id=\"pgc-7017-0-0\"  class=\"panel-grid-cell\" ><div id=\"panel-7017-0-0-0\" class=\"so-panel widget widget_headers panel-first-child panel-last-child\" data-index=\"0\" ><div class=\"so-widget-headers so-widget-headers-base\"><h1 id=\"lars-sjostens-samling\">Lars Sj\u00f6stens samling<\/h1>\n<\/div><\/div><\/div><\/div><div id=\"pg-7017-1\"  class=\"panel-grid panel-no-style\" ><div id=\"pgc-7017-1-0\"  class=\"panel-grid-cell panel-grid-cell-mobile-last\" ><div id=\"panel-7017-1-0-0\" class=\"so-panel widget widget_black-studio-tinymce widget_black_studio_tinymce panel-first-child panel-last-child\" data-index=\"1\" ><div class=\"textwidget\"><p><em>Lars Sj\u00f6sten (1941\u20132011) var jazzmusiker, pianist, komposit\u00f6r och arrang\u00f6r. Hans samling donerades till Svenskt visarkiv 2011, h\u00e4r finns bland annat egna verk i autograf och tryck, anteckningar, arrangemang, handlingar, korrespondens och pressklipp.<\/em><\/p>\n<\/div><\/div><\/div><div id=\"pgc-7017-1-1\"  class=\"panel-grid-cell panel-grid-cell-empty\" ><\/div><\/div><div id=\"pg-7017-2\"  class=\"panel-grid panel-no-style\" ><div id=\"pgc-7017-2-0\"  class=\"panel-grid-cell panel-grid-cell-mobile-last\" ><div id=\"panel-7017-2-0-0\" class=\"so-panel widget panel-first-child panel-last-child\" data-index=\"2\" ><\/div><\/div><div id=\"pgc-7017-2-1\"  class=\"panel-grid-cell panel-grid-cell-empty\" ><\/div><\/div><div id=\"pg-7017-3\"  class=\"panel-grid panel-no-style\" ><div id=\"pgc-7017-3-0\"  class=\"panel-grid-cell panel-grid-cell-mobile-last\" ><div id=\"panel-7017-3-0-0\" class=\"so-panel widget widget_black-studio-tinymce widget_black_studio_tinymce panel-first-child panel-last-child\" data-index=\"3\" ><div class=\"textwidget\"><h2>Sj\u00f6stens tidiga musikintresse<\/h2>\n<p>Lars Sj\u00f6sten f\u00f6ddes i Oskarshamn men v\u00e4xte upp i en musikerfamilj i \u00d6stersund d\u00e4r modern var pianist, hans moster violinist och morfadern fiolbyggare och folkmusiker.\u00a0Sj\u00f6sten hade ett brett och genre\u00f6verskridande musikintresse, som omfattade s\u00e5v\u00e4l popul\u00e4rmusik, klassisk musik som folkmusik.<\/p>\n<p>Men det var inom jazzf\u00e4ltet han satte sina fr\u00e4msta musikaliska och konstn\u00e4rliga avtryck. Tidigt spelade han i lokala dansorkestrar men lockades, liksom m\u00e5nga andra unga jazzmusiker vid denna tid, till Stockholm dit han flyttade i b\u00f6rjan av 1960-talet. D\u00e4r var f\u00f6rs\u00f6rjningsm\u00f6jligheterna betydligt mer gynnsamma \u00e4n hemma i \u00d6stersund.<\/p>\n<h2>Karri\u00e4r i Stockholm<\/h2>\n<p>Sj\u00f6sten kom snabbt in i de fr\u00e4msta musikerkretsarna i Stockholm, han var flitigt anlitad och spelade med generationskamrater som B\u00f6rje Fredriksson, Bernt Rosengren, Lalle Svensson, Eje Thelin och Bosse W\u00e4rmell. Han kompade g\u00e4stande musiker fr\u00e5n utlandet, till exempel Dexter Gordon, vilket ocks\u00e5 resulterade i skivinspelningar. En tid var han \u00e4ven huspianist p\u00e5 Jazzklubben Gyllene Cirkeln.<\/p>\n<p>Sj\u00f6sten hade ocks\u00e5 ett flertal egna grupper genom \u00e5ren och gjorde m\u00e5nga skivinspelningar. Fr\u00e5n mitten av 60-talet, i samband med inspelningen av skivan <em>Portrait of my pals<\/em> 1964, inledde han ett n\u00e4ra och betydelsefullt samarbete med barytonsaxofonisten och komposit\u00f6ren Lars Gullin. Han arbetade ihop med Gullin fram till dennes d\u00f6d 1976, vilket ocks\u00e5 bidrog till att Sj\u00f6sten sj\u00e4lv kom att utvecklas som komposit\u00f6r. Sj\u00f6sten tog upp musikstudierna under 70-talet och studerade kontrapunkt, orkestrering och arrangering.<\/p>\n<h2>Prisad f\u00f6r sitt personliga uttryck<\/h2>\n<p>Sj\u00f6sten bel\u00f6nades under \u00e5ren med ett flertal priser och utm\u00e4rkelser: Jan Johansson-stipendiet, Lars Gullin-priset och Christer Boustedt-stipendiet. Han tilldelades ocks\u00e5 vid tv\u00e5 tillf\u00e4llen tidskriften Orkesterjournalens pris Gyllene skivan.<\/p>\n<p>Som komposit\u00f6r hade Sj\u00f6sten ett personligt uttryck, f\u00f6rankrat i en omissk\u00e4nnlig svensk tradition, men samtidigt med en klang som genljuder av jazzens internationella tonspr\u00e5k.\u00a0Det sista Sj\u00f6sten komponerade f\u00f6re sin d\u00f6d var en m\u00e4ssa <em>Missa Hominis<\/em>, med text av musikredakt\u00f6ren och poeten \u00c5ke Grandell.<\/p>\n<h2>Ta del av Lars Sj\u00f6stens samling<\/h2>\n<p>Mellan 2011\u20132012 mottog Svenskt visarkiv Sj\u00f6stens arkiv i form av en donation, som nu finns tillg\u00e4nglig f\u00f6r forskning. Det mycket omfattande materialet best\u00e5r bland annat av: egna verk i autograf och tryck, skisser och anteckningar, arrangemang, handlingar r\u00f6rande \u201dLars Gullins musik \u2013 en analys\u201d som han skrev tillsammans med Pelle Broberg, korrespondens, pressklipp med mera.<\/p>\n<p><a href=\"http:\/\/carkiv.musikverk.se\/www\/arkivforteckningar\/Arkivforteckning_Lars_Sjostens_samling.pdf\" target=\"_blank\">Till arkivf\u00f6rteckningen \u00f6ver Lars Sj\u00f6stens samling<\/a><\/p>\n<p>Den som vill ta del av materialet \u00e4r v\u00e4lkommen till <a href=\"https:\/\/musikverket.se\/svensktvisarkiv\/besok-visarkivet\/\">Svenskt visarkiv<\/a> f\u00f6r att kopiera f\u00f6r eget bruk, det g\u00e5r \u00e4ven bra att best\u00e4lla kopior via ett lokalt bibliotek.\u00a0<\/p>\n<p>\u00a0<\/p>\n<\/div><\/div><\/div><div id=\"pgc-7017-3-1\"  class=\"panel-grid-cell panel-grid-cell-empty\" ><\/div><\/div><\/div>","protected":false},"excerpt":{"rendered":"<p>Lars Sj\u00f6sten (1941\u20132011) var jazzmusiker, pianist, komposit\u00f6r och arrang\u00f6r. Hans samling donerades till Svenskt visarkiv 2011, h\u00e4r finns bland annat egna verk i autograf och tryck, anteckningar, arrangemang, handlingar, korrespondens och pressklipp.<\/p>\n","protected":false},"author":39,"featured_media":0,"parent":49,"menu_order":0,"comment_status":"closed","ping_status":"closed","template":"","meta":{"ngg_post_thumbnail":0,"spay_email":""},"categories":[],"tags":[384,108,379,382,383,381,111,14,380,104,378],"yoast_head":"<!-- This site is optimized with the Yoast SEO plugin v16.3 - https:\/\/yoast.com\/wordpress\/plugins\/seo\/ -->\n<meta name=\"robots\" content=\"index, follow, max-snippet:-1, max-image-preview:large, max-video-preview:-1\" \/>\n<link rel=\"canonical\" href=\"https:\/\/musikverket-old.test.consids5.se\/svensktvisarkiv\/musik\/jazz\/lars-sjostens-samling\/\" \/>\n<meta property=\"og:locale\" content=\"sv_SE\" \/>\n<meta property=\"og:type\" content=\"article\" \/>\n<meta property=\"og:title\" content=\"Lars Sj\u00f6stens samling - Svenskt visarkiv\" \/>\n<meta property=\"og:description\" content=\"Lars Sj\u00f6sten (1941\u20132011) var jazzmusiker, pianist, komposit\u00f6r och arrang\u00f6r. Hans samling donerades till Svenskt visarkiv 2011, h\u00e4r finns bland annat egna verk i autograf och tryck, anteckningar, arrangemang, handlingar, korrespondens och pressklipp.\" \/>\n<meta property=\"og:url\" content=\"https:\/\/musikverket-old.test.consids5.se\/svensktvisarkiv\/musik\/jazz\/lars-sjostens-samling\/\" \/>\n<meta property=\"og:site_name\" content=\"Svenskt visarkiv\" \/>\n<meta property=\"article:modified_time\" content=\"2016-03-03T10:07:31+00:00\" \/>\n<meta property=\"og:image\" content=\"https:\/\/musikverket.se\/svensktvisarkiv\/files\/2016\/03\/Lars-Sjosten.png\" \/>\n<meta name=\"twitter:label1\" content=\"Ber\u00e4knad l\u00e4stid\">\n\t<meta name=\"twitter:data1\" content=\"2 minuter\">\n<script type=\"application\/ld+json\" class=\"yoast-schema-graph\">{\"@context\":\"https:\/\/schema.org\",\"@graph\":[{\"@type\":\"WebSite\",\"@id\":\"https:\/\/musikverket-old.test.consids5.se\/svensktvisarkiv\/#website\",\"url\":\"https:\/\/musikverket-old.test.consids5.se\/svensktvisarkiv\/\",\"name\":\"Svenskt visarkiv\",\"description\":\"Bevarar folkmusik, \\u00e4ldre popul\\u00e4rmusik, jazz och inflyttade musiktraditioner\",\"potentialAction\":[{\"@type\":\"SearchAction\",\"target\":\"https:\/\/musikverket-old.test.consids5.se\/svensktvisarkiv\/?s={search_term_string}\",\"query-input\":\"required name=search_term_string\"}],\"inLanguage\":\"sv-SE\"},{\"@type\":\"ImageObject\",\"@id\":\"https:\/\/musikverket-old.test.consids5.se\/svensktvisarkiv\/musik\/jazz\/lars-sjostens-samling\/#primaryimage\",\"inLanguage\":\"sv-SE\",\"url\":\"https:\/\/musikverket.se\/svensktvisarkiv\/files\/2016\/03\/Lars-Sjosten.png\",\"contentUrl\":\"https:\/\/musikverket.se\/svensktvisarkiv\/files\/2016\/03\/Lars-Sjosten.png\"},{\"@type\":\"WebPage\",\"@id\":\"https:\/\/musikverket-old.test.consids5.se\/svensktvisarkiv\/musik\/jazz\/lars-sjostens-samling\/#webpage\",\"url\":\"https:\/\/musikverket-old.test.consids5.se\/svensktvisarkiv\/musik\/jazz\/lars-sjostens-samling\/\",\"name\":\"Lars Sj\\u00f6stens samling - Svenskt visarkiv\",\"isPartOf\":{\"@id\":\"https:\/\/musikverket-old.test.consids5.se\/svensktvisarkiv\/#website\"},\"primaryImageOfPage\":{\"@id\":\"https:\/\/musikverket-old.test.consids5.se\/svensktvisarkiv\/musik\/jazz\/lars-sjostens-samling\/#primaryimage\"},\"datePublished\":\"2016-03-03T10:06:40+00:00\",\"dateModified\":\"2016-03-03T10:07:31+00:00\",\"breadcrumb\":{\"@id\":\"https:\/\/musikverket-old.test.consids5.se\/svensktvisarkiv\/musik\/jazz\/lars-sjostens-samling\/#breadcrumb\"},\"inLanguage\":\"sv-SE\",\"potentialAction\":[{\"@type\":\"ReadAction\",\"target\":[\"https:\/\/musikverket-old.test.consids5.se\/svensktvisarkiv\/musik\/jazz\/lars-sjostens-samling\/\"]}]},{\"@type\":\"BreadcrumbList\",\"@id\":\"https:\/\/musikverket-old.test.consids5.se\/svensktvisarkiv\/musik\/jazz\/lars-sjostens-samling\/#breadcrumb\",\"itemListElement\":[{\"@type\":\"ListItem\",\"position\":1,\"item\":{\"@type\":\"WebPage\",\"@id\":\"https:\/\/musikverket-old.test.consids5.se\/svensktvisarkiv\/\",\"url\":\"https:\/\/musikverket-old.test.consids5.se\/svensktvisarkiv\/\",\"name\":\"Hem\"}},{\"@type\":\"ListItem\",\"position\":2,\"item\":{\"@type\":\"WebPage\",\"@id\":\"https:\/\/musikverket-old.test.consids5.se\/svensktvisarkiv\/musik\/\",\"url\":\"https:\/\/musikverket-old.test.consids5.se\/svensktvisarkiv\/musik\/\",\"name\":\"Musikomr\\u00e5den\"}},{\"@type\":\"ListItem\",\"position\":3,\"item\":{\"@type\":\"WebPage\",\"@id\":\"https:\/\/musikverket-old.test.consids5.se\/svensktvisarkiv\/musik\/jazz\/\",\"url\":\"https:\/\/musikverket-old.test.consids5.se\/svensktvisarkiv\/musik\/jazz\/\",\"name\":\"Jazz\"}},{\"@type\":\"ListItem\",\"position\":4,\"item\":{\"@id\":\"https:\/\/musikverket-old.test.consids5.se\/svensktvisarkiv\/musik\/jazz\/lars-sjostens-samling\/#webpage\"}}]}]}<\/script>\n<!-- \/ Yoast SEO plugin. -->","jetpack_shortlink":"https:\/\/wp.me\/P2Zwnz-1Pb","jetpack_sharing_enabled":true,"_links":{"self":[{"href":"https:\/\/musikverket-old.test.consids5.se\/svensktvisarkiv\/wp-json\/wp\/v2\/pages\/7017"}],"collection":[{"href":"https:\/\/musikverket-old.test.consids5.se\/svensktvisarkiv\/wp-json\/wp\/v2\/pages"}],"about":[{"href":"https:\/\/musikverket-old.test.consids5.se\/svensktvisarkiv\/wp-json\/wp\/v2\/types\/page"}],"author":[{"embeddable":true,"href":"https:\/\/musikverket-old.test.consids5.se\/svensktvisarkiv\/wp-json\/wp\/v2\/users\/39"}],"replies":[{"embeddable":true,"href":"https:\/\/musikverket-old.test.consids5.se\/svensktvisarkiv\/wp-json\/wp\/v2\/comments?post=7017"}],"version-history":[{"count":0,"href":"https:\/\/musikverket-old.test.consids5.se\/svensktvisarkiv\/wp-json\/wp\/v2\/pages\/7017\/revisions"}],"up":[{"embeddable":true,"href":"https:\/\/musikverket-old.test.consids5.se\/svensktvisarkiv\/wp-json\/wp\/v2\/pages\/49"}],"wp:attachment":[{"href":"https:\/\/musikverket-old.test.consids5.se\/svensktvisarkiv\/wp-json\/wp\/v2\/media?parent=7017"}],"wp:term":[{"taxonomy":"category","embeddable":true,"href":"https:\/\/musikverket-old.test.consids5.se\/svensktvisarkiv\/wp-json\/wp\/v2\/categories?post=7017"},{"taxonomy":"post_tag","embeddable":true,"href":"https:\/\/musikverket-old.test.consids5.se\/svensktvisarkiv\/wp-json\/wp\/v2\/tags?post=7017"}],"curies":[{"name":"wp","href":"https:\/\/api.w.org\/{rel}","templated":true}]}}