{"id":7254,"date":"2016-06-09T10:45:17","date_gmt":"2016-06-09T08:45:17","guid":{"rendered":"https:\/\/musikverket.se\/svensktvisarkiv\/?page_id=7254"},"modified":"2022-11-30T15:45:00","modified_gmt":"2022-11-30T14:45:00","slug":"dragspel","status":"publish","type":"page","link":"https:\/\/musikverket-old.test.consids5.se\/svensktvisarkiv\/musik\/dragspel\/","title":{"rendered":"Dragspel"},"content":{"rendered":"<div id=\"pl-7254\"  class=\"panel-layout\" ><div id=\"pg-7254-0\"  class=\"panel-grid panel-no-style\" ><div id=\"pgc-7254-0-0\"  class=\"panel-grid-cell\" ><div id=\"panel-7254-0-0-0\" class=\"so-panel widget widget_headers panel-first-child panel-last-child\" data-index=\"0\" ><div class=\"so-widget-headers so-widget-headers-base\"><h1 id=\"upptack-dragspelet\">Uppt\u00e4ck dragspelet<\/h1>\n<\/div><\/div><\/div><\/div><div id=\"pg-7254-1\"  class=\"panel-grid panel-no-style\" ><div id=\"pgc-7254-1-0\"  class=\"panel-grid-cell panel-grid-cell-mobile-last\" ><div id=\"panel-7254-1-0-0\" class=\"so-panel widget widget_black-studio-tinymce widget_black_studio_tinymce panel-first-child panel-last-child\" data-index=\"1\" ><div class=\"textwidget\"><p><em>Dragspelet har en betydande plats i 1900-talets svenska kulturhistoria. Det har varit \u00e4lskat och folkligt, men ocks\u00e5 omdebatterat och rent av f\u00f6raktat. Med s\u00e5 skilda betydelser finns m\u00e5nga historier att ber\u00e4tta.<\/em><\/p>\n<\/div><\/div><\/div><div id=\"pgc-7254-1-1\"  class=\"panel-grid-cell panel-grid-cell-empty\" ><\/div><\/div><div id=\"pg-7254-2\"  class=\"panel-grid panel-has-style\" ><div class=\"siteorigin-panels-stretch panel-row-style panel-row-style-for-7254-2\" data-stretch-type=\"full-stretched\" ><div id=\"pgc-7254-2-0\"  class=\"panel-grid-cell\" ><div id=\"panel-7254-2-0-0\" class=\"so-panel widget widget_slideshow_widget panel-first-child panel-last-child\" data-index=\"2\" >\n\n<div class=\"slideshow-container\" style=\"background: black\">\n  <div data-duration=\"10\" class=\"slideshow standard\">\n    <ul class=\"inner centrerad\">\n    <li class=\"item\"><img class=\"image\" src=\"\/svensktvisarkiv\/files\/2014\/12\/Dragspel_Jularbo_toppsnurra.jpg\" alt=\"\" \/><div class=\"content\"><p><\/p><p><\/p><\/div><\/li>    <\/ul>\n  <\/div>\n<\/div>\n\n\t\t<\/div><\/div><\/div><\/div><div id=\"pg-7254-3\"  class=\"panel-grid panel-no-style\" ><div id=\"pgc-7254-3-0\"  class=\"panel-grid-cell\" ><div id=\"panel-7254-3-0-0\" class=\"so-panel widget widget_headers panel-first-child\" data-index=\"3\" ><div class=\"so-widget-headers so-widget-headers-base\"><h3 id=\"dragspelets-manga-historier\">Dragspelets m\u00e5nga historier<\/h3>\n<\/div><\/div><div id=\"panel-7254-3-0-1\" class=\"so-panel widget widget_black-studio-tinymce widget_black_studio_tinymce panel-last-child\" data-index=\"4\" ><div class=\"textwidget\"><p>Dragspelet etablerade sig under industrialismen och blev ett instrument som arbetarklassen gjorde till sitt. Det var billigt att k\u00f6pa, relativt enkelt att l\u00e4ra sig att spela och l\u00e4tt att b\u00e4ra med sig. Dragspelet stod f\u00f6r underh\u00e5llningen i kolarkojor, skogshuggarbaracker och rallarlag. Musikaliskt passade det till nya danser som schottis, vals och polka som blev popul\u00e4ra under 1800-talets andra h\u00e4lft.<\/p>\n<p>Strax tog sig dragspelet ut till dansbanor och folkparker. Men det var inte bara \u00e4lskat utan m\u00f6tte \u00e4ven stort f\u00f6rakt.<\/p>\n<p>Musikverket har mycket dragspelsrelaterat att erbjuda. Allt ifr\u00e5n instrumentsamlingar, noter och konsertaffischer till kunskapsartiklar om det omtvistade instrumentets historia. Nedan finns information om Musikverkets dragspelsmaterial och l\u00e4nkar till flera exempel ur samlingarna.<\/p>\n<h3>Hj\u00e4lp oss samla Jularbominnen<\/h3>\n<p>Nu s\u00f6ker vi folk som kan hj\u00e4lpa oss att samla minnen av Calle Jularbo; fr\u00e5n dig som sj\u00e4lv sett honom spela eller dansat till hans musik, till dig som h\u00f6rt andra ber\u00e4tta om honom, h\u00f6rt honom p\u00e5 skiva eller l\u00e4st om honom i en tidning. Genom att svara bidrar du b\u00e5de till p\u00e5g\u00e5ende forskning och till Svenskt visarkivs samlingar.<\/p>\n<p><a href=\"https:\/\/musikverket.se\/artikel\/hjalp-oss-samla-jularbominnen\/\">L\u00e4s mer och dela med dig av dina Jularbominnen<\/a><\/p>\n<\/div><\/div><\/div><div id=\"pgc-7254-3-1\"  class=\"panel-grid-cell\" ><div id=\"panel-7254-3-1-0\" class=\"so-panel widget widget_headers panel-first-child\" data-index=\"5\" ><div class=\"so-widget-headers so-widget-headers-base\"><h3 id=\"200-dragspel-i-musikverket-samlingar\">200 dragspel i Musikverket samlingar<\/h3>\n<\/div><\/div><div id=\"panel-7254-3-1-1\" class=\"so-panel widget widget_black-studio-tinymce widget_black_studio_tinymce panel-last-child\" data-index=\"6\" ><div class=\"textwidget\"><p>Under de senaste 50 \u00e5ren har<a title=\"Scenkonstmuseet\" href=\"http:\/\/www.scenkonstmuseet.se\"> Scenkonstmuseet <\/a>(f\u00f6re detta Musikmuseet och Musik- och teatermuseet) byggt upp en brokig och sp\u00e4nnande dragspelssamling. I dag inneh\u00e5ller den drygt 200 dragspel, ungef\u00e4r h\u00e4lften k\u00f6ptes in p\u00e5 1970-talet fr\u00e5n dragspelssamlaren Stig Pettersson.<\/p>\n<p>Sedan n\u00e5gra \u00e5r har museet fokuserat p\u00e5 att samla in svenska dragspel. Bland nytillskotten finns instrument tillverkade av Carl Fridberg, AB Albin Hagstr\u00f6m, Joles-Pelle och Bengts (AB Dragspelstj\u00e4nst). Bland de tidigare \u00e4garna finns bland andra Andrew Walter, Sone Banger, Bo G\u00e4fvert, Tage Ekvall och Bengan Jansson.<\/p>\n<p>I dragspelssamlingen finns f\u00e5 kvinnliga upphovspersoner och musiker representerade. D\u00e4rf\u00f6r prioriteras under de n\u00e4rmaste \u00e5ren insamling av instrument som \u00e4gts eller spelats av kvinnliga dragspelare.<\/p>\n<p>Har kan du titta i <a title=\"Scenkonstmuseets&nbsp;instrumentsamling\" href=\"http:\/\/scenkonstmuseet.se\/samlingar\/instrument\/\">Scenkonstmuseets&nbsp;instrumentsamling<\/a>.<\/p>\n<\/div><\/div><\/div><\/div><div id=\"pg-7254-4\"  class=\"panel-grid panel-no-style\" ><div id=\"pgc-7254-4-0\"  class=\"panel-grid-cell\" ><div id=\"panel-7254-4-0-0\" class=\"so-panel widget widget_puff_widget panel-first-child panel-last-child\" data-index=\"7\" >\t\t\t<div class=\"inner with_title with_text with_picture with_link\" >\r\n\t\t\t<a href=\"\/svensktvisarkiv\/artikel\/lyssna-pa-musiken\/\">\t\t\t<div class=\"puff-picture\"><img src=\"https:\/\/musikverket.se\/svensktvisarkiv\/files\/2016\/06\/puff-lyssna.jpg\" alt=\"Puff Picture\" \/><\/div>\t\t\t<h4>Lyssna p\u00e5 musiken<\/h4>\t\t\t<div class=\"puff-text\">Lyssna p\u00e5 inspelningar med k\u00e4nda och ok\u00e4nda dragspelare som Andrew Walter, Erik Frank och Olga Bexell-Skoglund.<\/div>\t\t\t<\/a>\t\t\t<\/div>\r\n\t\t<\/div><\/div><div id=\"pgc-7254-4-1\"  class=\"panel-grid-cell\" ><div id=\"panel-7254-4-1-0\" class=\"so-panel widget widget_puff_widget panel-first-child panel-last-child\" data-index=\"8\" >\t\t\t<div class=\"inner with_title with_text with_picture with_link\" >\r\n\t\t\t<a href=\"https:\/\/musikverket.se\/svensktvisarkiv\/artikel\/dragspelet-hyllat-och-foraktat\/\">\t\t\t<div class=\"puff-picture\"><img src=\"https:\/\/musikverket.se\/svensktvisarkiv\/files\/2016\/06\/Dragspel_Jularbo_puff.jpg\" alt=\"Puff Picture\" \/><\/div>\t\t\t<h4>Dragspelet \u2013 hyllat och f\u00f6raktat<\/h4>\t\t\t<div class=\"puff-text\">Wictor Johansson p\u00e5 Svenskt visarkiv skriver om dragspelets historia och hur instrumentet b\u00e5de \u00e4r en ber\u00e4ttelse om ett musikliv och ett samh\u00e4lle i f\u00f6r\u00e4ndring.<\/div>\t\t\t<\/a>\t\t\t<\/div>\r\n\t\t<\/div><\/div><div id=\"pgc-7254-4-2\"  class=\"panel-grid-cell\" ><div id=\"panel-7254-4-2-0\" class=\"so-panel widget widget_puff_widget panel-first-child panel-last-child\" data-index=\"9\" >\t\t\t<div class=\"inner with_title with_text with_picture with_link\" >\r\n\t\t\t<a href=\"\/svensktvisarkiv\/artikel\/dragspelsnoter-och-arrangemang\/\">\t\t\t<div class=\"puff-picture\"><img src=\"\/svensktvisarkiv\/files\/2014\/12\/Dragspelsnoter_fempuff.jpg\" alt=\"Puff Picture\" \/><\/div>\t\t\t<h4>Dragspelsnoter<\/h4>\t\t\t<div class=\"puff-text\">Genom \u00e5ren har dragspelare b\u00e5de komponerat och arrangerat musik. H\u00e4r presenteras handskrivna arrangemang av Rune \"Gnesta-Kalle\" Gnestadius och Gunnar Molthon.<\/div>\t\t\t<\/a>\t\t\t<\/div>\r\n\t\t<\/div><\/div><div id=\"pgc-7254-4-3\"  class=\"panel-grid-cell\" ><div id=\"panel-7254-4-3-0\" class=\"so-panel widget widget_puff_widget panel-first-child panel-last-child\" data-index=\"10\" >\t\t\t<div class=\"inner with_title with_text with_picture with_link\" >\r\n\t\t\t<a href=\"\/svensktvisarkiv\/artikel\/dragspelsaffischer\/\">\t\t\t<div class=\"puff-picture\"><img src=\"\/svensktvisarkiv\/files\/2016\/05\/affisch-puff.gif\" alt=\"Puff Picture\" \/><\/div>\t\t\t<h4>Dragspelsaffischer<\/h4>\t\t\t<div class=\"puff-text\">I Svenskt visarkivs samlingar finns ett hundratal affischer efter dragspelare. De vittnar om den publika dragningskraft som instrumentet haft, men \u00e4ven en tid innan tv och internet. <\/div>\t\t\t<\/a>\t\t\t<\/div>\r\n\t\t<\/div><\/div><div id=\"pgc-7254-4-4\"  class=\"panel-grid-cell\" ><div id=\"panel-7254-4-4-0\" class=\"so-panel widget widget_puff_widget panel-first-child panel-last-child\" data-index=\"11\" >\t\t\t<div class=\"inner with_title with_text with_picture with_link\" >\r\n\t\t\t<a href=\"\/svensktvisarkiv\/artikel\/var-ar-dragspelsmusikens-kvinnor\/\">\t\t\t<div class=\"puff-picture\"><img src=\"\/svensktvisarkiv\/files\/2020\/11\/irene-puff.jpg\" alt=\"Puff Picture\" \/><\/div>\t\t\t<h4>Dragspelsmusikens kvinnor<\/h4>\t\t\t<div class=\"puff-text\">Vi riktar fokus mot de dragspelande kvinnorna under dragspelets storhetstid vid mitten av 1900-talet. Vilka var de, och hur skiljde sig deras f\u00f6ruts\u00e4ttningar fr\u00e5n de manliga kollegornas?<\/div>\t\t\t<\/a>\t\t\t<\/div>\r\n\t\t<\/div><\/div><\/div><div id=\"pg-7254-5\"  class=\"panel-grid panel-no-style\" ><div id=\"pgc-7254-5-0\"  class=\"panel-grid-cell\" ><div id=\"panel-7254-5-0-0\" class=\"so-panel widget widget_puff_widget panel-first-child panel-last-child\" data-index=\"12\" >\t\t\t<div class=\"inner with_title with_text with_picture with_link\" >\r\n\t\t\t<a href=\"https:\/\/musikverket.se\/svensktvisarkiv\/artikel\/dragspelssamlingar-i-arkiven\/\">\t\t\t<div class=\"puff-picture\"><img src=\"\/svensktvisarkiv\/files\/2014\/12\/Einar_skogs_kassabok_fempuff.jpg\" alt=\"Puff Picture\" \/><\/div>\t\t\t<h4>Personarkiv efter dragspelare<\/h4>\t\t\t<div class=\"puff-text\">Svenskt visarkiv f\u00f6rfogar \u00f6ver ett flertal personarkiv efter mer eller mindre k\u00e4nda dragspelare. <\/div>\t\t\t<\/a>\t\t\t<\/div>\r\n\t\t<\/div><\/div><div id=\"pgc-7254-5-1\"  class=\"panel-grid-cell\" ><div id=\"panel-7254-5-1-0\" class=\"so-panel widget widget_puff_widget panel-first-child panel-last-child\" data-index=\"13\" >\t\t\t<div class=\"inner with_title with_text with_picture with_link\" >\r\n\t\t\t<a href=\"\/svensktvisarkiv\/artikel\/litteraturtips\/\">\t\t\t<div class=\"puff-picture\"><img src=\"\/svensktvisarkiv\/files\/2016\/05\/litteratur-puff.gif\" alt=\"Puff Picture\" \/><\/div>\t\t\t<h4>Litteraturtips<\/h4>\t\t\t<div class=\"puff-text\">L\u00e4s mer om dragspel! <\/div>\t\t\t<\/a>\t\t\t<\/div>\r\n\t\t<\/div><\/div><div id=\"pgc-7254-5-2\"  class=\"panel-grid-cell panel-grid-cell-empty\" ><\/div><div id=\"pgc-7254-5-3\"  class=\"panel-grid-cell panel-grid-cell-empty panel-grid-cell-mobile-last\" ><\/div><div id=\"pgc-7254-5-4\"  class=\"panel-grid-cell panel-grid-cell-empty\" ><\/div><\/div><\/div>","protected":false},"excerpt":{"rendered":"<p>Dragspelet har en betydande plats i 1900-talets svenska kulturhistoria. Det har varit \u00e4lskat och folkligt, men ocks\u00e5 omdebatterat och rent av f\u00f6raktat. Med s\u00e5 skilda betydelser finns m\u00e5nga historier att ber\u00e4tta.<\/p>\n","protected":false},"author":70,"featured_media":0,"parent":46,"menu_order":0,"comment_status":"open","ping_status":"open","template":"","meta":{"ngg_post_thumbnail":0,"spay_email":""},"categories":[4],"tags":[238,342,340],"yoast_head":"<!-- This site is optimized with the Yoast SEO plugin v16.3 - https:\/\/yoast.com\/wordpress\/plugins\/seo\/ -->\n<meta name=\"robots\" content=\"index, follow, max-snippet:-1, max-image-preview:large, max-video-preview:-1\" \/>\n<link rel=\"canonical\" href=\"https:\/\/musikverket-old.test.consids5.se\/svensktvisarkiv\/musik\/dragspel\/\" \/>\n<meta property=\"og:locale\" content=\"sv_SE\" \/>\n<meta property=\"og:type\" content=\"article\" \/>\n<meta property=\"og:title\" content=\"Dragspel - Svenskt visarkiv\" \/>\n<meta property=\"og:description\" content=\"Dragspelet har en betydande plats i 1900-talets svenska kulturhistoria. Det har varit \u00e4lskat och folkligt, men ocks\u00e5 omdebatterat och rent av f\u00f6raktat. Med s\u00e5 skilda betydelser finns m\u00e5nga historier att ber\u00e4tta.\" \/>\n<meta property=\"og:url\" content=\"https:\/\/musikverket-old.test.consids5.se\/svensktvisarkiv\/musik\/dragspel\/\" \/>\n<meta property=\"og:site_name\" content=\"Svenskt visarkiv\" \/>\n<meta property=\"article:modified_time\" content=\"2022-11-30T14:45:00+00:00\" \/>\n<meta name=\"twitter:label1\" content=\"Ber\u00e4knad l\u00e4stid\">\n\t<meta name=\"twitter:data1\" content=\"2 minuter\">\n<script type=\"application\/ld+json\" class=\"yoast-schema-graph\">{\"@context\":\"https:\/\/schema.org\",\"@graph\":[{\"@type\":\"WebSite\",\"@id\":\"https:\/\/musikverket-old.test.consids5.se\/svensktvisarkiv\/#website\",\"url\":\"https:\/\/musikverket-old.test.consids5.se\/svensktvisarkiv\/\",\"name\":\"Svenskt visarkiv\",\"description\":\"Bevarar folkmusik, \\u00e4ldre popul\\u00e4rmusik, jazz och inflyttade musiktraditioner\",\"potentialAction\":[{\"@type\":\"SearchAction\",\"target\":\"https:\/\/musikverket-old.test.consids5.se\/svensktvisarkiv\/?s={search_term_string}\",\"query-input\":\"required name=search_term_string\"}],\"inLanguage\":\"sv-SE\"},{\"@type\":\"WebPage\",\"@id\":\"https:\/\/musikverket-old.test.consids5.se\/svensktvisarkiv\/musik\/dragspel\/#webpage\",\"url\":\"https:\/\/musikverket-old.test.consids5.se\/svensktvisarkiv\/musik\/dragspel\/\",\"name\":\"Dragspel - Svenskt visarkiv\",\"isPartOf\":{\"@id\":\"https:\/\/musikverket-old.test.consids5.se\/svensktvisarkiv\/#website\"},\"datePublished\":\"2016-06-09T08:45:17+00:00\",\"dateModified\":\"2022-11-30T14:45:00+00:00\",\"breadcrumb\":{\"@id\":\"https:\/\/musikverket-old.test.consids5.se\/svensktvisarkiv\/musik\/dragspel\/#breadcrumb\"},\"inLanguage\":\"sv-SE\",\"potentialAction\":[{\"@type\":\"ReadAction\",\"target\":[\"https:\/\/musikverket-old.test.consids5.se\/svensktvisarkiv\/musik\/dragspel\/\"]}]},{\"@type\":\"BreadcrumbList\",\"@id\":\"https:\/\/musikverket-old.test.consids5.se\/svensktvisarkiv\/musik\/dragspel\/#breadcrumb\",\"itemListElement\":[{\"@type\":\"ListItem\",\"position\":1,\"item\":{\"@type\":\"WebPage\",\"@id\":\"https:\/\/musikverket-old.test.consids5.se\/svensktvisarkiv\/\",\"url\":\"https:\/\/musikverket-old.test.consids5.se\/svensktvisarkiv\/\",\"name\":\"Hem\"}},{\"@type\":\"ListItem\",\"position\":2,\"item\":{\"@type\":\"WebPage\",\"@id\":\"https:\/\/musikverket-old.test.consids5.se\/svensktvisarkiv\/musik\/\",\"url\":\"https:\/\/musikverket-old.test.consids5.se\/svensktvisarkiv\/musik\/\",\"name\":\"Musikomr\\u00e5den\"}},{\"@type\":\"ListItem\",\"position\":3,\"item\":{\"@id\":\"https:\/\/musikverket-old.test.consids5.se\/svensktvisarkiv\/musik\/dragspel\/#webpage\"}}]}]}<\/script>\n<!-- \/ Yoast SEO plugin. -->","jetpack_shortlink":"https:\/\/wp.me\/P2Zwnz-1T0","jetpack_sharing_enabled":true,"_links":{"self":[{"href":"https:\/\/musikverket-old.test.consids5.se\/svensktvisarkiv\/wp-json\/wp\/v2\/pages\/7254"}],"collection":[{"href":"https:\/\/musikverket-old.test.consids5.se\/svensktvisarkiv\/wp-json\/wp\/v2\/pages"}],"about":[{"href":"https:\/\/musikverket-old.test.consids5.se\/svensktvisarkiv\/wp-json\/wp\/v2\/types\/page"}],"author":[{"embeddable":true,"href":"https:\/\/musikverket-old.test.consids5.se\/svensktvisarkiv\/wp-json\/wp\/v2\/users\/70"}],"replies":[{"embeddable":true,"href":"https:\/\/musikverket-old.test.consids5.se\/svensktvisarkiv\/wp-json\/wp\/v2\/comments?post=7254"}],"version-history":[{"count":0,"href":"https:\/\/musikverket-old.test.consids5.se\/svensktvisarkiv\/wp-json\/wp\/v2\/pages\/7254\/revisions"}],"up":[{"embeddable":true,"href":"https:\/\/musikverket-old.test.consids5.se\/svensktvisarkiv\/wp-json\/wp\/v2\/pages\/46"}],"wp:attachment":[{"href":"https:\/\/musikverket-old.test.consids5.se\/svensktvisarkiv\/wp-json\/wp\/v2\/media?parent=7254"}],"wp:term":[{"taxonomy":"category","embeddable":true,"href":"https:\/\/musikverket-old.test.consids5.se\/svensktvisarkiv\/wp-json\/wp\/v2\/categories?post=7254"},{"taxonomy":"post_tag","embeddable":true,"href":"https:\/\/musikverket-old.test.consids5.se\/svensktvisarkiv\/wp-json\/wp\/v2\/tags?post=7254"}],"curies":[{"name":"wp","href":"https:\/\/api.w.org\/{rel}","templated":true}]}}