{"id":7360,"date":"2016-10-18T15:36:00","date_gmt":"2016-10-18T13:36:00","guid":{"rendered":"https:\/\/musikverket.se\/svensktvisarkiv\/?page_id=7360"},"modified":"2017-02-02T15:31:34","modified_gmt":"2017-02-02T14:31:34","slug":"arnbergs-resa-i-folkmusiken","status":"publish","type":"page","link":"https:\/\/musikverket-old.test.consids5.se\/svensktvisarkiv\/arnbergs-resa-i-folkmusiken\/","title":{"rendered":"Matts Arnbergs resa i folkmusiken"},"content":{"rendered":"<div id=\"pl-7360\"  class=\"panel-layout\" ><div id=\"pg-7360-0\"  class=\"panel-grid panel-no-style\" ><div id=\"pgc-7360-0-0\"  class=\"panel-grid-cell\" ><div id=\"panel-7360-0-0-0\" class=\"so-panel widget widget_headers panel-first-child panel-last-child\" data-index=\"0\" ><div class=\"so-widget-headers so-widget-headers-base\"><h1 id=\"matts-arnbergs-resa-i-folkmusiken\">Matts Arnbergs resa i folkmusiken<\/h1>\n<\/div><\/div><\/div><\/div><div id=\"pg-7360-1\"  class=\"panel-grid panel-has-style\" ><div class=\"siteorigin-panels-stretch panel-row-style panel-row-style-for-7360-1\" data-stretch-type=\"full-stretched\" ><div id=\"pgc-7360-1-0\"  class=\"panel-grid-cell\" ><div id=\"panel-7360-1-0-0\" class=\"so-panel widget widget_slideshow_widget panel-first-child panel-last-child\" data-index=\"1\" >\n\n<div class=\"slideshow-container\" style=\"background: black\">\n  <div data-duration=\"10\" class=\"slideshow standard\">\n    <ul class=\"inner centrerad\">\n    <li class=\"item\"><img class=\"image\" src=\"https:\/\/musikverket.se\/svensktvisarkiv\/files\/2016\/10\/Arnberg-toppsnurra.jpg\" alt=\"\" \/><div class=\"content\"><p><\/p><p><\/p><\/div><\/li>    <\/ul>\n  <\/div>\n<\/div>\n\n\t\t<\/div><\/div><\/div><\/div><div id=\"pg-7360-2\"  class=\"panel-grid panel-no-style\" ><div id=\"pgc-7360-2-0\"  class=\"panel-grid-cell\" ><div id=\"panel-7360-2-0-0\" class=\"so-panel widget widget_headers panel-first-child\" data-index=\"2\" ><div class=\"so-widget-headers so-widget-headers-base\"><h2 id=\"det-borjade-pa-sveriges-radio\">Det b\u00f6rjade p\u00e5 Sveriges Radio<\/h2>\n<\/div><\/div><div id=\"panel-7360-2-0-1\" class=\"so-panel widget widget_black-studio-tinymce widget_black_studio_tinymce panel-last-child\" data-index=\"3\" ><div class=\"textwidget\"><p>Midsommarhelgen 1948 direkts\u00e4nde Sveriges Radio en spelmansst\u00e4mma fr\u00e5n Visby. Ingen av de anst\u00e4llda p\u00e5 radions Musikavdelning ville offra midsommarledigheten f\u00f6r att \u00e5ka till Gotland, uppdraget gick d\u00e4rf\u00f6r till avdelningens yngste medarbetare \u2013 Matts Arnberg.<\/p>\n<p>Med bakgrund inom den klassiska musiken hade Arnberg dittills inte \u00e4gnat folkmusiken n\u00e5got n\u00e4mnv\u00e4rt intresse, men under midsommarhelgen p\u00e5 Gotland v\u00e4cktes hans intresse. Arnberg har senare ber\u00e4ttat att han f\u00f6rh\u00f6ll sig likgiltig till den officiella delen av spelmansst\u00e4mman. Men n\u00e4r\u00a0buskspelet senare tog vid, d\u00e4r spelm\u00e4nnen spelade under mindre formella former, blev upplevelsen f\u00f6r honom n\u00e4rmast chockartad: \u201dDet h\u00e4r var ju musik, musik med kvalit\u00e9t, musik med substans \u2013 det hade jag aldrig uppt\u00e4ckt tidigare inom folkmusiken\u201d. H\u00f6r honom ber\u00e4tta sj\u00e4lv!<\/p>\n<p><div class=\"wonderpluginaudio\" id=\"wonderpluginaudio-8\" data-audioplayerid=\"8\" data-width=\"420\" data-height=\"600\" data-skin=\"bartitle\" data-autoplay=\"false\" data-random=\"false\" data-forceflash=\"false\" data-forcehtml5=\"false\" data-responsive=\"false\" data-showtracklist=\"false\" data-showprogress=\"true\" data-showprevnext=\"true\" data-showloop=\"true\" data-showloading=\"false\" data-titleinbarscroll=\"true\" data-donotinit=\"false\" data-addinitscript=\"false\" data-loop=\"1\" data-tracklistitem=\"10\" data-titleinbarwidth=\"80\" data-tracklistscroll=\"false\" data-jsfolder=\"https:\/\/musikverket-old.test.consids5.se\/svensktvisarkiv\/wp-content\/plugins\/wonderplugin-audio\/engine\/\" style=\"display:block;position:relative;margin:0 auto;width:420px;height:auto;\"><ul class=\"amazingaudioplayer-audios\" style=\"display:none;\"><li data-artist=\"\" data-title=\"Mats Arnberg ber\u00e4ttar\" data-album=\"\" data-info=\"\" data-image=\"\" data-duration=\"181\"><div class=\"amazingaudioplayer-source\" data-src=\"https:\/\/musikverket.se\/svensktvisarkiv\/files\/2016\/09\/MA01.mp3\" data-type=\"audio\/mpeg\" ><\/div><\/li><\/ul><\/div><script>function wonderaudio_8_appendcss(csscode) {var head=document.head || document.getElementsByTagName(\"head\")[0];var style=document.createElement(\"style\");head.appendChild(style);style.type=\"text\/css\";if (style.styleSheet){style.styleSheet.cssText=csscode;} else {style.appendChild(document.createTextNode(csscode));}};wonderaudio_8_appendcss(\"@import url(https:\/\/fonts.googleapis.com\/css?family=Open+Sans|Oswald);  #wonderpluginaudio-8 { \tbox-sizing: content-box; }  #wonderpluginaudio-8 div { \t-webkit-box-sizing: content-box; \t-moz-box-sizing: content-box; \tbox-sizing: content-box;    }  #wonderpluginaudio-8 .amazingaudioplayer-image { \tdisplay: block; \tposition: relative; \tfloat: left; \tmargin: 4px; \toverflow: hidden; \t-webkit-box-shadow: 0 8px 6px -6px black; \t-moz-box-shadow: 0 8px 6px -6px black; \tbox-shadow: 0 8px 6px -6px black; \t-webkit-border-radius: 4px;     \t-moz-border-radius: 4px;     \tborder-radius: 4px; }  #wonderpluginaudio-8 .amazingaudioplayer-image-clear { }  #wonderpluginaudio-8 .amazingaudioplayer-text { \tdisplay: block; \tposition: relative; \toverflow: hidden; \tpadding: 4px 12px; \theight: 100px; }  #wonderpluginaudio-8 .amazingaudioplayer-text-clear { \tclear: both; \theight: 8px; }  #wonderpluginaudio-8 .amazingaudioplayer-title { \tdisplay: block; \tcolor: #333; \tfont-family: \\\"Oswald\\\",Arial,sans-serif; \tfont-size: 20px; \tfont-weight: bold; }  #wonderpluginaudio-8 .amazingaudioplayer-title-clear { }  #wonderpluginaudio-8 .amazingaudioplayer-info { \tdisplay: block; \tdisplay: block; \tcolor: #666; \tfont-family: Arial, sans-serif; \tfont-size: 12px; \tfont-style: italic; }  #wonderpluginaudio-8 .amazingaudioplayer-info-clear { }  #wonderpluginaudio-8 .amazingaudioplayer-bar { \tbackground-color: #333; \tmargin: 4px; \tborder: 1px solid #222; \t-webkit-border-radius: 2px; \t-moz-border-radius: 2px; \tborder-radius: 2px; \t-webkit-box-shadow: inset 0 1px 0 rgba( 255, 255, 255, 0.15 ), 0 0 3px rgba( 0, 0, 0, 0.5 ); \t-moz-box-shadow: inset 0 1px 0 rgba( 255, 255, 255, 0.15 ), 0 0 3px rgba( 0, 0, 0, 0.5 ); \tbox-shadow: inset 0 1px 0 rgba( 255, 255, 255, 0.15 ), 0 0 3px rgba( 0, 0, 0, 0.5 ); \tbackground-image: -ms-linear-gradient(top, #444444 0%, #222222 100%); \tbackground-image: -moz-linear-gradient(top, #444444 0%, #222222 100%); \tbackground-image: -o-linear-gradient(top, #444444 0%, #222222 100%); \tbackground-image: -webkit-gradient(linear, left top, left bottom, color-stop(0, #444444), color-stop(1, #222222)); \tbackground-image: -webkit-linear-gradient(top, #444444 0%, #222222 100%);  \tbackground-image: linear-gradient(to bottom, #444444 0%, #222222 100%); }  #wonderpluginaudio-8 .amazingaudioplayer-bar-buttons-clear { \tclear: both; }  #wonderpluginaudio-8 .amazingaudioplayer-bar-clear { }  #wonderpluginaudio-8 .amazingaudioplayer-bar-title { \tposition: relative; \tfloat: left; \tcolor: #eee; \tfont-family: \\\"Open Sans\\\", sans-serif; \tfont-size: 12px; \tline-height: 24px; \tmargin: 0 8px; }  #wonderpluginaudio-8 .amazingaudioplayer-playpause { \tposition: relative; \tfloat: left; }  #wonderpluginaudio-8 .amazingaudioplayer-play { \tposition: relative; }  #wonderpluginaudio-8 .amazingaudioplayer-pause { \tposition: relative; }  #wonderpluginaudio-8 .amazingaudioplayer-stop { \tposition: relative; \tfloat: left; }  #wonderpluginaudio-8 .amazingaudioplayer-prev { \tposition: relative; \tfloat: left; }  #wonderpluginaudio-8 .amazingaudioplayer-next { \tposition: relative; \tfloat: left; }  #wonderpluginaudio-8 .amazingaudioplayer-loop { \tposition: relative; \tfloat: left; \tmargin: 0 2px; }  #wonderpluginaudio-8 .amazingaudioplayer-progress { \tposition: relative; \tbackground-color: #222; \t-webkit-box-shadow: -1px -1px 0 rgba( 0, 0, 0, 0.5 ), 1px 1px 0 rgba( 255, 255, 255, 0.1 ); \t-moz-box-shadow: -1px -1px 0 rgba( 0, 0, 0, 0.5 ), 1px 1px 0 rgba( 255, 255, 255, 0.1 ); \tbox-shadow: -1px -1px 0 rgba( 0, 0, 0, 0.5 ), 1px 1px 0 rgba( 255, 255, 255, 0.1 ); \tmargin: 8px 4px; \t-webkit-border-radius: 4px; \t-moz-border-radius: 4px; \tborder-radius: 4px; }  #wonderpluginaudio-8 .amazingaudioplayer-progress-loaded { \tbackground-color: #444; \t-webkit-border-radius: 4px; \t-moz-border-radius: 4px; \tborder-radius: 4px; }  #wonderpluginaudio-8 .amazingaudioplayer-progress-played { \t-webkit-border-radius: 4px; \t-moz-border-radius: 4px; \tborder-radius: 4px; \tbackground-color: #fcc500; \tbackground-image: -ms-linear-gradient(top, #fede00 0%, #fcc500 100%); \tbackground-image: -moz-linear-gradient(top, #fede00 0%, #fcc500 100%); \tbackground-image: -o-linear-gradient(top, #fede00 0%, #fcc500 100%); \tbackground-image: -webkit-gradient(linear, left top, left bottom, color-stop(0, #fede00), color-stop(1, #fcc500)); \tbackground-image: -webkit-linear-gradient(top, #fede00 0%, #fcc500 100%);  \tbackground-image: linear-gradient(to bottom, #fede00 0%, #fcc500 100%); }  #wonderpluginaudio-8 .amazingaudioplayer-time { \tposition: relative; \tfloat: right; \tcolor: #fff; \tfont-family: \\\"Open Sans\\\", sans-serif; \tfont-size: 12px; \ttext-shadow: 1px 1px 0 #000; \tline-height: 24px; \tmargin: 0 4px; }  #wonderpluginaudio-8 .amazingaudioplayer-volume { \tposition: relative; \tfloat: right; }  #wonderpluginaudio-8 .amazingaudioplayer-volume-bar { \tbackground-color: #333; \tborder: 1px solid #222; \t-webkit-border-radius: 4px; \t-moz-border-radius: 4px; \tborder-radius: 4px; \t-webkit-box-shadow: inset 0 1px 0 rgba( 255, 255, 255, 0.15 ), 0 0 3px rgba( 0, 0, 0, 0.5 ); \t-moz-box-shadow: inset 0 1px 0 rgba( 255, 255, 255, 0.15 ), 0 0 3px rgba( 0, 0, 0, 0.5 ); \tbox-shadow: inset 0 1px 0 rgba( 255, 255, 255, 0.15 ), 0 0 3px rgba( 0, 0, 0, 0.5 ); \tbackground-image: -ms-linear-gradient(top, #444444 0%, #111111 100%); \tbackground-image: -moz-linear-gradient(top, #444444 0%, #111111 100%); \tbackground-image: -o-linear-gradient(top, #444444 0%, #111111 100%); \tbackground-image: -webkit-gradient(linear, left top, left bottom, color-stop(0, #444444), color-stop(1, #111111)); \tbackground-image: -webkit-linear-gradient(top, #444444 0%, #111111 100%); \tbackground-image: linear-gradient(to bottom, #444444 0%, #111111 100%); }  #wonderpluginaudio-8 .amazingaudioplayer-volume-bar-adjust { \tbackground-color: #222; \t-webkit-box-shadow: -1px -1px 0 rgba( 0, 0, 0, 0.5 ), 1px 1px 0 rgba( 255, 255, 255, 0.1 ); \t-moz-box-shadow: -1px -1px 0 rgba( 0, 0, 0, 0.5 ), 1px 1px 0 rgba( 255, 255, 255, 0.1 ); \tbox-shadow: -1px -1px 0 rgba( 0, 0, 0, 0.5 ), 1px 1px 0 rgba( 255, 255, 255, 0.1 ); }  #wonderpluginaudio-8 .amazingaudioplayer-volume-bar-adjust-active { \tbackground-color: #fcc500; \t-webkit-box-shadow: inset 0 0 5px rgba( 255, 255, 255, 0.5 ); \t-moz-box-shadow: inset 0 0 5px rgba( 255, 255, 255, 0.5 ); \tbox-shadow: inset 0 0 5px rgba( 255, 255, 255, 0.5 ); }  #wonderpluginaudio-8 .amazingaudioplayer-tracklist { \tdisplay: block; \tposition: relative; }  #wonderpluginaudio-8 .amazingaudioplayer-tracklist-container { \tdisplay: block; \tposition: relative; \tbackground-color: #333; \tborder: 1px solid #222; \t-webkit-border-radius: 2px;     -moz-border-radius: 2px;     border-radius: 2px; \tmargin: 4px; \tpadding: 12px 12px 16px; \t-webkit-box-shadow: inset 0 1px 0 rgba( 255, 255, 255, 0.15 ), 0 0 3px rgba( 0, 0, 0, 0.5 ); \t-moz-box-shadow: inset 0 1px 0 rgba( 255, 255, 255, 0.15 ), 0 0 3px rgba( 0, 0, 0, 0.5 ); \tbox-shadow: inset 0 1px 0 rgba( 255, 255, 255, 0.15 ), 0 0 3px rgba( 0, 0, 0, 0.5 ); \tbackground-image: -ms-linear-gradient(top, #444444 0%, #111111 100%); \tbackground-image: -moz-linear-gradient(top, #444444 0%, #111111 100%); \tbackground-image: -o-linear-gradient(top, #444444 0%, #111111 100%); \tbackground-image: -webkit-gradient(linear, left top, left bottom, color-stop(0, #444444), color-stop(1, #111111)); \tbackground-image: -webkit-linear-gradient(top, #444444 0%, #111111 100%); \tbackground-image: linear-gradient(to bottom, #444444 0%, #111111 100%); }  #wonderpluginaudio-8 .amazingaudioplayer-tracks-wrapper { \tposition: relative; }  #wonderpluginaudio-8 .amazingaudioplayer-tracks { \tposition: relative; \tlist-style-type: none; \tmargin: 0; \tpadding: 0; }  #wonderpluginaudio-8 .amazingaudioplayer-track-item { \tposition: relative; \tcursor: pointer; \tcolor: #999; \tfont-family: \\\"Open Sans\\\", Arial, sans-serif; \tfont-size: 12px; \ttext-shadow: 0 1px 1px rgba(0, 0, 0, 0.6); \tline-height: 22px; \tmargin: 0; \tpadding: 0; \ttext-align: left; }  #wonderpluginaudio-8 .amazingaudioplayer-track-item-active { \tcursor: pointer; \tcolor: #fff; }  #wonderpluginaudio-8 .amazingaudioplayer-track-item a { \tcolor: #999;     text-decoration: none; }  #wonderpluginaudio-8 .amazingaudioplayer-track-item-active a { \tcolor: #fff;     text-decoration: none; }  #wonderpluginaudio-8 .amazingaudioplayer-track-item-duration { \tposition: absolute; \ttop: 0; \tright: 0; }  #wonderpluginaudio-8 .amazingaudioplayer-tracklist-arrow-prev { \tposition: absolute; \tbottom: 2px; \tleft: 50%; \tmargin-left: -64px; }  #wonderpluginaudio-8 .amazingaudioplayer-tracklist-arrow-next { \tposition: absolute; \tbottom: 2px; \tleft: 50%; \tmargin-left: 16px; }  #wonderpluginaudio-8 .amazingaudioplayer-tracklist-clear { \tclear: both; } #wonderpluginaudio-8 .amazingaudioplayer-item-id {float: left; margin: 0 8px 0 0;}  #wonderpluginaudio-8 .amazingaudioplayer-item-info {float: right;}  #wonderpluginaudio-8 .amazingaudioplayer-item-title { \toverflow: hidden; } #wonderpluginaudio-8 .amazingaudioplayer-track-item:before, #wonderpluginaudio-8 .amazingaudioplayer-track-item:after {display: none;} #wonderpluginaudio-8 ul, #wonderpluginaudio-8 li { list-style-type: none;}\");<\/script><\/p>\n<\/div><\/div><\/div><div id=\"pgc-7360-2-1\"  class=\"panel-grid-cell\" ><div id=\"panel-7360-2-1-0\" class=\"so-panel widget widget_headers panel-first-child\" data-index=\"4\" ><div class=\"so-widget-headers so-widget-headers-base\"><h2 id=\"efterfragat-material-blir-tillgangligt\">Efterfr\u00e5gat material blir tillg\u00e4ngligt<\/h2>\n<\/div><\/div><div id=\"panel-7360-2-1-1\" class=\"so-panel widget widget_black-studio-tinymce widget_black_studio_tinymce panel-last-child\" data-index=\"5\" ><div class=\"textwidget\"><p>Sveriges Radios tidiga folkmusikinspelningar efterfr\u00e5gas ofta och finns i dag hos Svenskt visarkiv. Det har anv\u00e4nts som s\u00e5v\u00e4l k\u00e4llmaterial till musikforskning som till inspirationsk\u00e4lla f\u00f6r nya generationer folkmusiker. I runda tal r\u00f6r det sig om \u00f6ver 7 000 inspelade l\u00e5tar och visor med omkring 800 spelm\u00e4n och s\u00e5ngare som nu \u00e4r tillg\u00e4ngliga att lyssna p\u00e5 f\u00f6r alla.<\/p>\n<p><a title=\"Lyssna p\u00e5 inspelningarna\" href=\"http:\/\/katalog.visarkiv.se\/lib\/views\/srfolk\/HitList.aspx?ccl=find+xrfritext+%22\" target=\"_blank\">Lyssna p\u00e5 inspelningarna<\/a><\/p>\n<p>M\u00e4rta Ramsten, musiketnolog och tidigare chef f\u00f6r Svenskt visarkiv, har skrivit artikeln <em>Sveriges Radio, Matts Arnberg och folkmusiken \u2013 Ett stycke folkmusikhistoria i modern tid<\/em> som en del av sin <a title=\"doktorsavhandling\" href=\"http:\/\/urn.kb.se\/resolve?urn=urn:nbn:se:statensmusikverk-199\" target=\"_blank\">doktorsavhandling<\/a>. Texterna i den h\u00e4r presentationen \u00e4r baserade p\u00e5 hennes artikel.<\/p>\n<\/div><\/div><\/div><\/div><div id=\"pg-7360-3\"  class=\"panel-grid panel-no-style\" ><div id=\"pgc-7360-3-0\"  class=\"panel-grid-cell\" ><div id=\"panel-7360-3-0-0\" class=\"so-panel widget widget_puff_widget panel-first-child panel-last-child\" data-index=\"6\" >\t\t\t<div class=\"inner with_title with_text with_picture with_link\" >\r\n\t\t\t<a href=\"\/svensktvisarkiv\/artikel\/folkmusik-i-radio\/\">\t\t\t<div class=\"puff-picture\"><img src=\"\/svensktvisarkiv\/files\/2016\/10\/Radio-puff.jpg\" alt=\"Puff Picture\" \/><\/div>\t\t\t<h4>Folkmusik i radio<\/h4>\t\t\t<div class=\"puff-text\">Mats Arnberg spelade en stor roll f\u00f6r folkmusikens st\u00e4llning och plats i det folkliga rummet. L\u00e4s mer om hans arbete p\u00e5 Sveriges radio. <\/div>\t\t\t<\/a>\t\t\t<\/div>\r\n\t\t<\/div><\/div><div id=\"pgc-7360-3-1\"  class=\"panel-grid-cell\" ><div id=\"panel-7360-3-1-0\" class=\"so-panel widget widget_puff_widget panel-first-child panel-last-child\" data-index=\"7\" >\t\t\t<div class=\"inner with_title with_text with_picture with_link\" >\r\n\t\t\t<a href=\"\/svensktvisarkiv\/artikel\/radiotjansts-skivutgivning\/?lang=sv\">\t\t\t<div class=\"puff-picture\"><img src=\"https:\/\/musikverket.se\/svensktvisarkiv\/files\/2016\/10\/Folkmusik-p\u00e5-skiva.jpg\" alt=\"Puff Picture\" \/><\/div>\t\t\t<h4>Folkmusik p\u00e5 skiva<\/h4>\t\t\t<div class=\"puff-text\">Mellan 1949 och 1953 gav Radiotj\u00e4nst ut ett 30-tal skivor med folkmusik \u2013 samtliga producerades av Matts Arnberg. <\/div>\t\t\t<\/a>\t\t\t<\/div>\r\n\t\t<\/div><\/div><div id=\"pgc-7360-3-2\"  class=\"panel-grid-cell\" ><div id=\"panel-7360-3-2-0\" class=\"so-panel widget widget_puff_widget panel-first-child panel-last-child\" data-index=\"8\" >\t\t\t<div class=\"inner with_title with_text with_picture with_link\" >\r\n\t\t\t<a href=\"https:\/\/musikverket.se\/svensktvisarkiv\/artikel\/inspelningsresorna\/?lang=sv\">\t\t\t<div class=\"puff-picture\"><img src=\"https:\/\/musikverket.se\/svensktvisarkiv\/files\/2016\/10\/inspelningsresor-puff.jpg\" alt=\"Puff Picture\" \/><\/div>\t\t\t<h4>Inspelningsresorna<\/h4>\t\t\t<div class=\"puff-text\">Arnberg samlade material till sina folkmusikprogram under inspelningsresor i Sverige och i \u00f6vriga Norden under 50- och 60-talen. <\/div>\t\t\t<\/a>\t\t\t<\/div>\r\n\t\t<\/div><\/div><div id=\"pgc-7360-3-3\"  class=\"panel-grid-cell\" ><div id=\"panel-7360-3-3-0\" class=\"so-panel widget widget_puff_widget panel-first-child panel-last-child\" data-index=\"9\" >\t\t\t<div class=\"inner with_title with_text with_picture with_link\" >\r\n\t\t\t<a href=\"https:\/\/musikverket.se\/svensktvisarkiv\/artikel\/las-mer-om-inspelningarna\/?lang=sv\">\t\t\t<div class=\"puff-picture\"><img src=\"https:\/\/musikverket.se\/svensktvisarkiv\/files\/2016\/10\/las-mer-puff.jpg\" alt=\"Puff Picture\" \/><\/div>\t\t\t<h4>L\u00e4s mer!<\/h4>\t\t\t<div class=\"puff-text\">Det har skrivits flera artiklar om Sveriges Radios folkmusikinspelningar. L\u00e4s texter av Matts Arnberg, M\u00e4rta Ramsten och Sven-Bertil Jansson<\/div>\t\t\t<\/a>\t\t\t<\/div>\r\n\t\t<\/div><\/div><div id=\"pgc-7360-3-4\"  class=\"panel-grid-cell\" ><div id=\"panel-7360-3-4-0\" class=\"so-panel widget widget_puff_widget panel-first-child panel-last-child\" data-index=\"10\" >\t\t\t<div class=\"inner with_title with_text with_picture with_link\" >\r\n\t\t\t<a href=\"https:\/\/musikverket.se\/svensktvisarkiv\/moten-med-folkmusiken\/\">\t\t\t<div class=\"puff-picture\"><img src=\"https:\/\/musikverket.se\/svensktvisarkiv\/files\/2016\/10\/bilder-puff.jpg\" alt=\"Puff Picture\" \/><\/div>\t\t\t<h4>Bilder ur arkivet<\/h4>\t\t\t<div class=\"puff-text\">Hos Svenskt visarkiv bevaras Arnbergs efterl\u00e4mnade personarkiv. H\u00e4r visas utvalda delar av bildsamlingen. <\/div>\t\t\t<\/a>\t\t\t<\/div>\r\n\t\t<\/div><\/div><\/div><\/div>","protected":false},"excerpt":{"rendered":"<p>Matts Arnbergs resa i folkmusiken Det b\u00f6rjade p\u00e5 Sveriges Radio Midsommarhelgen 1948 direkts\u00e4nde Sveriges Radio en spelmansst\u00e4mma fr\u00e5n Visby. Ingen av de anst\u00e4llda p\u00e5 radions Musikavdelning ville offra midsommarledigheten f\u00f6r att \u00e5ka till Gotland, uppdraget gick d\u00e4rf\u00f6r till avdelningens yngste medarbetare \u2013 Matts Arnberg. Med bakgrund inom den klassiska musiken hade Arnberg dittills inte \u00e4gnat [&hellip;]<\/p>\n","protected":false},"author":70,"featured_media":0,"parent":0,"menu_order":0,"comment_status":"closed","ping_status":"closed","template":"","meta":{"ngg_post_thumbnail":0,"spay_email":""},"categories":[],"tags":[],"yoast_head":"<!-- This site is optimized with the Yoast SEO plugin v16.3 - https:\/\/yoast.com\/wordpress\/plugins\/seo\/ -->\n<meta name=\"robots\" content=\"index, follow, max-snippet:-1, max-image-preview:large, max-video-preview:-1\" \/>\n<link rel=\"canonical\" href=\"https:\/\/musikverket-old.test.consids5.se\/svensktvisarkiv\/arnbergs-resa-i-folkmusiken\/\" \/>\n<meta property=\"og:locale\" content=\"sv_SE\" \/>\n<meta property=\"og:type\" content=\"article\" \/>\n<meta property=\"og:title\" content=\"Matts Arnbergs resa i folkmusiken - Svenskt visarkiv\" \/>\n<meta property=\"og:description\" content=\"Matts Arnbergs resa i folkmusiken Det b\u00f6rjade p\u00e5 Sveriges Radio Midsommarhelgen 1948 direkts\u00e4nde Sveriges Radio en spelmansst\u00e4mma fr\u00e5n Visby. Ingen av de anst\u00e4llda p\u00e5 radions Musikavdelning ville offra midsommarledigheten f\u00f6r att \u00e5ka till Gotland, uppdraget gick d\u00e4rf\u00f6r till avdelningens yngste medarbetare \u2013 Matts Arnberg. Med bakgrund inom den klassiska musiken hade Arnberg dittills inte \u00e4gnat [&hellip;]\" \/>\n<meta property=\"og:url\" content=\"https:\/\/musikverket-old.test.consids5.se\/svensktvisarkiv\/arnbergs-resa-i-folkmusiken\/\" \/>\n<meta property=\"og:site_name\" content=\"Svenskt visarkiv\" \/>\n<meta property=\"article:modified_time\" content=\"2017-02-02T14:31:34+00:00\" \/>\n<meta property=\"og:image\" content=\"https:\/\/musikverket-old.test.consids5.se\/svensktvisarkiv\/files\/2016\/10\/Radio-puff.jpg\" \/>\n<meta name=\"twitter:label1\" content=\"Ber\u00e4knad l\u00e4stid\">\n\t<meta name=\"twitter:data1\" content=\"2 minuter\">\n<script type=\"application\/ld+json\" class=\"yoast-schema-graph\">{\"@context\":\"https:\/\/schema.org\",\"@graph\":[{\"@type\":\"WebSite\",\"@id\":\"https:\/\/musikverket-old.test.consids5.se\/svensktvisarkiv\/#website\",\"url\":\"https:\/\/musikverket-old.test.consids5.se\/svensktvisarkiv\/\",\"name\":\"Svenskt visarkiv\",\"description\":\"Bevarar folkmusik, \\u00e4ldre popul\\u00e4rmusik, jazz och inflyttade musiktraditioner\",\"potentialAction\":[{\"@type\":\"SearchAction\",\"target\":\"https:\/\/musikverket-old.test.consids5.se\/svensktvisarkiv\/?s={search_term_string}\",\"query-input\":\"required name=search_term_string\"}],\"inLanguage\":\"sv-SE\"},{\"@type\":\"ImageObject\",\"@id\":\"https:\/\/musikverket-old.test.consids5.se\/svensktvisarkiv\/arnbergs-resa-i-folkmusiken\/#primaryimage\",\"inLanguage\":\"sv-SE\",\"url\":\"\/svensktvisarkiv\/files\/2016\/10\/Radio-puff.jpg\",\"contentUrl\":\"\/svensktvisarkiv\/files\/2016\/10\/Radio-puff.jpg\"},{\"@type\":\"WebPage\",\"@id\":\"https:\/\/musikverket-old.test.consids5.se\/svensktvisarkiv\/arnbergs-resa-i-folkmusiken\/#webpage\",\"url\":\"https:\/\/musikverket-old.test.consids5.se\/svensktvisarkiv\/arnbergs-resa-i-folkmusiken\/\",\"name\":\"Matts Arnbergs resa i folkmusiken - Svenskt visarkiv\",\"isPartOf\":{\"@id\":\"https:\/\/musikverket-old.test.consids5.se\/svensktvisarkiv\/#website\"},\"primaryImageOfPage\":{\"@id\":\"https:\/\/musikverket-old.test.consids5.se\/svensktvisarkiv\/arnbergs-resa-i-folkmusiken\/#primaryimage\"},\"datePublished\":\"2016-10-18T13:36:00+00:00\",\"dateModified\":\"2017-02-02T14:31:34+00:00\",\"breadcrumb\":{\"@id\":\"https:\/\/musikverket-old.test.consids5.se\/svensktvisarkiv\/arnbergs-resa-i-folkmusiken\/#breadcrumb\"},\"inLanguage\":\"sv-SE\",\"potentialAction\":[{\"@type\":\"ReadAction\",\"target\":[\"https:\/\/musikverket-old.test.consids5.se\/svensktvisarkiv\/arnbergs-resa-i-folkmusiken\/\"]}]},{\"@type\":\"BreadcrumbList\",\"@id\":\"https:\/\/musikverket-old.test.consids5.se\/svensktvisarkiv\/arnbergs-resa-i-folkmusiken\/#breadcrumb\",\"itemListElement\":[{\"@type\":\"ListItem\",\"position\":1,\"item\":{\"@type\":\"WebPage\",\"@id\":\"https:\/\/musikverket-old.test.consids5.se\/svensktvisarkiv\/\",\"url\":\"https:\/\/musikverket-old.test.consids5.se\/svensktvisarkiv\/\",\"name\":\"Hem\"}},{\"@type\":\"ListItem\",\"position\":2,\"item\":{\"@id\":\"https:\/\/musikverket-old.test.consids5.se\/svensktvisarkiv\/arnbergs-resa-i-folkmusiken\/#webpage\"}}]}]}<\/script>\n<!-- \/ Yoast SEO plugin. -->","jetpack_shortlink":"https:\/\/wp.me\/P2Zwnz-1UI","jetpack_sharing_enabled":true,"_links":{"self":[{"href":"https:\/\/musikverket-old.test.consids5.se\/svensktvisarkiv\/wp-json\/wp\/v2\/pages\/7360"}],"collection":[{"href":"https:\/\/musikverket-old.test.consids5.se\/svensktvisarkiv\/wp-json\/wp\/v2\/pages"}],"about":[{"href":"https:\/\/musikverket-old.test.consids5.se\/svensktvisarkiv\/wp-json\/wp\/v2\/types\/page"}],"author":[{"embeddable":true,"href":"https:\/\/musikverket-old.test.consids5.se\/svensktvisarkiv\/wp-json\/wp\/v2\/users\/70"}],"replies":[{"embeddable":true,"href":"https:\/\/musikverket-old.test.consids5.se\/svensktvisarkiv\/wp-json\/wp\/v2\/comments?post=7360"}],"version-history":[{"count":0,"href":"https:\/\/musikverket-old.test.consids5.se\/svensktvisarkiv\/wp-json\/wp\/v2\/pages\/7360\/revisions"}],"wp:attachment":[{"href":"https:\/\/musikverket-old.test.consids5.se\/svensktvisarkiv\/wp-json\/wp\/v2\/media?parent=7360"}],"wp:term":[{"taxonomy":"category","embeddable":true,"href":"https:\/\/musikverket-old.test.consids5.se\/svensktvisarkiv\/wp-json\/wp\/v2\/categories?post=7360"},{"taxonomy":"post_tag","embeddable":true,"href":"https:\/\/musikverket-old.test.consids5.se\/svensktvisarkiv\/wp-json\/wp\/v2\/tags?post=7360"}],"curies":[{"name":"wp","href":"https:\/\/api.w.org\/{rel}","templated":true}]}}