{"id":7982,"date":"2017-03-02T11:30:46","date_gmt":"2017-03-02T10:30:46","guid":{"rendered":"https:\/\/musikverket.se\/svensktvisarkiv\/?page_id=7982"},"modified":"2017-03-02T11:46:25","modified_gmt":"2017-03-02T10:46:25","slug":"1970-tal","status":"publish","type":"page","link":"https:\/\/musikverket-old.test.consids5.se\/svensktvisarkiv\/i-samlingarna\/fotografier\/christer-landergrens-samling\/1970-tal\/","title":{"rendered":"1970-tal"},"content":{"rendered":"<div id=\"pl-7982\"  class=\"panel-layout\" ><div id=\"pg-7982-0\"  class=\"panel-grid panel-no-style\" ><div id=\"pgc-7982-0-0\"  class=\"panel-grid-cell\" ><div id=\"panel-7982-0-0-0\" class=\"so-panel widget widget_headers panel-first-child panel-last-child\" data-index=\"0\" ><div class=\"so-widget-headers so-widget-headers-base\"><h1 id=\"1970-talets-jazzscen\">1970-talets jazzscen<\/h1>\n<\/div><\/div><\/div><\/div><div id=\"pg-7982-1\"  class=\"panel-grid panel-no-style\" ><div id=\"pgc-7982-1-0\"  class=\"panel-grid-cell panel-grid-cell-mobile-last\" ><div id=\"panel-7982-1-0-0\" class=\"so-panel widget widget_black-studio-tinymce widget_black_studio_tinymce panel-first-child panel-last-child\" data-index=\"1\" ><div class=\"textwidget\"><p><em>En v\u00e4rld i f\u00f6r\u00e4ndring p\u00e5verkar \u00e4ven musiken. Jazzen hittade hem, utvecklades och stadgades. <\/em><\/p>\n<\/div><\/div><\/div><div id=\"pgc-7982-1-1\"  class=\"panel-grid-cell panel-grid-cell-empty\" ><\/div><\/div><div id=\"pg-7982-2\"  class=\"panel-grid panel-has-style\" ><div class=\"siteorigin-panels-stretch panel-row-style panel-row-style-for-7982-2\" data-stretch-type=\"full-stretched\" ><div id=\"pgc-7982-2-0\"  class=\"panel-grid-cell\" ><div id=\"panel-7982-2-0-0\" class=\"so-panel widget widget_slideshow_widget panel-first-child panel-last-child\" data-index=\"2\" >\n\n<div class=\"slideshow-container\" style=\"background: black\">\n  <div data-duration=\"10\" class=\"slideshow standard\">\n    <ul class=\"inner centrerad\">\n    <li class=\"item\"><img class=\"image\" src=\"\/svensktvisarkiv\/files\/2017\/03\/Robert_Malmberg_Red_Mitchell_toppsnurra.jpg\" alt=\"\" \/><div class=\"content\"><p><\/p><p><\/p><\/div><\/li>    <\/ul>\n  <\/div>\n<\/div>\n\n\t\t<\/div><\/div><\/div><\/div><div id=\"pg-7982-3\"  class=\"panel-grid panel-no-style\" ><div id=\"pgc-7982-3-0\"  class=\"panel-grid-cell panel-grid-cell-mobile-last\" ><div id=\"panel-7982-3-0-0\" class=\"so-panel widget widget_black-studio-tinymce widget_black_studio_tinymce panel-first-child panel-last-child\" data-index=\"3\" ><div class=\"textwidget\"><p>70-talet var ett mots\u00e4gelsefullt decennium. \u00c5 ena sidan radikaliserades jazzen musikaliskt, med influenser fr\u00e5n olika musikkulturer och med avancerad och komplex teknik. \u00c4mnad f\u00f6r en mer initierad och lyssnande publik. \u00c5 andra sidan fanns samtidigt en \u00e5terg\u00e5ng till tidigare ideal och format, med en bred och lyssnarv\u00e4nlig musik d\u00e4r jazzens funktion som bruksmusik till dans fick ett uppsving. Under 70-talet bildades m\u00e5nga storband runt om i landet, som inte minst blev en viktig skola f\u00f6r m\u00e5nga yngre musiker.<\/p>\n<p>Kreativa jazzmusiker har alltid varit \u00f6ppna och lyh\u00f6rda f\u00f6r s\u00e5 kallad annan musik, som integreras i det r\u00e5dande idealet f\u00f6r genren och som bidrar till att f\u00f6ra musiken fram\u00e5t i olika riktningar. P\u00e5 s\u00e5 vis var jazzen redan fr\u00e5n b\u00f6rjan stadd i en st\u00e4ndig utveckling.<\/p>\n<p>Det sena 60-talets politiska och kulturella omv\u00e4lvningar i en allt mer globaliserad v\u00e4rld r\u00f6rde p\u00e5 olika s\u00e4tt om i det svenska samh\u00e4llet. Det m\u00e4rktes inte minst inom musiken. F\u00f6r jazzens del innebar det en st\u00f6rre variation av stilar och uttryck som h\u00e4mtade inspiration fr\u00e5n m\u00e5nga olika h\u00e5ll, n\u00e5got som ocks\u00e5 kom att utm\u00e4rka mycket av den musik som gjordes under 70-talet.<\/p>\n<h2>Hittade hem<\/h2>\n<p>Ekonomiskt fick jazzen i Sverige det n\u00e5got b\u00e4ttre \u00e4n under 60-talet. Statlig subventionering m\u00f6jliggjorde konserter, turn\u00e9er och skivutgivningar. Jazzen st\u00e4rkte sin status som konstmusik. Musikformen fick ocks\u00e5 tilltr\u00e4de till utbildningsv\u00e4sendet och undervisades p\u00e5 folk- och musikh\u00f6gskolor.<\/p>\n<p>Jazzen var inledningsvis heml\u00f6s och h\u00e4nvisad till tillf\u00e4lliga klubbar, restauranger och k\u00e4llarlokaler. Under 70-talets fick den dock fasta scener i flera svenska st\u00e4der, till exempel Jazzclub Fasching i Stockholm som \u00f6ppnade 1977 i jazzmusikernas egen regi. Jazzen hittade ocks\u00e5 helt nya scener som utomhusfestivaler och kyrkorummet.<\/p>\n<p>Jazzens instrumentalister dominerades dock under 70-talet av m\u00e4n. \u00c4ven om flera framst\u00e5ende kvinnliga musiker kom fram under decenniet och senare mer uppm\u00e4rksammades s\u00e5 var de flesta i f\u00f6rsta hand s\u00e5ngerskor.<\/p>\n<h2>Nya influenser<\/h2>\n<p>Gruppnamnen f\u00f6r\u00e4ndras till mer kollektiva och m\u00e5nga g\u00e5nger fantasifulla namn. Frisyrer och kl\u00e4der antog det r\u00e5dande modet och borta var de enhetliga scenkostymerna. Popmusikens sound med elf\u00f6rst\u00e4rkta instrument och publika tilltal inspirerade till fusionsjazzen, som blev ganska stor i Sverige under 70-talet.<\/p>\n<p>Intresset f\u00f6r delvis ok\u00e4nda musikkulturer fr\u00e5n l\u00e4nder utanf\u00f6r Europa ledde till att jazzen blev en slags v\u00e4rldsmusik, d\u00e4r inspiration samtidigt h\u00e4mtades fr\u00e5n den svenska folkmusiken. H\u00e4r fanns ut\u00f6ver sj\u00e4lva musiken ocks\u00e5 en solidaritet med kulturer och l\u00e4nder vars rikedomar tr\u00e4ngts tillbaka av den v\u00e4sterl\u00e4ndska imperialistiska kulturen och kolonialismen, n\u00e5got som politiskt l\u00e5g helt r\u00e4tt i tiden p\u00e5 70-talet.<\/p>\n<p>60-talets amerikanska svarta, radikala, frihetstr\u00e4vande, energifyllda och spirituella frijazz fick flera efterf\u00f6ljare i Sverige. F\u00f6r dessa musiker handlade det mycket om att f\u00f6rs\u00f6ka spr\u00e4nga ramarna och \u00f6ppna upp f\u00f6r n\u00e5got nytt.<\/p>\n<p>Svenska jazzmusiker spelade mest p\u00e5 hemmaplan och gjorde f\u00e5 turn\u00e9er utanf\u00f6r landets gr\u00e4nser. Under hela 70-talet fortsatte de h\u00f6gklassiga internationella bes\u00f6ken att komma till Sverige och m\u00e5nga g\u00e4stande solister spelade med svenska komp.<\/p>\n<\/div><\/div><\/div><div id=\"pgc-7982-3-1\"  class=\"panel-grid-cell panel-grid-cell-empty\" ><\/div><\/div><\/div>","protected":false},"excerpt":{"rendered":"<p>En v\u00e4rld i f\u00f6r\u00e4ndring p\u00e5verkar \u00e4ven musiken. Jazzen hittade hem, utvecklades och stadgades.<\/p>\n","protected":false},"author":70,"featured_media":0,"parent":6117,"menu_order":0,"comment_status":"closed","ping_status":"closed","template":"","meta":{"ngg_post_thumbnail":0,"spay_email":""},"categories":[],"tags":[],"yoast_head":"<!-- This site is optimized with the Yoast SEO plugin v16.3 - https:\/\/yoast.com\/wordpress\/plugins\/seo\/ -->\n<meta name=\"robots\" content=\"index, follow, max-snippet:-1, max-image-preview:large, max-video-preview:-1\" \/>\n<link rel=\"canonical\" href=\"https:\/\/musikverket-old.test.consids5.se\/svensktvisarkiv\/i-samlingarna\/fotografier\/christer-landergrens-samling\/1970-tal\/\" \/>\n<meta property=\"og:locale\" content=\"sv_SE\" \/>\n<meta property=\"og:type\" content=\"article\" \/>\n<meta property=\"og:title\" content=\"1970-tal - Svenskt visarkiv\" \/>\n<meta property=\"og:description\" content=\"En v\u00e4rld i f\u00f6r\u00e4ndring p\u00e5verkar \u00e4ven musiken. Jazzen hittade hem, utvecklades och stadgades.\" \/>\n<meta property=\"og:url\" content=\"https:\/\/musikverket-old.test.consids5.se\/svensktvisarkiv\/i-samlingarna\/fotografier\/christer-landergrens-samling\/1970-tal\/\" \/>\n<meta property=\"og:site_name\" content=\"Svenskt visarkiv\" \/>\n<meta property=\"article:modified_time\" content=\"2017-03-02T10:46:25+00:00\" \/>\n<meta property=\"og:image\" content=\"https:\/\/musikverket-old.test.consids5.se\/svensktvisarkiv\/files\/2017\/03\/Robert_Malmberg_Red_Mitchell_toppsnurra.jpg\" \/>\n<meta name=\"twitter:label1\" content=\"Ber\u00e4knad l\u00e4stid\">\n\t<meta name=\"twitter:data1\" content=\"3 minuter\">\n<script type=\"application\/ld+json\" class=\"yoast-schema-graph\">{\"@context\":\"https:\/\/schema.org\",\"@graph\":[{\"@type\":\"WebSite\",\"@id\":\"https:\/\/musikverket-old.test.consids5.se\/svensktvisarkiv\/#website\",\"url\":\"https:\/\/musikverket-old.test.consids5.se\/svensktvisarkiv\/\",\"name\":\"Svenskt visarkiv\",\"description\":\"Bevarar folkmusik, \\u00e4ldre popul\\u00e4rmusik, jazz och inflyttade musiktraditioner\",\"potentialAction\":[{\"@type\":\"SearchAction\",\"target\":\"https:\/\/musikverket-old.test.consids5.se\/svensktvisarkiv\/?s={search_term_string}\",\"query-input\":\"required name=search_term_string\"}],\"inLanguage\":\"sv-SE\"},{\"@type\":\"ImageObject\",\"@id\":\"https:\/\/musikverket-old.test.consids5.se\/svensktvisarkiv\/i-samlingarna\/fotografier\/christer-landergrens-samling\/1970-tal\/#primaryimage\",\"inLanguage\":\"sv-SE\",\"url\":\"\/svensktvisarkiv\/files\/2017\/03\/Robert_Malmberg_Red_Mitchell_toppsnurra.jpg\",\"contentUrl\":\"\/svensktvisarkiv\/files\/2017\/03\/Robert_Malmberg_Red_Mitchell_toppsnurra.jpg\"},{\"@type\":\"WebPage\",\"@id\":\"https:\/\/musikverket-old.test.consids5.se\/svensktvisarkiv\/i-samlingarna\/fotografier\/christer-landergrens-samling\/1970-tal\/#webpage\",\"url\":\"https:\/\/musikverket-old.test.consids5.se\/svensktvisarkiv\/i-samlingarna\/fotografier\/christer-landergrens-samling\/1970-tal\/\",\"name\":\"1970-tal - Svenskt visarkiv\",\"isPartOf\":{\"@id\":\"https:\/\/musikverket-old.test.consids5.se\/svensktvisarkiv\/#website\"},\"primaryImageOfPage\":{\"@id\":\"https:\/\/musikverket-old.test.consids5.se\/svensktvisarkiv\/i-samlingarna\/fotografier\/christer-landergrens-samling\/1970-tal\/#primaryimage\"},\"datePublished\":\"2017-03-02T10:30:46+00:00\",\"dateModified\":\"2017-03-02T10:46:25+00:00\",\"breadcrumb\":{\"@id\":\"https:\/\/musikverket-old.test.consids5.se\/svensktvisarkiv\/i-samlingarna\/fotografier\/christer-landergrens-samling\/1970-tal\/#breadcrumb\"},\"inLanguage\":\"sv-SE\",\"potentialAction\":[{\"@type\":\"ReadAction\",\"target\":[\"https:\/\/musikverket-old.test.consids5.se\/svensktvisarkiv\/i-samlingarna\/fotografier\/christer-landergrens-samling\/1970-tal\/\"]}]},{\"@type\":\"BreadcrumbList\",\"@id\":\"https:\/\/musikverket-old.test.consids5.se\/svensktvisarkiv\/i-samlingarna\/fotografier\/christer-landergrens-samling\/1970-tal\/#breadcrumb\",\"itemListElement\":[{\"@type\":\"ListItem\",\"position\":1,\"item\":{\"@type\":\"WebPage\",\"@id\":\"https:\/\/musikverket-old.test.consids5.se\/svensktvisarkiv\/\",\"url\":\"https:\/\/musikverket-old.test.consids5.se\/svensktvisarkiv\/\",\"name\":\"Hem\"}},{\"@type\":\"ListItem\",\"position\":2,\"item\":{\"@type\":\"WebPage\",\"@id\":\"https:\/\/musikverket-old.test.consids5.se\/svensktvisarkiv\/i-samlingarna\/\",\"url\":\"https:\/\/musikverket-old.test.consids5.se\/svensktvisarkiv\/i-samlingarna\/\",\"name\":\"Samlingar\"}},{\"@type\":\"ListItem\",\"position\":3,\"item\":{\"@type\":\"WebPage\",\"@id\":\"https:\/\/musikverket-old.test.consids5.se\/svensktvisarkiv\/i-samlingarna\/fotografier\/\",\"url\":\"https:\/\/musikverket-old.test.consids5.se\/svensktvisarkiv\/i-samlingarna\/fotografier\/\",\"name\":\"Fotografier\"}},{\"@type\":\"ListItem\",\"position\":4,\"item\":{\"@type\":\"WebPage\",\"@id\":\"https:\/\/musikverket-old.test.consids5.se\/svensktvisarkiv\/i-samlingarna\/fotografier\/christer-landergrens-samling\/\",\"url\":\"https:\/\/musikverket-old.test.consids5.se\/svensktvisarkiv\/i-samlingarna\/fotografier\/christer-landergrens-samling\/\",\"name\":\"Christer Landergrens samling\"}},{\"@type\":\"ListItem\",\"position\":5,\"item\":{\"@id\":\"https:\/\/musikverket-old.test.consids5.se\/svensktvisarkiv\/i-samlingarna\/fotografier\/christer-landergrens-samling\/1970-tal\/#webpage\"}}]}]}<\/script>\n<!-- \/ Yoast SEO plugin. -->","jetpack_shortlink":"https:\/\/wp.me\/P2Zwnz-24K","jetpack_sharing_enabled":true,"_links":{"self":[{"href":"https:\/\/musikverket-old.test.consids5.se\/svensktvisarkiv\/wp-json\/wp\/v2\/pages\/7982"}],"collection":[{"href":"https:\/\/musikverket-old.test.consids5.se\/svensktvisarkiv\/wp-json\/wp\/v2\/pages"}],"about":[{"href":"https:\/\/musikverket-old.test.consids5.se\/svensktvisarkiv\/wp-json\/wp\/v2\/types\/page"}],"author":[{"embeddable":true,"href":"https:\/\/musikverket-old.test.consids5.se\/svensktvisarkiv\/wp-json\/wp\/v2\/users\/70"}],"replies":[{"embeddable":true,"href":"https:\/\/musikverket-old.test.consids5.se\/svensktvisarkiv\/wp-json\/wp\/v2\/comments?post=7982"}],"version-history":[{"count":0,"href":"https:\/\/musikverket-old.test.consids5.se\/svensktvisarkiv\/wp-json\/wp\/v2\/pages\/7982\/revisions"}],"up":[{"embeddable":true,"href":"https:\/\/musikverket-old.test.consids5.se\/svensktvisarkiv\/wp-json\/wp\/v2\/pages\/6117"}],"wp:attachment":[{"href":"https:\/\/musikverket-old.test.consids5.se\/svensktvisarkiv\/wp-json\/wp\/v2\/media?parent=7982"}],"wp:term":[{"taxonomy":"category","embeddable":true,"href":"https:\/\/musikverket-old.test.consids5.se\/svensktvisarkiv\/wp-json\/wp\/v2\/categories?post=7982"},{"taxonomy":"post_tag","embeddable":true,"href":"https:\/\/musikverket-old.test.consids5.se\/svensktvisarkiv\/wp-json\/wp\/v2\/tags?post=7982"}],"curies":[{"name":"wp","href":"https:\/\/api.w.org\/{rel}","templated":true}]}}