{"id":8048,"date":"2017-06-12T12:57:42","date_gmt":"2017-06-12T10:57:42","guid":{"rendered":"https:\/\/musikverket.se\/svensktvisarkiv\/?page_id=8048"},"modified":"2019-11-11T16:41:51","modified_gmt":"2019-11-11T15:41:51","slug":"medeltida-ballader","status":"publish","type":"page","link":"https:\/\/musikverket-old.test.consids5.se\/svensktvisarkiv\/medeltida-ballader\/","title":{"rendered":"Medeltida ballader"},"content":{"rendered":"<div id=\"pl-8048\"  class=\"panel-layout\" ><div id=\"pg-8048-0\"  class=\"panel-grid panel-no-style\" ><div id=\"pgc-8048-0-0\"  class=\"panel-grid-cell\" ><div id=\"panel-8048-0-0-0\" class=\"so-panel widget widget_headers panel-first-child panel-last-child\" data-index=\"0\" ><div class=\"so-widget-headers so-widget-headers-base\"><h1 id=\"medeltida-ballader\">Medeltida ballader<\/h1>\n<\/div><\/div><\/div><\/div><div id=\"pg-8048-1\"  class=\"panel-grid panel-no-style\" ><div id=\"pgc-8048-1-0\"  class=\"panel-grid-cell panel-grid-cell-mobile-last\" ><div id=\"panel-8048-1-0-0\" class=\"so-panel widget widget_black-studio-tinymce widget_black_studio_tinymce panel-first-child panel-last-child\" data-index=\"1\" ><div class=\"textwidget\"><p><em>Svenskt visarkiv har arbetat med att dokumentera, ge ut och forska kring ballader sedan 1950-talet.&nbsp;<\/em><em>H\u00e4r kan du lyssna p\u00e5 inspelningar och ta del av texter och melodier. Du kan ocks\u00e5 l\u00e4sa om balladernas historia, inneh\u00e5ll, form och mycket mer.<\/em><em> &nbsp;<\/em><\/p>\n<p><em> &nbsp;<\/em><\/p>\n<\/div><\/div><\/div><div id=\"pgc-8048-1-1\"  class=\"panel-grid-cell panel-grid-cell-empty\" ><\/div><\/div><div id=\"pg-8048-2\"  class=\"panel-grid panel-has-style\" ><div class=\"siteorigin-panels-stretch panel-row-style panel-row-style-for-8048-2\" data-stretch-type=\"full-stretched\" ><div id=\"pgc-8048-2-0\"  class=\"panel-grid-cell\" ><div id=\"panel-8048-2-0-0\" class=\"so-panel widget widget_slideshow_widget panel-first-child panel-last-child\" data-index=\"2\" >\n\n<div class=\"slideshow-container\" style=\"background: white\">\n  <div data-duration=\"10\" class=\"slideshow standard\">\n    <ul class=\"inner centrerad\">\n    <li class=\"item\"><img class=\"image\" src=\"https:\/\/musikverket.se\/svensktvisarkiv\/files\/2017\/06\/Toppsnurra.jpg\" alt=\"\" \/><div class=\"content\"><p><\/p><p><\/p><\/div><\/li>    <\/ul>\n  <\/div>\n<\/div>\n\n\t\t<\/div><\/div><\/div><\/div><div id=\"pg-8048-3\"  class=\"panel-grid panel-no-style\" ><div id=\"pgc-8048-3-0\"  class=\"panel-grid-cell\" ><div id=\"panel-8048-3-0-0\" class=\"so-panel widget widget_black-studio-tinymce widget_black_studio_tinymce panel-first-child panel-last-child\" data-index=\"3\" ><div class=\"textwidget\"><p>Traditionella ballader \u2013 eller medeltida ballader, som de brukar kallas i Skandinavien \u2013 \u00e4r l\u00e5nga, ber\u00e4ttande visor med omkv\u00e4de (refr\u00e4ng). Ballader har sjungits i flera hundra \u00e5r och \u00e4r fortfarande popul\u00e4ra. M\u00e5nga av dem ber\u00e4ttar om konflikter mellan olika krafter i m\u00e4nniskors liv och i samh\u00e4llet, med en allm\u00e4ngiltig k\u00e4rna innanf\u00f6r det \u00e5lderdomliga spr\u00e5ket.<\/p>\n<p>Balladerna handlar om riddare och jungfrur, vallflickor och tiggare, b\u00f6nder eller \u00f6vernaturliga varelser, regelbrott och straff, v\u00e5ld och ond br\u00e5d d\u00f6d, f\u00f6r\u00e4lskelse och passion, tv\u00e5ngsgiften och barns\u00e4ngar, bedr\u00e4gerier och sk\u00e4mt. Milj\u00f6n har oftast drag av ett obest\u00e4mt medeltida Europa eller folksagornas v\u00e4rld, men vi hittar \u00f6verraskande moderna inslag i varianter fr\u00e5n 1900-talet, till exempel har jungfrun som sydde guld p\u00e5 skinn (broderade) blivit jungfrun som sydde p\u00e5 maskin.<\/p>\n<h2>M\u00e5nga varianter i muntlig \u00f6verf\u00f6ring<\/h2>\n<p>Balladerna har en best\u00e4md versform med n\u00e5gra variationer. De skandinaviska balladerna ing\u00e5r i en st\u00f6rre s\u00e5ngkultur som \u00e4r gemensam f\u00f6r stora delar av Europa, liksom Nord- och Latinamerika dit balladerna har kommit med immigranter fr\u00e5n Brittiska \u00f6arna, Spanien och Portugal.<\/p>\n<p>Ballader utg\u00f6r en huvudsakligen muntlig kultur. S\u00e5 gott som alla melodier och de allra flesta texterna har \u00f6verf\u00f6rts via geh\u00f6r fr\u00e5n generation till generation \u2013 d\u00e4rf\u00f6r har det skapats m\u00e5nga varianter av varje balladtext, och \u00e4ven melodierna finns i flera likartade varianter. Samma ballad kan sjungas p\u00e5 flera olika melodier, liksom m\u00e5nga balladmelodier kan anv\u00e4ndas till flera olika texter.<\/p>\n<p>Ett exempel \u00e4r visan&nbsp;<em>Den bergtagna<\/em>&nbsp;som finns dokumenterad i cirka 50 olika varianter:<\/p>\n<\/div><\/div><\/div><div id=\"pgc-8048-3-1\"  class=\"panel-grid-cell\" ><div id=\"panel-8048-3-1-0\" class=\"so-panel widget widget_black-studio-tinymce widget_black_studio_tinymce panel-first-child panel-last-child\" data-index=\"4\" ><div class=\"textwidget\"><p>S\u00e5 lyder de tv\u00e5 f\u00f6rsta verserna av 22 i en uppteckning som insamlaren Arvid August Afzelius gjorde i V\u00e4sterg\u00f6tland 1811. Det h\u00e4r korta exemplet inneh\u00e5ller flera f\u00f6r ballader vanliga drag: Formen utg\u00f6rs av tv\u00e5 textfraser, ett mellanomkv\u00e4de och ett slutomkv\u00e4de. Ber\u00e4ttarstilen \u00e4r objektiv i tredje person, varvat med dialog mellan de ing\u00e5ende personerna, och skeendet skildras i en rad scenbilder. Inneh\u00e5llet omfattar ett \u00f6desdigert m\u00f6te mellan en jordisk person och ett \u00f6vernaturligt v\u00e4sen. Omkv\u00e4dena signalerar ett olyckligt slut redan i visans b\u00f6rjan, och redan i de f\u00f6rsta stroferna finns ett par formler som \u201dh\u00f6ga berget\u201d och \u201dfingrarna sm\u00e5\u201d.<\/p>\n<h2>Forts\u00e4tter leva och f\u00f6r\u00e4ndras<\/h2>\n<p>M\u00e5nga s\u00e5ngare och folkmusiker framf\u00f6r ballader i dag. Ofta spelar man in ballader tillsammans med andra visor och l\u00e5tar p\u00e5 cd eller andra ljudmedier. Den stiliserade milj\u00f6n, den lakoniska, objektiva ber\u00e4ttandestilen och det dramatiska skeendet ger utrymme f\u00f6r st\u00e4ndigt nya tolkningar. Eftersom vi i dag genom utg\u00e5van Sveriges Medeltida Ballader samt utgivna arkivinspelningar har tillg\u00e5ng till en mycket stor m\u00e4ngd uppteckningar och inspelningar \u00e4r det fullt m\u00f6jligt att plocka text och melodi fr\u00e5n olika varianter eller skriva en egen melodi, att pussla ihop verser f\u00f6r att skapa sin egen ber\u00e4ttelse. Kort sagt forts\u00e4tter balladerna att leva och f\u00f6r\u00e4ndras.<\/p>\n<p>Svenskt visarkiv har sysslat med dokumentation, utgivning och forskning kring ballader sedan 1950-talet och bland annat givit ut det stora samlingsverket <a title=\"\" href=\"\/svensktvisarkiv\/artikel\/sveriges-medeltida-ballader\/\">Sveriges Medeltida Ballader (SMB) <\/a>i sju band. Tillsammans med Sveriges Radio och <a title=\"Caprice Records\" href=\"\/capricerecords\/\">Caprice Records<\/a> har Visarkivet ocks\u00e5 givit ut cd:n <a title=\"Den medeltida balladen\" href=\"\/capricerecords\/artikel\/den-medeltida-balladen\/\">Den medeltida balladen<\/a> med f\u00e4ltinspelningar ur arkiven. P\u00e5 den h\u00e4r sidan kan du ta del av smakprov ur b\u00e5da dessa publikationer. Sveriges medeltida ballader finns digitalt tillg\u00e4nglig i sin helhet hos <a href=\"https:\/\/litteraturbanken.se\/forfattare\/SvensktVisarkiv\/titlar\">Litteraturbanken<\/a>.&nbsp;<\/p>\n<\/div><\/div><\/div><\/div><div id=\"pg-8048-4\"  class=\"panel-grid panel-no-style\" ><div id=\"pgc-8048-4-0\"  class=\"panel-grid-cell\" ><div id=\"panel-8048-4-0-0\" class=\"so-panel widget widget_black-studio-tinymce widget_black_studio_tinymce panel-first-child panel-last-child\" data-index=\"5\" ><div class=\"textwidget\"><blockquote>\n<p><em>Och Jungfrun hon skulle sig till Ottes\u00e5ngen g\u00e5<\/em><br \/><em>- Tiden g\u00f6rs mig l\u00e5ng<\/em><br \/><em>S\u00e5 gick hon den v\u00e4gen, d\u00e4r h\u00f6ga berget l\u00e5g<\/em><br \/><em>- Men jag vet att sorgen \u00e4r tung.<\/em><\/p>\n<p><em>Hon klappa p\u00e5 Bergad\u00f6r\u2019n med fingrarna sm\u00e5<\/em><br \/><em>- Tiden g\u00f6rs mig l\u00e5ng<\/em><br \/><em>Statt upp du store Bergakung dra l\u00e5sen ifr\u00e5<\/em><br \/><em>- Men jag vet att sorgen \u00e4r tung.<\/em><\/p>\n<\/blockquote>\n<\/div><\/div><\/div><div id=\"pgc-8048-4-1\"  class=\"panel-grid-cell\" ><div id=\"panel-8048-4-1-0\" class=\"so-panel widget widget_black-studio-tinymce widget_black_studio_tinymce panel-first-child panel-last-child\" data-index=\"6\" ><div class=\"textwidget\"><p><div id=\"attachment_8053\" style=\"width: 262px\" class=\"wp-caption alignnone\"><a title=\"\" href=\"https:\/\/musikverket.se\/svensktvisarkiv\/files\/2017\/06\/Not-Den-bergtagna.jpg\" target=\"_blank\"><img aria-describedby=\"caption-attachment-8053\" class=\"size-medium wp-image-8053\" src=\"https:\/\/musikverket.se\/svensktvisarkiv\/files\/2017\/06\/Not-Den-bergtagna-252x300.jpg\" alt=\"Not: Den Bergtagna\" width=\"252\" height=\"300\"><\/a><p id=\"caption-attachment-8053\" class=\"wp-caption-text\">Not: Den Bergtagna<\/p><\/div><\/p>\n<\/div><\/div><\/div><\/div><div id=\"pg-8048-5\"  class=\"panel-grid panel-no-style\" ><div id=\"pgc-8048-5-0\"  class=\"panel-grid-cell\" ><div id=\"panel-8048-5-0-0\" class=\"so-panel widget widget_headers panel-first-child panel-last-child\" data-index=\"7\" ><div class=\"so-widget-headers so-widget-headers-base\"><h2 id=\"las-mer-och-lyssna-pa-ballader\">L\u00e4s mer och lyssna p\u00e5 ballader<\/h2>\n<\/div><\/div><\/div><\/div><div id=\"pg-8048-6\"  class=\"panel-grid panel-no-style\" ><div id=\"pgc-8048-6-0\"  class=\"panel-grid-cell\" ><div id=\"panel-8048-6-0-0\" class=\"so-panel widget widget_puff_widget panel-first-child panel-last-child\" data-index=\"8\" >\t\t\t<div class=\"inner with_title with_picture with_link\" >\r\n\t\t\t<a href=\"\/svensktvisarkiv\/artikel\/balladernas-form\/\">\t\t\t<div class=\"puff-picture\"><img src=\"\/svensktvisarkiv\/files\/2017\/06\/form-puff.jpg\" alt=\"Puff Picture\" \/><\/div>\t\t\t<h4>Balladernas form<\/h4>\t\t\t\t\t\t<\/a>\t\t\t<\/div>\r\n\t\t<\/div><\/div><div id=\"pgc-8048-6-1\"  class=\"panel-grid-cell\" ><div id=\"panel-8048-6-1-0\" class=\"so-panel widget widget_puff_widget panel-first-child panel-last-child\" data-index=\"9\" >\t\t\t<div class=\"inner with_title with_picture with_link\" >\r\n\t\t\t<a href=\"\/svensktvisarkiv\/artikel\/hur-berattas-ballader\/\">\t\t\t<div class=\"puff-picture\"><img src=\"\/svensktvisarkiv\/files\/2017\/06\/berattas-artikel.jpg\" alt=\"Puff Picture\" \/><\/div>\t\t\t<h4>Hur ber\u00e4ttas ballader? <\/h4>\t\t\t\t\t\t<\/a>\t\t\t<\/div>\r\n\t\t<\/div><\/div><div id=\"pgc-8048-6-2\"  class=\"panel-grid-cell\" ><div id=\"panel-8048-6-2-0\" class=\"so-panel widget widget_puff_widget panel-first-child panel-last-child\" data-index=\"10\" >\t\t\t<div class=\"inner with_title with_picture with_link\" >\r\n\t\t\t<a href=\"\/svensktvisarkiv\/artikel\/balladernas-melodier\/\">\t\t\t<div class=\"puff-picture\"><img src=\"\/svensktvisarkiv\/files\/2017\/06\/not.jpg\" alt=\"Puff Picture\" \/><\/div>\t\t\t<h4>Balladernas melodier<\/h4>\t\t\t\t\t\t<\/a>\t\t\t<\/div>\r\n\t\t<\/div><\/div><div id=\"pgc-8048-6-3\"  class=\"panel-grid-cell\" ><div id=\"panel-8048-6-3-0\" class=\"so-panel widget widget_puff_widget panel-first-child panel-last-child\" data-index=\"11\" >\t\t\t<div class=\"inner with_title with_picture with_link\" >\r\n\t\t\t<a href=\"\/svensktvisarkiv\/artikel\/balladtyper\/\">\t\t\t<div class=\"puff-picture\"><img src=\"\/svensktvisarkiv\/files\/2017\/06\/balladtyper-puff.jpg\" alt=\"Puff Picture\" \/><\/div>\t\t\t<h4>Balladtyper<\/h4>\t\t\t\t\t\t<\/a>\t\t\t<\/div>\r\n\t\t<\/div><\/div><div id=\"pgc-8048-6-4\"  class=\"panel-grid-cell\" ><div id=\"panel-8048-6-4-0\" class=\"so-panel widget widget_puff_widget panel-first-child panel-last-child\" data-index=\"12\" >\t\t\t<div class=\"inner with_title with_picture with_link\" >\r\n\t\t\t<a href=\"\/svensktvisarkiv\/artikel\/individuella-varianter\/\">\t\t\t<div class=\"puff-picture\"><img src=\"\/svensktvisarkiv\/files\/2017\/06\/varianter-puff.jpg\" alt=\"Puff Picture\" \/><\/div>\t\t\t<h4>Individuella varianter<\/h4>\t\t\t\t\t\t<\/a>\t\t\t<\/div>\r\n\t\t<\/div><\/div><\/div><div id=\"pg-8048-7\"  class=\"panel-grid panel-no-style\" ><div id=\"pgc-8048-7-0\"  class=\"panel-grid-cell\" ><div id=\"panel-8048-7-0-0\" class=\"so-panel widget widget_puff_widget panel-first-child panel-last-child\" data-index=\"13\" >\t\t\t<div class=\"inner with_title with_picture with_link\" >\r\n\t\t\t<a href=\"\/svensktvisarkiv\/artikel\/ar-balladerna-medeltida\/\">\t\t\t<div class=\"puff-picture\"><img src=\"\/svensktvisarkiv\/files\/2017\/06\/kyrkm\u00e5lning-puff.jpg\" alt=\"Puff Picture\" \/><\/div>\t\t\t<h4>\u00c4r balladerna medeltida?<\/h4>\t\t\t\t\t\t<\/a>\t\t\t<\/div>\r\n\t\t<\/div><\/div><div id=\"pgc-8048-7-1\"  class=\"panel-grid-cell\" ><div id=\"panel-8048-7-1-0\" class=\"so-panel widget widget_puff_widget panel-first-child panel-last-child\" data-index=\"14\" >\t\t\t<div class=\"inner with_title with_picture with_link\" >\r\n\t\t\t<a href=\"\/svensktvisarkiv\/artikel\/dokumentation-av-ballader\/\">\t\t\t<div class=\"puff-picture\"><img src=\"\/svensktvisarkiv\/files\/2017\/06\/skillingtryck-puff.jpg\" alt=\"Puff Picture\" \/><\/div>\t\t\t<h4>Dokumentation av ballader<\/h4>\t\t\t\t\t\t<\/a>\t\t\t<\/div>\r\n\t\t<\/div><\/div><div id=\"pgc-8048-7-2\"  class=\"panel-grid-cell\" ><div id=\"panel-8048-7-2-0\" class=\"so-panel widget widget_puff_widget panel-first-child panel-last-child\" data-index=\"15\" >\t\t\t<div class=\"inner with_title with_picture with_link\" >\r\n\t\t\t<a href=\"\/svensktvisarkiv\/artikel\/inspelningar-och-noter\">\t\t\t<div class=\"puff-picture\"><img src=\"\/svensktvisarkiv\/files\/2017\/06\/spela-1.jpg\" alt=\"Puff Picture\" \/><\/div>\t\t\t<h4>Inspelningar och noter<\/h4>\t\t\t\t\t\t<\/a>\t\t\t<\/div>\r\n\t\t<\/div><\/div><div id=\"pgc-8048-7-3\"  class=\"panel-grid-cell\" ><div id=\"panel-8048-7-3-0\" class=\"so-panel widget widget_puff_widget panel-first-child panel-last-child\" data-index=\"16\" >\t\t\t<div class=\"inner with_title with_picture with_link\" >\r\n\t\t\t<a href=\"\/svensktvisarkiv\/artikel\/las-mer-om-ballader\/\">\t\t\t<div class=\"puff-picture\"><img src=\"\/svensktvisarkiv\/files\/2017\/06\/bok-puff.jpg\" alt=\"Puff Picture\" \/><\/div>\t\t\t<h4>L\u00e4s mer!<\/h4>\t\t\t\t\t\t<\/a>\t\t\t<\/div>\r\n\t\t<\/div><\/div><div id=\"pgc-8048-7-4\"  class=\"panel-grid-cell\" ><div id=\"panel-8048-7-4-0\" class=\"so-panel widget widget_puff_widget panel-first-child panel-last-child\" data-index=\"17\" >\t\t\t<div class=\"inner with_title with_picture with_link\" >\r\n\t\t\t<a href=\"https:\/\/katalog.visarkiv.se\/lib\/views\/smb\/AdvancedSearch.aspx\">\t\t\t<div class=\"puff-picture\"><img src=\"\/svensktvisarkiv\/files\/2017\/06\/register-smb.jpg\" alt=\"Puff Picture\" \/><\/div>\t\t\t<h4>Register Sveriges medeltida ballader<\/h4>\t\t\t\t\t\t<\/a>\t\t\t<\/div>\r\n\t\t<\/div><\/div><\/div><\/div>","protected":false},"excerpt":{"rendered":"<p>Svenskt visarkiv har arbetat med att dokumentera, ge ut och forska kring ballader sedan 1950-talet.&nbsp;H\u00e4r kan du lyssna p\u00e5 inspelningar och ta del av texter och melodier. Du kan ocks\u00e5 l\u00e4sa om balladernas historia, inneh\u00e5ll, form och mycket mer. &nbsp; &nbsp;<\/p>\n","protected":false},"author":70,"featured_media":0,"parent":0,"menu_order":0,"comment_status":"closed","ping_status":"closed","template":"","meta":{"ngg_post_thumbnail":0,"spay_email":""},"categories":[],"tags":[],"yoast_head":"<!-- This site is optimized with the Yoast SEO plugin v16.3 - https:\/\/yoast.com\/wordpress\/plugins\/seo\/ -->\n<meta name=\"robots\" content=\"index, follow, max-snippet:-1, max-image-preview:large, max-video-preview:-1\" \/>\n<link rel=\"canonical\" href=\"https:\/\/musikverket-old.test.consids5.se\/svensktvisarkiv\/medeltida-ballader\/\" \/>\n<meta property=\"og:locale\" content=\"sv_SE\" \/>\n<meta property=\"og:type\" content=\"article\" \/>\n<meta property=\"og:title\" content=\"Medeltida ballader - Svenskt visarkiv\" \/>\n<meta property=\"og:description\" content=\"Svenskt visarkiv har arbetat med att dokumentera, ge ut och forska kring ballader sedan 1950-talet.&nbsp;H\u00e4r kan du lyssna p\u00e5 inspelningar och ta del av texter och melodier. Du kan ocks\u00e5 l\u00e4sa om balladernas historia, inneh\u00e5ll, form och mycket mer. &nbsp; &nbsp;\" \/>\n<meta property=\"og:url\" content=\"https:\/\/musikverket-old.test.consids5.se\/svensktvisarkiv\/medeltida-ballader\/\" \/>\n<meta property=\"og:site_name\" content=\"Svenskt visarkiv\" \/>\n<meta property=\"article:modified_time\" content=\"2019-11-11T15:41:51+00:00\" \/>\n<meta property=\"og:image\" content=\"https:\/\/musikverket.se\/svensktvisarkiv\/files\/2017\/06\/Not-Den-bergtagna-252x300.jpg\" \/>\n<meta name=\"twitter:label1\" content=\"Ber\u00e4knad l\u00e4stid\">\n\t<meta name=\"twitter:data1\" content=\"4 minuter\">\n<script type=\"application\/ld+json\" class=\"yoast-schema-graph\">{\"@context\":\"https:\/\/schema.org\",\"@graph\":[{\"@type\":\"WebSite\",\"@id\":\"https:\/\/musikverket-old.test.consids5.se\/svensktvisarkiv\/#website\",\"url\":\"https:\/\/musikverket-old.test.consids5.se\/svensktvisarkiv\/\",\"name\":\"Svenskt visarkiv\",\"description\":\"Bevarar folkmusik, \\u00e4ldre popul\\u00e4rmusik, jazz och inflyttade musiktraditioner\",\"potentialAction\":[{\"@type\":\"SearchAction\",\"target\":\"https:\/\/musikverket-old.test.consids5.se\/svensktvisarkiv\/?s={search_term_string}\",\"query-input\":\"required name=search_term_string\"}],\"inLanguage\":\"sv-SE\"},{\"@type\":\"ImageObject\",\"@id\":\"https:\/\/musikverket-old.test.consids5.se\/svensktvisarkiv\/medeltida-ballader\/#primaryimage\",\"inLanguage\":\"sv-SE\",\"url\":\"https:\/\/musikverket.se\/svensktvisarkiv\/files\/2017\/06\/Not-Den-bergtagna-252x300.jpg\",\"contentUrl\":\"https:\/\/musikverket.se\/svensktvisarkiv\/files\/2017\/06\/Not-Den-bergtagna-252x300.jpg\"},{\"@type\":\"WebPage\",\"@id\":\"https:\/\/musikverket-old.test.consids5.se\/svensktvisarkiv\/medeltida-ballader\/#webpage\",\"url\":\"https:\/\/musikverket-old.test.consids5.se\/svensktvisarkiv\/medeltida-ballader\/\",\"name\":\"Medeltida ballader - Svenskt visarkiv\",\"isPartOf\":{\"@id\":\"https:\/\/musikverket-old.test.consids5.se\/svensktvisarkiv\/#website\"},\"primaryImageOfPage\":{\"@id\":\"https:\/\/musikverket-old.test.consids5.se\/svensktvisarkiv\/medeltida-ballader\/#primaryimage\"},\"datePublished\":\"2017-06-12T10:57:42+00:00\",\"dateModified\":\"2019-11-11T15:41:51+00:00\",\"breadcrumb\":{\"@id\":\"https:\/\/musikverket-old.test.consids5.se\/svensktvisarkiv\/medeltida-ballader\/#breadcrumb\"},\"inLanguage\":\"sv-SE\",\"potentialAction\":[{\"@type\":\"ReadAction\",\"target\":[\"https:\/\/musikverket-old.test.consids5.se\/svensktvisarkiv\/medeltida-ballader\/\"]}]},{\"@type\":\"BreadcrumbList\",\"@id\":\"https:\/\/musikverket-old.test.consids5.se\/svensktvisarkiv\/medeltida-ballader\/#breadcrumb\",\"itemListElement\":[{\"@type\":\"ListItem\",\"position\":1,\"item\":{\"@type\":\"WebPage\",\"@id\":\"https:\/\/musikverket-old.test.consids5.se\/svensktvisarkiv\/\",\"url\":\"https:\/\/musikverket-old.test.consids5.se\/svensktvisarkiv\/\",\"name\":\"Hem\"}},{\"@type\":\"ListItem\",\"position\":2,\"item\":{\"@id\":\"https:\/\/musikverket-old.test.consids5.se\/svensktvisarkiv\/medeltida-ballader\/#webpage\"}}]}]}<\/script>\n<!-- \/ Yoast SEO plugin. -->","jetpack_shortlink":"https:\/\/wp.me\/P2Zwnz-25O","jetpack_sharing_enabled":true,"_links":{"self":[{"href":"https:\/\/musikverket-old.test.consids5.se\/svensktvisarkiv\/wp-json\/wp\/v2\/pages\/8048"}],"collection":[{"href":"https:\/\/musikverket-old.test.consids5.se\/svensktvisarkiv\/wp-json\/wp\/v2\/pages"}],"about":[{"href":"https:\/\/musikverket-old.test.consids5.se\/svensktvisarkiv\/wp-json\/wp\/v2\/types\/page"}],"author":[{"embeddable":true,"href":"https:\/\/musikverket-old.test.consids5.se\/svensktvisarkiv\/wp-json\/wp\/v2\/users\/70"}],"replies":[{"embeddable":true,"href":"https:\/\/musikverket-old.test.consids5.se\/svensktvisarkiv\/wp-json\/wp\/v2\/comments?post=8048"}],"version-history":[{"count":0,"href":"https:\/\/musikverket-old.test.consids5.se\/svensktvisarkiv\/wp-json\/wp\/v2\/pages\/8048\/revisions"}],"wp:attachment":[{"href":"https:\/\/musikverket-old.test.consids5.se\/svensktvisarkiv\/wp-json\/wp\/v2\/media?parent=8048"}],"wp:term":[{"taxonomy":"category","embeddable":true,"href":"https:\/\/musikverket-old.test.consids5.se\/svensktvisarkiv\/wp-json\/wp\/v2\/categories?post=8048"},{"taxonomy":"post_tag","embeddable":true,"href":"https:\/\/musikverket-old.test.consids5.se\/svensktvisarkiv\/wp-json\/wp\/v2\/tags?post=8048"}],"curies":[{"name":"wp","href":"https:\/\/api.w.org\/{rel}","templated":true}]}}