{"id":8252,"date":"2017-09-28T16:21:20","date_gmt":"2017-09-28T14:21:20","guid":{"rendered":"https:\/\/musikverket.se\/svensktvisarkiv\/?page_id=8252"},"modified":"2021-05-25T11:57:31","modified_gmt":"2021-05-25T09:57:31","slug":"musik-pa-kaken","status":"publish","type":"page","link":"https:\/\/musikverket-old.test.consids5.se\/svensktvisarkiv\/musik-pa-kaken\/","title":{"rendered":"Musik p\u00e5 k\u00e5ken"},"content":{"rendered":"<div id=\"pl-8252\"  class=\"panel-layout\" ><div id=\"pg-8252-0\"  class=\"panel-grid panel-no-style\" ><div id=\"pgc-8252-0-0\"  class=\"panel-grid-cell\" ><div id=\"panel-8252-0-0-0\" class=\"so-panel widget widget_headers panel-first-child panel-last-child\" data-index=\"0\" ><div class=\"so-widget-headers so-widget-headers-base\"><h1 id=\"musik-pa-kaken\">Musik p\u00e5 k\u00e5ken<\/h1>\n<\/div><\/div><\/div><\/div><div id=\"pg-8252-1\"  class=\"panel-grid panel-has-style\" ><div class=\"siteorigin-panels-stretch panel-row-style panel-row-style-for-8252-1\" data-stretch-type=\"full-stretched\" ><div id=\"pgc-8252-1-0\"  class=\"panel-grid-cell\" ><div id=\"panel-8252-1-0-0\" class=\"so-panel widget widget_slideshow_widget panel-first-child panel-last-child\" data-index=\"1\" >\n\n<div class=\"slideshow-container\" style=\"background: black\">\n  <div data-duration=\"10\" class=\"slideshow standard\">\n    <ul class=\"inner centrerad\">\n    <li class=\"item\"><img class=\"image\" src=\"\/svensktvisarkiv\/files\/2017\/10\/SVA_kaklatar_toppsnurra.jpg\" alt=\"\" \/><div class=\"content\"><p><\/p><p><\/p><\/div><\/li>    <\/ul>\n  <\/div>\n<\/div>\n\n\t\t<\/div><\/div><\/div><\/div><div id=\"pg-8252-2\"  class=\"panel-grid panel-no-style\" ><div id=\"pgc-8252-2-0\"  class=\"panel-grid-cell\" ><div id=\"panel-8252-2-0-0\" class=\"so-panel widget widget_headers panel-first-child\" data-index=\"2\" ><div class=\"so-widget-headers so-widget-headers-base\"><h2 id=\"kakfarare-identitet-och-musik\">K\u00e5kfarare, identitet och musik<\/h2>\n<\/div><\/div><div id=\"panel-8252-2-0-1\" class=\"so-panel widget widget_black-studio-tinymce widget_black_studio_tinymce panel-last-child\" data-index=\"3\" ><div class=\"textwidget\"><p>Genom att gemensamt ut\u00f6va musik kan en grupp m\u00e4nniskor k\u00e4nna stark samh\u00f6righet, utan att n\u00e5gonsin beh\u00f6va uppt\u00e4cka om de faktiskt har n\u00e5got gemensamt ut\u00f6ver dessa k\u00e4nslor. Musiken \u00e4r en viktig del i m\u00e4nniskans identitet, b\u00e5de individuellt och i grupp. Identitetsskapandet sker bland annat genom att musiken f\u00f6rmedlar ideologiska budskap, vare sig vi \u00e4r medvetna om det eller ej. Sambandet mellan livsstil, intressen och kulturell identitet verkar vara djupt rotad.<\/p>\n<p>Ett vanligt exempel \u00e4r en sjungande fotbollspublik som i h\u00e4nf\u00f6relsens stund k\u00e4nner stark gemenskap, samtidigt som de flesta aldrig tr\u00e4ffas i andra sammanhang \u00e4n fotbollens.<\/p>\n<p>F\u00e4ngelsevisor eller k\u00e5kl\u00e5tar \u00e4r ett annat exempel p\u00e5 en s\u00e5dan visrepertoar. Den har vuxit fram p\u00e5 svenska f\u00e4ngelser i den gemenskap som kan skapas i ett socialt utanf\u00f6rskap. Typiskt f\u00f6r genren \u00e4r att vistexterna handlar om situationen f\u00f6r m\u00e4nniskor i utanf\u00f6rskap. Visorna har ocks\u00e5 det gemensamt att de \u00e4r med och skapar en bild av den sociala kategorin k\u00e5kfarare.<\/p>\n<p>P\u00e5 detta s\u00e4tt liknar f\u00e4ngelsernas intagna&nbsp;andra grupperingar i samh\u00e4llet. Olika marginaliserade grupper har alltid haft sina k\u00e4nnem\u00e4rken som spr\u00e5k, tecken, kl\u00e4dstil med mera.<\/p>\n<p>Texterna i presentationen \u00e4r h\u00e4mtade ur boken&nbsp;<em>K\u00e5kl\u00e5tar<\/em> av Dan Lundberg.<\/p>\n<\/div><\/div><\/div><div id=\"pgc-8252-2-1\"  class=\"panel-grid-cell panel-grid-cell-mobile-last\" ><div id=\"panel-8252-2-1-0\" class=\"so-panel widget widget_headers panel-first-child\" data-index=\"4\" ><div class=\"so-widget-headers so-widget-headers-base\"><h2 id=\"svenskt-visarkiv-och-kakvisorna\">Svenskt visarkiv och k\u00e5kvisorna<\/h2>\n<\/div><\/div><div id=\"panel-8252-2-1-1\" class=\"so-panel widget widget_black-studio-tinymce widget_black_studio_tinymce panel-last-child\" data-index=\"5\" ><div class=\"textwidget\"><p>I mitten av 1960-talet och b\u00f6rjan av 1970-talet gjorde Svenskt visarkiv inspelningar av visor p\u00e5 svenska f\u00e4ngelser inom ramen f\u00f6r tv\u00e5 olika dokumentationsprojekt.<\/p>\n<p>Syftet med det f\u00f6rsta projektet var att dokumentera den repertoar av s\u00e5 kallade k\u00e5kvisor som av tradition funnits p\u00e5 svenska f\u00e4ngelser och som av insamlarna uppfattades vara p\u00e5 utd\u00f6ende.<\/p>\n<p>Det fanns m\u00e5nga f\u00f6rklaringar till att vistraditionerna i svenska f\u00e4ngelser var p\u00e5 v\u00e4g att f\u00f6rsvinna. Kriminalv\u00e5rden var i ett f\u00f6r\u00e4ndringsskede med, bland mycket annat, st\u00f6rre m\u00f6jligheter f\u00f6r de intagna att \u00e4gna sig \u00e5t fritidsaktiviteter. Nya medier och tillg\u00e5ngen till dessa \u00e4ven under f\u00e4ngelsevistelsen bidrog ocks\u00e5 till ett f\u00f6r\u00e4ndrat musikbruk.<\/p>\n<p>De inspelningar som finns i Svenskt visarkivs samlingar utg\u00f6r en blandning av \u00e4ldre popul\u00e4ra och folkliga visor samt visor som textligt behandlar f\u00e4ngelser och vardagslivet som f\u00e4ngelseintern. I de senare kategorierna finns visor som uttrycker saknad, l\u00e4ngtan och besvikelse men ocks\u00e5 sk\u00e4mtsamma och erotiska visor.<\/p>\n<p><a title=\"\" href=\"\/svensktvisarkiv\/artikel\/svenskt-visarkivs-insamling-av-kakvisor\/\">L\u00e4s mer om Svenskt visarkivs insamling av k\u00e5kvisor.&nbsp;<\/a><\/p>\n<p>&nbsp;<\/p>\n<\/div><\/div><\/div><div id=\"pgc-8252-2-2\"  class=\"panel-grid-cell panel-grid-cell-empty\" ><\/div><\/div><div id=\"pg-8252-3\"  class=\"panel-grid panel-no-style\" ><div id=\"pgc-8252-3-0\"  class=\"panel-grid-cell panel-grid-cell-mobile-last\" ><div id=\"panel-8252-3-0-0\" class=\"so-panel widget widget_headers panel-first-child panel-last-child\" data-index=\"6\" ><div class=\"so-widget-headers so-widget-headers-base\"><h3 id=\"las-vidare\">L\u00e4s vidare<\/h3>\n<\/div><\/div><\/div><div id=\"pgc-8252-3-1\"  class=\"panel-grid-cell panel-grid-cell-empty\" ><\/div><\/div><div id=\"pg-8252-4\"  class=\"panel-grid panel-no-style\" ><div id=\"pgc-8252-4-0\"  class=\"panel-grid-cell\" ><div id=\"panel-8252-4-0-0\" class=\"so-panel widget widget_puff_widget panel-first-child panel-last-child\" data-index=\"7\" >\t\t\t<div class=\"inner with_title with_picture with_link\" >\r\n\t\t\t<a href=\"\/svensktvisarkiv\/artikel\/vad-ar-kakvisor\/\">\t\t\t<div class=\"puff-picture\"><img src=\"\/svensktvisarkiv\/files\/2017\/09\/Vad-ar-kaklatar-puff.jpg\" alt=\"Puff Picture\" \/><\/div>\t\t\t<h4>Vad \u00e4r k\u00e5kvisor?<\/h4>\t\t\t\t\t\t<\/a>\t\t\t<\/div>\r\n\t\t<\/div><\/div><div id=\"pgc-8252-4-1\"  class=\"panel-grid-cell\" ><div id=\"panel-8252-4-1-0\" class=\"so-panel widget widget_puff_widget panel-first-child panel-last-child\" data-index=\"8\" >\t\t\t<div class=\"inner with_title with_picture with_link\" >\r\n\t\t\t<a href=\"\/svensktvisarkiv\/artikel\/beteckningen-kaklat\/\">\t\t\t<div class=\"puff-picture\"><img src=\"\/svensktvisarkiv\/files\/2017\/09\/beteckningen-puff.jpg\" alt=\"Puff Picture\" \/><\/div>\t\t\t<h4>Beteckningen K\u00e5kl\u00e5tar<\/h4>\t\t\t\t\t\t<\/a>\t\t\t<\/div>\r\n\t\t<\/div><\/div><div id=\"pgc-8252-4-2\"  class=\"panel-grid-cell\" ><div id=\"panel-8252-4-2-0\" class=\"so-panel widget widget_puff_widget panel-first-child panel-last-child\" data-index=\"9\" >\t\t\t<div class=\"inner with_title with_picture with_link\" >\r\n\t\t\t<a href=\"\/svensktvisarkiv\/artikel\/lennart-konvaljen-johansson\/\">\t\t\t<div class=\"puff-picture\"><img src=\"\/svensktvisarkiv\/files\/2017\/09\/Konvaljen-l\u00e5ngholmen.jpg\" alt=\"Puff Picture\" \/><\/div>\t\t\t<h4>Ut\u00f6vare<\/h4>\t\t\t\t\t\t<\/a>\t\t\t<\/div>\r\n\t\t<\/div><\/div><div id=\"pgc-8252-4-3\"  class=\"panel-grid-cell panel-grid-cell-mobile-last\" ><div id=\"panel-8252-4-3-0\" class=\"so-panel widget widget_puff_widget panel-first-child panel-last-child\" data-index=\"10\" >\t\t\t<div class=\"inner with_title with_picture with_link\" >\r\n\t\t\t<a href=\"\/svensktvisarkiv\/artikel\/inspelningarna\/\">\t\t\t<div class=\"puff-picture\"><img src=\"\/svensktvisarkiv\/files\/2017\/09\/inspelningarna-puff.jpg\" alt=\"Puff Picture\" \/><\/div>\t\t\t<h4>Inspelningar<\/h4>\t\t\t\t\t\t<\/a>\t\t\t<\/div>\r\n\t\t<\/div><\/div><div id=\"pgc-8252-4-4\"  class=\"panel-grid-cell panel-grid-cell-empty\" ><\/div><\/div><div id=\"pg-8252-5\"  class=\"panel-grid panel-no-style\" ><div id=\"pgc-8252-5-0\"  class=\"panel-grid-cell\" ><div id=\"panel-8252-5-0-0\" class=\"so-panel widget widget_puff_widget panel-first-child panel-last-child\" data-index=\"11\" >\t\t\t<div class=\"inner with_title with_picture with_link\" >\r\n\t\t\t<a href=\"\/svensktvisarkiv\/artikel\/kvinnor-och-man\/\">\t\t\t<div class=\"puff-picture\"><img src=\"\/svensktvisarkiv\/files\/2017\/10\/kvinnor-och-man-2-puff.jpg\" alt=\"Puff Picture\" \/><\/div>\t\t\t<h4>Kvinnor och m\u00e4n<\/h4>\t\t\t\t\t\t<\/a>\t\t\t<\/div>\r\n\t\t<\/div><\/div><div id=\"pgc-8252-5-1\"  class=\"panel-grid-cell\" ><div id=\"panel-8252-5-1-0\" class=\"so-panel widget widget_puff_widget panel-first-child panel-last-child\" data-index=\"12\" >\t\t\t<div class=\"inner with_title with_picture with_link\" >\r\n\t\t\t<a href=\"\/svensktvisarkiv\/musik-pa-kaken\/typer-av-kakvisor\/\">\t\t\t<div class=\"puff-picture\"><img src=\"\/svensktvisarkiv\/files\/2017\/09\/repertoar-svartvit-puff.jpg\" alt=\"Puff Picture\" \/><\/div>\t\t\t<h4>Repertoar<\/h4>\t\t\t\t\t\t<\/a>\t\t\t<\/div>\r\n\t\t<\/div><\/div><div id=\"pgc-8252-5-2\"  class=\"panel-grid-cell\" ><div id=\"panel-8252-5-2-0\" class=\"so-panel widget widget_puff_widget panel-first-child panel-last-child\" data-index=\"13\" >\t\t\t<div class=\"inner with_title with_picture with_link\" >\r\n\t\t\t<a href=\"\/svensktvisarkiv\/artikel\/skapandeprocessen\/\">\t\t\t<div class=\"puff-picture\"><img src=\"\/svensktvisarkiv\/files\/2017\/09\/skapandeprocessen-puff.jpg\" alt=\"Puff Picture\" \/><\/div>\t\t\t<h4>Skapandeprocessen<\/h4>\t\t\t\t\t\t<\/a>\t\t\t<\/div>\r\n\t\t<\/div><\/div><div id=\"pgc-8252-5-3\"  class=\"panel-grid-cell panel-grid-cell-mobile-last\" ><div id=\"panel-8252-5-3-0\" class=\"so-panel widget widget_puff_widget panel-first-child panel-last-child\" data-index=\"14\" >\t\t\t<div class=\"inner with_title with_picture with_link\" >\r\n\t\t\t<a href=\"\/svensktvisarkiv\/artikel\/arkiven-musiken-och-manniskor-i-marginalen\/\">\t\t\t<div class=\"puff-picture\"><img src=\"\/svensktvisarkiv\/files\/2017\/09\/arkiven-puff-foto_Fernando-Medina.jpg\" alt=\"Puff Picture\" \/><\/div>\t\t\t<h4>Arkivens roll<\/h4>\t\t\t\t\t\t<\/a>\t\t\t<\/div>\r\n\t\t<\/div><\/div><div id=\"pgc-8252-5-4\"  class=\"panel-grid-cell panel-grid-cell-empty\" ><\/div><\/div><\/div>","protected":false},"excerpt":{"rendered":"<p>Musik p\u00e5 k\u00e5ken K\u00e5kfarare, identitet och musik Genom att gemensamt ut\u00f6va musik kan en grupp m\u00e4nniskor k\u00e4nna stark samh\u00f6righet, utan att n\u00e5gonsin beh\u00f6va uppt\u00e4cka om de faktiskt har n\u00e5got gemensamt ut\u00f6ver dessa k\u00e4nslor. Musiken \u00e4r en viktig del i m\u00e4nniskans identitet, b\u00e5de individuellt och i grupp. Identitetsskapandet sker bland annat genom att musiken f\u00f6rmedlar ideologiska [&hellip;]<\/p>\n","protected":false},"author":70,"featured_media":0,"parent":0,"menu_order":0,"comment_status":"closed","ping_status":"closed","template":"","meta":{"ngg_post_thumbnail":0,"spay_email":""},"categories":[3],"tags":[303],"yoast_head":"<!-- This site is optimized with the Yoast SEO plugin v16.3 - https:\/\/yoast.com\/wordpress\/plugins\/seo\/ -->\n<meta name=\"robots\" content=\"index, follow, max-snippet:-1, max-image-preview:large, max-video-preview:-1\" \/>\n<link rel=\"canonical\" href=\"https:\/\/musikverket-old.test.consids5.se\/svensktvisarkiv\/musik-pa-kaken\/\" \/>\n<meta property=\"og:locale\" content=\"sv_SE\" \/>\n<meta property=\"og:type\" content=\"article\" \/>\n<meta property=\"og:title\" content=\"Musik p\u00e5 k\u00e5ken - Svenskt visarkiv\" \/>\n<meta property=\"og:description\" content=\"Musik p\u00e5 k\u00e5ken K\u00e5kfarare, identitet och musik Genom att gemensamt ut\u00f6va musik kan en grupp m\u00e4nniskor k\u00e4nna stark samh\u00f6righet, utan att n\u00e5gonsin beh\u00f6va uppt\u00e4cka om de faktiskt har n\u00e5got gemensamt ut\u00f6ver dessa k\u00e4nslor. Musiken \u00e4r en viktig del i m\u00e4nniskans identitet, b\u00e5de individuellt och i grupp. Identitetsskapandet sker bland annat genom att musiken f\u00f6rmedlar ideologiska [&hellip;]\" \/>\n<meta property=\"og:url\" content=\"https:\/\/musikverket-old.test.consids5.se\/svensktvisarkiv\/musik-pa-kaken\/\" \/>\n<meta property=\"og:site_name\" content=\"Svenskt visarkiv\" \/>\n<meta property=\"article:modified_time\" content=\"2021-05-25T09:57:31+00:00\" \/>\n<meta name=\"twitter:label1\" content=\"Ber\u00e4knad l\u00e4stid\">\n\t<meta name=\"twitter:data1\" content=\"3 minuter\">\n<script type=\"application\/ld+json\" class=\"yoast-schema-graph\">{\"@context\":\"https:\/\/schema.org\",\"@graph\":[{\"@type\":\"WebSite\",\"@id\":\"https:\/\/musikverket-old.test.consids5.se\/svensktvisarkiv\/#website\",\"url\":\"https:\/\/musikverket-old.test.consids5.se\/svensktvisarkiv\/\",\"name\":\"Svenskt visarkiv\",\"description\":\"Bevarar folkmusik, \\u00e4ldre popul\\u00e4rmusik, jazz och inflyttade musiktraditioner\",\"potentialAction\":[{\"@type\":\"SearchAction\",\"target\":\"https:\/\/musikverket-old.test.consids5.se\/svensktvisarkiv\/?s={search_term_string}\",\"query-input\":\"required name=search_term_string\"}],\"inLanguage\":\"sv-SE\"},{\"@type\":\"WebPage\",\"@id\":\"https:\/\/musikverket-old.test.consids5.se\/svensktvisarkiv\/musik-pa-kaken\/#webpage\",\"url\":\"https:\/\/musikverket-old.test.consids5.se\/svensktvisarkiv\/musik-pa-kaken\/\",\"name\":\"Musik p\\u00e5 k\\u00e5ken - Svenskt visarkiv\",\"isPartOf\":{\"@id\":\"https:\/\/musikverket-old.test.consids5.se\/svensktvisarkiv\/#website\"},\"datePublished\":\"2017-09-28T14:21:20+00:00\",\"dateModified\":\"2021-05-25T09:57:31+00:00\",\"breadcrumb\":{\"@id\":\"https:\/\/musikverket-old.test.consids5.se\/svensktvisarkiv\/musik-pa-kaken\/#breadcrumb\"},\"inLanguage\":\"sv-SE\",\"potentialAction\":[{\"@type\":\"ReadAction\",\"target\":[\"https:\/\/musikverket-old.test.consids5.se\/svensktvisarkiv\/musik-pa-kaken\/\"]}]},{\"@type\":\"BreadcrumbList\",\"@id\":\"https:\/\/musikverket-old.test.consids5.se\/svensktvisarkiv\/musik-pa-kaken\/#breadcrumb\",\"itemListElement\":[{\"@type\":\"ListItem\",\"position\":1,\"item\":{\"@type\":\"WebPage\",\"@id\":\"https:\/\/musikverket-old.test.consids5.se\/svensktvisarkiv\/\",\"url\":\"https:\/\/musikverket-old.test.consids5.se\/svensktvisarkiv\/\",\"name\":\"Hem\"}},{\"@type\":\"ListItem\",\"position\":2,\"item\":{\"@id\":\"https:\/\/musikverket-old.test.consids5.se\/svensktvisarkiv\/musik-pa-kaken\/#webpage\"}}]}]}<\/script>\n<!-- \/ Yoast SEO plugin. -->","jetpack_shortlink":"https:\/\/wp.me\/P2Zwnz-296","jetpack_sharing_enabled":true,"_links":{"self":[{"href":"https:\/\/musikverket-old.test.consids5.se\/svensktvisarkiv\/wp-json\/wp\/v2\/pages\/8252"}],"collection":[{"href":"https:\/\/musikverket-old.test.consids5.se\/svensktvisarkiv\/wp-json\/wp\/v2\/pages"}],"about":[{"href":"https:\/\/musikverket-old.test.consids5.se\/svensktvisarkiv\/wp-json\/wp\/v2\/types\/page"}],"author":[{"embeddable":true,"href":"https:\/\/musikverket-old.test.consids5.se\/svensktvisarkiv\/wp-json\/wp\/v2\/users\/70"}],"replies":[{"embeddable":true,"href":"https:\/\/musikverket-old.test.consids5.se\/svensktvisarkiv\/wp-json\/wp\/v2\/comments?post=8252"}],"version-history":[{"count":0,"href":"https:\/\/musikverket-old.test.consids5.se\/svensktvisarkiv\/wp-json\/wp\/v2\/pages\/8252\/revisions"}],"wp:attachment":[{"href":"https:\/\/musikverket-old.test.consids5.se\/svensktvisarkiv\/wp-json\/wp\/v2\/media?parent=8252"}],"wp:term":[{"taxonomy":"category","embeddable":true,"href":"https:\/\/musikverket-old.test.consids5.se\/svensktvisarkiv\/wp-json\/wp\/v2\/categories?post=8252"},{"taxonomy":"post_tag","embeddable":true,"href":"https:\/\/musikverket-old.test.consids5.se\/svensktvisarkiv\/wp-json\/wp\/v2\/tags?post=8252"}],"curies":[{"name":"wp","href":"https:\/\/api.w.org\/{rel}","templated":true}]}}