{"id":8264,"date":"2017-09-25T14:14:44","date_gmt":"2017-09-25T12:14:44","guid":{"rendered":"https:\/\/musikverket.se\/svensktvisarkiv\/?page_id=8264"},"modified":"2017-10-04T16:37:33","modified_gmt":"2017-10-04T14:37:33","slug":"typer-av-kakvisor","status":"publish","type":"page","link":"https:\/\/musikverket-old.test.consids5.se\/svensktvisarkiv\/musik-pa-kaken\/typer-av-kakvisor\/","title":{"rendered":"Typer av k\u00e5kvisor"},"content":{"rendered":"<div id=\"pl-8264\"  class=\"panel-layout\" ><div id=\"pg-8264-0\"  class=\"panel-grid panel-no-style\" ><div id=\"pgc-8264-0-0\"  class=\"panel-grid-cell panel-grid-cell-mobile-last\" ><div id=\"panel-8264-0-0-0\" class=\"so-panel widget widget_black-studio-tinymce widget_black_studio_tinymce panel-first-child panel-last-child\" data-index=\"0\" ><div class=\"textwidget\"><h1>Typer av k\u00e5kvisor<\/h1>\n<p>Repertoaren i Visarkivets samlingar av k\u00e5kvisor kan delas in i tv\u00e5 kategorier \u2013 en \u00e4ldre och nyare repertoar. I den \u00e4ldre repertoaren \u00e4r det ofta f\u00e5ngen som individ som talar. Visornas jag \u00e4r f\u00e5ngen sj\u00e4lv, som talar i f\u00f6rsta person genom vistexten. Det \u00e4r f\u00e5ngen sj\u00e4lv som uttrycker lidande, l\u00e4ngtan och \u00e5nger. Detta individuella uttryck \u00e5terfinns i h\u00f6g utstr\u00e4ckning i \u00e4ldre visor, och med \u00e4ldre menas i det h\u00e4r fallet en tillkomst fram till och med 1950-talet. Men det individuella tilltalet i f\u00f6rsta person \u00e5terfinns \u00e4ven i 1970-talets k\u00e5kl\u00e5tar och det \u00e4r d\u00e4rf\u00f6r vanskligt att g\u00f6ra en rent kronologisk indelning.<\/p>\n<h2>Samh\u00e4llskritik<\/h2>\n<p>I den senare repertoaren med b\u00f6rjan under 1960-talet finns ofta ett politiskt budskap och en samh\u00e4llskritik. En aning generaliserat kan man s\u00e4ga att texten och s\u00e5ngaren talar f\u00f6r kollektivet f\u00e5ngar. Samtidigt \u00e4r \u00e4ven m\u00e5nga av dessa visor skrivna i jag-form, men budskapet f\u00f6rmedlar ofta en bild av en situation som kan t\u00e4nkas g\u00e4lla f\u00f6r f\u00e4ngelsemilj\u00f6er i allm\u00e4nhet. Denna del av repertoaren passar v\u00e4l in i etnologen Alf Arvidssons (se nedan) kategori \u201dden missanpassade\u201d som medvetet st\u00e4ller sig i en position av utanf\u00f6rskap och utnyttjar den f\u00f6r en kritik av samh\u00e4llssystemet. Ett tydligt exempel p\u00e5 den senare repertoaren \u00e4r Lennart \u201dKonvaljen\u201d Johanssons <em>Tack f\u00f6r v\u00e5rden<\/em>:<\/p>\n<blockquote>\n<p>\u201dTack! Tack f\u00f6r v\u00e5rd och vila, <br \/>du f\u00e5ngv\u00e5rdsmyndighet. <br \/>Tack f\u00f6r att du l\u00e4r oss sila <br \/>och bidrar till v\u00e5r s\u00f6ndrighet<\/p>\n<p>Tack f\u00f6r tomma dagar<br \/>N\u00e4r vi sonar v\u00e5ra brott<br \/>Tack f\u00f6r alla isoleringsceller<br \/>Isoleringsceller, d\u00e4r vi bygger v\u00e5ra slott\u201d<\/p>\n<\/blockquote>\n<p>Konvaljen talar f\u00f6r kollektivet f\u00e5ngar n\u00e4r han ironiskt tackar kriminalv\u00e5rdsmyndigheten f\u00f6r v\u00e5rden och beskyller den f\u00f6r att snarare s\u00f6ndra \u00e4n hela. En intressant iakttagelse \u00e4r ocks\u00e5 att spr\u00e5ket i den nyare repertoaren inneh\u00e5ller fler inslag av f\u00e4ngelsejargong. Man skulle ju eventuellt kunna t\u00e4nka sig det omv\u00e4nda: att n\u00e4r man v\u00e4nder sig till en allm\u00e4n publik utanf\u00f6r f\u00e4ngelsekulturen s\u00e5 kulle man anpassa spr\u00e5ket och ta bort f\u00e4ngelsejargong som kan vara sv\u00e5r f\u00f6r utomst\u00e5ende att begripa. S\u00e5 \u00e4r dock allts\u00e5 inte fallet. \u00c4ven det kan tolkas som ett uttryck f\u00f6r en starkare vi-k\u00e4nsla. Genom spr\u00e5ket talar man f\u00f6r kollektivet och spr\u00e5ket skapar identifikation och autenticitet. Ett exempel p\u00e5 detta \u00e4r en annan av Konvaljens l\u00e5tar, <em>Tji kvarten f\u00f6r natten<\/em>.<\/p>\n<blockquote>\n<p>\u201dNu tar jag mina \u00e5tta P f\u00f6r att det ska bli fors<br \/>Och har jag tur s\u00e5 kanske jag kan lura upp en torsk<br \/>Och h\u00e4r sitter jag p\u00e5 trappan till v\u00e5rt Stockholms Place Pigalle<br \/>Men jag har tji kvarten f\u00f6r natten\u201d<\/p>\n<\/blockquote>\n<h2>F\u00e4ngelsejargong<\/h2>\n<p>I <em>Tji kvarten<\/em> f\u00f6r natten ber\u00e4ttar en nyss frigiven k\u00e5kfarare om hur han sitter p\u00e5 Konserthusets trappa och inte har n\u00e5gonstans att ta v\u00e4gen och ingenstans att sova. Han har narkotika (\u00e5tta P=preludin) som tr\u00f6st och hoppas kunna r\u00e5na n\u00e5gon f\u00f6rbipasserande. I visans avslutningsstrof blir han arresterad av polisen och det ser han som n\u00e5got positivt \u2013 en m\u00f6jlighet till natth\u00e4rb\u00e4rge. Genom att texten inneh\u00e5ller flera ord som \u00e4r typiska f\u00f6r f\u00e4ngelsejargongen, som till exempel torsk, kvart och tji markerar s\u00e5ngaren sitt utanf\u00f6rskap gentemot majoritetssamh\u00e4llet och samtidigt sin tillh\u00f6righet till gruppen k\u00e5kfarare.<\/p>\n<p>I Dan Lundbergs bok <em>K\u00e5kl\u00e5tar<\/em>. <em>F\u00e4ngelsevisor som identitetsmark\u00f6r och kulturarv<\/em> ben\u00e4mns dessa kategorier individens r\u00f6st och kollektivets r\u00f6st. Den f\u00f6rsta gruppen av visor baseras p\u00e5 \u00e4ldre repertoarform d\u00e4r f\u00e5ngen talar som individ i visan. Det finns gott om exempel p\u00e5 visor i denna kategori \u00e4ven bland de nyare och det \u00e4r d\u00e4rf\u00f6r rimligt att tala om den som en \u00e4ldre vis- eller repertoarkategori och inte en \u00e4ldre repertoar. P\u00e5 samma s\u00e4tt f\u00f6rh\u00e5ller det sig med kollektivets r\u00f6st. Denna kategori av visor utm\u00e4rks av att de talar f\u00f6r gruppen f\u00e5ngar som ett kollektiv och huvudparten av visorna som ing\u00e5r \u00e4r skrivna fr\u00e5n mitten av 1960-talet och fram\u00e5t. Men liksom i den f\u00f6rra kategorin finns det gott om undantag fr\u00e5n detta.<\/p>\n<\/div><\/div><\/div><div id=\"pgc-8264-0-1\"  class=\"panel-grid-cell panel-grid-cell-empty\" ><\/div><\/div><div id=\"pg-8264-1\"  class=\"panel-grid panel-no-style\" ><div id=\"pgc-8264-1-0\"  class=\"panel-grid-cell\" ><div id=\"panel-8264-1-0-0\" class=\"so-panel widget widget_puff_widget panel-first-child panel-last-child\" data-index=\"1\" >\t\t\t<div class=\"inner with_title with_picture with_link\" >\r\n\t\t\t<a href=\"https:\/\/musikverket.se\/svensktvisarkiv\/artikel\/individens-rost-den-aldre-viskategorin\/\">\t\t\t<div class=\"puff-picture\"><img src=\"\/svensktvisarkiv\/files\/2017\/10\/individens-rost-puff.jpg\" alt=\"Puff Picture\" \/><\/div>\t\t\t<h4>Individens r\u00f6st<\/h4>\t\t\t\t\t\t<\/a>\t\t\t<\/div>\r\n\t\t<\/div><\/div><div id=\"pgc-8264-1-1\"  class=\"panel-grid-cell\" ><div id=\"panel-8264-1-1-0\" class=\"so-panel widget widget_puff_widget panel-first-child panel-last-child\" data-index=\"2\" >\t\t\t<div class=\"inner with_title with_picture with_link\" >\r\n\t\t\t<a href=\"\/svensktvisarkiv\/artikel\/kollektivets-rost-den-nyare-viskategorin\/\">\t\t\t<div class=\"puff-picture\"><img src=\"\/svensktvisarkiv\/files\/2017\/10\/kollektivets-rost-puff.jpg\" alt=\"Puff Picture\" \/><\/div>\t\t\t<h4>Kollektivets r\u00f6st<\/h4>\t\t\t\t\t\t<\/a>\t\t\t<\/div>\r\n\t\t<\/div><\/div><div id=\"pgc-8264-1-2\"  class=\"panel-grid-cell panel-grid-cell-empty\" ><\/div><div id=\"pgc-8264-1-3\"  class=\"panel-grid-cell panel-grid-cell-empty panel-grid-cell-mobile-last\" ><\/div><div id=\"pgc-8264-1-4\"  class=\"panel-grid-cell panel-grid-cell-empty\" ><\/div><\/div><div id=\"pg-8264-2\"  class=\"panel-grid panel-no-style\" ><div id=\"pgc-8264-2-0\"  class=\"panel-grid-cell panel-grid-cell-mobile-last\" ><div id=\"panel-8264-2-0-0\" class=\"so-panel widget widget_black-studio-tinymce widget_black_studio_tinymce panel-first-child panel-last-child\" data-index=\"3\" ><div class=\"textwidget\"><p><a title=\"Till presentationens startsida\" href=\"\/svensktvisarkiv\/musik-pa-kaken\/\">Till presentationens startsida<\/a><\/p>\n<\/div><\/div><\/div><div id=\"pgc-8264-2-1\"  class=\"panel-grid-cell panel-grid-cell-empty\" ><\/div><\/div><\/div>","protected":false},"excerpt":{"rendered":"<p>Typer av k\u00e5kvisorRepertoaren i Visarkivets samlingar av k\u00e5kvisor kan delas in i tv\u00e5 kategorier \u2013 en \u00e4ldre och nyare repertoar. I den \u00e4ldre repertoaren \u00e4r det ofta f\u00e5ngen som individ som talar. Visornas jag \u00e4r f\u00e5ngen sj\u00e4lv, som talar i f\u00f6rsta person genom vistexten. Det \u00e4r f\u00e5ngen sj\u00e4lv som uttrycker lidande, l\u00e4ngtan och \u00e5nger. Detta [&hellip;]<\/p>\n","protected":false},"author":70,"featured_media":0,"parent":8252,"menu_order":0,"comment_status":"closed","ping_status":"closed","template":"","meta":{"ngg_post_thumbnail":0,"spay_email":""},"categories":[3],"tags":[303],"yoast_head":"<!-- This site is optimized with the Yoast SEO plugin v16.3 - https:\/\/yoast.com\/wordpress\/plugins\/seo\/ -->\n<meta name=\"robots\" content=\"index, follow, max-snippet:-1, max-image-preview:large, max-video-preview:-1\" \/>\n<link rel=\"canonical\" href=\"https:\/\/musikverket-old.test.consids5.se\/svensktvisarkiv\/musik-pa-kaken\/typer-av-kakvisor\/\" \/>\n<meta property=\"og:locale\" content=\"sv_SE\" \/>\n<meta property=\"og:type\" content=\"article\" \/>\n<meta property=\"og:title\" content=\"Typer av k\u00e5kvisor - Svenskt visarkiv\" \/>\n<meta property=\"og:description\" content=\"Typer av k\u00e5kvisorRepertoaren i Visarkivets samlingar av k\u00e5kvisor kan delas in i tv\u00e5 kategorier \u2013 en \u00e4ldre och nyare repertoar. I den \u00e4ldre repertoaren \u00e4r det ofta f\u00e5ngen som individ som talar. Visornas jag \u00e4r f\u00e5ngen sj\u00e4lv, som talar i f\u00f6rsta person genom vistexten. Det \u00e4r f\u00e5ngen sj\u00e4lv som uttrycker lidande, l\u00e4ngtan och \u00e5nger. Detta [&hellip;]\" \/>\n<meta property=\"og:url\" content=\"https:\/\/musikverket-old.test.consids5.se\/svensktvisarkiv\/musik-pa-kaken\/typer-av-kakvisor\/\" \/>\n<meta property=\"og:site_name\" content=\"Svenskt visarkiv\" \/>\n<meta property=\"article:modified_time\" content=\"2017-10-04T14:37:33+00:00\" \/>\n<meta property=\"og:image\" content=\"https:\/\/musikverket-old.test.consids5.se\/svensktvisarkiv\/files\/2017\/10\/individens-rost-puff.jpg\" \/>\n<meta name=\"twitter:label1\" content=\"Ber\u00e4knad l\u00e4stid\">\n\t<meta name=\"twitter:data1\" content=\"4 minuter\">\n<script type=\"application\/ld+json\" class=\"yoast-schema-graph\">{\"@context\":\"https:\/\/schema.org\",\"@graph\":[{\"@type\":\"WebSite\",\"@id\":\"https:\/\/musikverket-old.test.consids5.se\/svensktvisarkiv\/#website\",\"url\":\"https:\/\/musikverket-old.test.consids5.se\/svensktvisarkiv\/\",\"name\":\"Svenskt visarkiv\",\"description\":\"Bevarar folkmusik, \\u00e4ldre popul\\u00e4rmusik, jazz och inflyttade musiktraditioner\",\"potentialAction\":[{\"@type\":\"SearchAction\",\"target\":\"https:\/\/musikverket-old.test.consids5.se\/svensktvisarkiv\/?s={search_term_string}\",\"query-input\":\"required name=search_term_string\"}],\"inLanguage\":\"sv-SE\"},{\"@type\":\"ImageObject\",\"@id\":\"https:\/\/musikverket-old.test.consids5.se\/svensktvisarkiv\/musik-pa-kaken\/typer-av-kakvisor\/#primaryimage\",\"inLanguage\":\"sv-SE\",\"url\":\"\/svensktvisarkiv\/files\/2017\/10\/individens-rost-puff.jpg\",\"contentUrl\":\"\/svensktvisarkiv\/files\/2017\/10\/individens-rost-puff.jpg\"},{\"@type\":\"WebPage\",\"@id\":\"https:\/\/musikverket-old.test.consids5.se\/svensktvisarkiv\/musik-pa-kaken\/typer-av-kakvisor\/#webpage\",\"url\":\"https:\/\/musikverket-old.test.consids5.se\/svensktvisarkiv\/musik-pa-kaken\/typer-av-kakvisor\/\",\"name\":\"Typer av k\\u00e5kvisor - Svenskt visarkiv\",\"isPartOf\":{\"@id\":\"https:\/\/musikverket-old.test.consids5.se\/svensktvisarkiv\/#website\"},\"primaryImageOfPage\":{\"@id\":\"https:\/\/musikverket-old.test.consids5.se\/svensktvisarkiv\/musik-pa-kaken\/typer-av-kakvisor\/#primaryimage\"},\"datePublished\":\"2017-09-25T12:14:44+00:00\",\"dateModified\":\"2017-10-04T14:37:33+00:00\",\"breadcrumb\":{\"@id\":\"https:\/\/musikverket-old.test.consids5.se\/svensktvisarkiv\/musik-pa-kaken\/typer-av-kakvisor\/#breadcrumb\"},\"inLanguage\":\"sv-SE\",\"potentialAction\":[{\"@type\":\"ReadAction\",\"target\":[\"https:\/\/musikverket-old.test.consids5.se\/svensktvisarkiv\/musik-pa-kaken\/typer-av-kakvisor\/\"]}]},{\"@type\":\"BreadcrumbList\",\"@id\":\"https:\/\/musikverket-old.test.consids5.se\/svensktvisarkiv\/musik-pa-kaken\/typer-av-kakvisor\/#breadcrumb\",\"itemListElement\":[{\"@type\":\"ListItem\",\"position\":1,\"item\":{\"@type\":\"WebPage\",\"@id\":\"https:\/\/musikverket-old.test.consids5.se\/svensktvisarkiv\/\",\"url\":\"https:\/\/musikverket-old.test.consids5.se\/svensktvisarkiv\/\",\"name\":\"Hem\"}},{\"@type\":\"ListItem\",\"position\":2,\"item\":{\"@type\":\"WebPage\",\"@id\":\"https:\/\/musikverket-old.test.consids5.se\/svensktvisarkiv\/musik-pa-kaken\/\",\"url\":\"https:\/\/musikverket-old.test.consids5.se\/svensktvisarkiv\/musik-pa-kaken\/\",\"name\":\"Musik p\\u00e5 k\\u00e5ken\"}},{\"@type\":\"ListItem\",\"position\":3,\"item\":{\"@id\":\"https:\/\/musikverket-old.test.consids5.se\/svensktvisarkiv\/musik-pa-kaken\/typer-av-kakvisor\/#webpage\"}}]}]}<\/script>\n<!-- \/ Yoast SEO plugin. -->","jetpack_shortlink":"https:\/\/wp.me\/P2Zwnz-29i","jetpack_sharing_enabled":true,"_links":{"self":[{"href":"https:\/\/musikverket-old.test.consids5.se\/svensktvisarkiv\/wp-json\/wp\/v2\/pages\/8264"}],"collection":[{"href":"https:\/\/musikverket-old.test.consids5.se\/svensktvisarkiv\/wp-json\/wp\/v2\/pages"}],"about":[{"href":"https:\/\/musikverket-old.test.consids5.se\/svensktvisarkiv\/wp-json\/wp\/v2\/types\/page"}],"author":[{"embeddable":true,"href":"https:\/\/musikverket-old.test.consids5.se\/svensktvisarkiv\/wp-json\/wp\/v2\/users\/70"}],"replies":[{"embeddable":true,"href":"https:\/\/musikverket-old.test.consids5.se\/svensktvisarkiv\/wp-json\/wp\/v2\/comments?post=8264"}],"version-history":[{"count":0,"href":"https:\/\/musikverket-old.test.consids5.se\/svensktvisarkiv\/wp-json\/wp\/v2\/pages\/8264\/revisions"}],"up":[{"embeddable":true,"href":"https:\/\/musikverket-old.test.consids5.se\/svensktvisarkiv\/wp-json\/wp\/v2\/pages\/8252"}],"wp:attachment":[{"href":"https:\/\/musikverket-old.test.consids5.se\/svensktvisarkiv\/wp-json\/wp\/v2\/media?parent=8264"}],"wp:term":[{"taxonomy":"category","embeddable":true,"href":"https:\/\/musikverket-old.test.consids5.se\/svensktvisarkiv\/wp-json\/wp\/v2\/categories?post=8264"},{"taxonomy":"post_tag","embeddable":true,"href":"https:\/\/musikverket-old.test.consids5.se\/svensktvisarkiv\/wp-json\/wp\/v2\/tags?post=8264"}],"curies":[{"name":"wp","href":"https:\/\/api.w.org\/{rel}","templated":true}]}}