{"id":854,"date":"2012-05-04T10:08:56","date_gmt":"2012-05-04T10:08:56","guid":{"rendered":"http:\/\/statensmusikverk.se\/svensktvisarkiv\/om-svenskt-visarkiv\/"},"modified":"2019-10-23T14:32:01","modified_gmt":"2019-10-23T12:32:01","slug":"om-svenskt-visarkiv","status":"publish","type":"page","link":"https:\/\/musikverket-old.test.consids5.se\/svensktvisarkiv\/om-svenskt-visarkiv\/?lang=rom","title":{"rendered":"Om Svenskt visarkiv"},"content":{"rendered":"<div id=\"pl-854\"  class=\"panel-layout\" ><div id=\"pg-854-0\"  class=\"panel-grid panel-no-style\" ><div id=\"pgc-854-0-0\"  class=\"panel-grid-cell\" ><div id=\"panel-854-0-0-0\" class=\"so-panel widget widget_headers panel-first-child panel-last-child\" data-index=\"0\" ><div class=\"so-widget-headers so-widget-headers-base\"><h1 id=\"om-svenskt-visarkiv\">Om Svenskt visarkiv<\/h1>\n<\/div><\/div><\/div><\/div><div id=\"pg-854-1\"  class=\"panel-grid panel-no-style\" ><div id=\"pgc-854-1-0\"  class=\"panel-grid-cell panel-grid-cell-mobile-last\" ><div id=\"panel-854-1-0-0\" class=\"so-panel widget widget_black-studio-tinymce widget_black_studio_tinymce panel-first-child\" data-index=\"1\" ><div class=\"textwidget\"><p><em>Bevarar folkmusik, &auml;ldre popul&auml;rmusik, svensk jazz, folklig dans och inflyttade musiktraditioner &ndash; inspiration f&ouml;r nyskapande.<\/em><\/p>\n<\/div><\/div><div id=\"panel-854-1-0-1\" class=\"so-panel widget widget_black-studio-tinymce widget_black_studio_tinymce\" data-index=\"2\" ><div class=\"textwidget\"><p><a href=\"\/svensktvisarkiv\/artikel\/om-svenskt-visarkiv-teckentolkat\/\">Information p\u00e5 svenskt teckenspr\u00e5k<\/a><br \/>\n<a title=\"Om Svenskt visarkiv, l\u00e4ttl\u00e4st\" href=\"\/svensktvisarkiv\/artikel\/om-svenskt-visarkiv\/\">Information p\u00e5 l\u00e4ttl\u00e4st svenska<\/a><\/p>\n<\/div><\/div><div id=\"panel-854-1-0-2\" class=\"so-panel widget widget_headers\" data-index=\"3\" ><div class=\"so-widget-headers so-widget-headers-base\"><h3 id=\"oppet-for-alla\">\u00d6ppet f\u00f6r alla<\/h3>\n<\/div><\/div><div id=\"panel-854-1-0-3\" class=\"so-panel widget widget_black-studio-tinymce widget_black_studio_tinymce\" data-index=\"4\" ><div class=\"textwidget\"><p>Svenskt visarkiv samlar in, bevarar, forskar och publicerar material inom omr\u00e5dena folkliga och andra \u00e4ldre visor, dans, spelmansmusik, \u00e4ldre popul\u00e4rmusik samt svensk jazz.<\/p>\n<p>Visarkivet \u00e4r \u00f6ppet f\u00f6r alla, s\u00e5v\u00e4l forskare, studerande och ut\u00f6vande musiker som andra musikintresserade.<\/p>\n<p>Visarkivets \u00e4mnesexperter svarar p\u00e5 fr\u00e5gor fr\u00e5n personer och institutioner \u00f6ver hela landet. I <a title=\"Svenskt visarkivs webbkataloger\" href=\"http:\/\/katalog.visarkiv.se\/lib\/Default.aspx?item=14\" target=\"_blank\" rel=\"noopener\">Visarkivets webbkataloger<\/a>&nbsp;g\u00e5r det att s\u00f6ka sj\u00e4lv bland 100&nbsp;000-tals visor och l\u00e5tar \u00ad\u2013 fr\u00e5n 1500-talets visb\u00f6cker till nutidens visor och schlagermelodier. I biblioteket kan bes\u00f6kare l\u00e4sa, lyssna och titta p\u00e5 material samt kopiera texter och noter f\u00f6r eget bruk. Dessutom p\u00e5g\u00e5r ett st\u00e4ndigt arbete med att tillg\u00e4ngligg\u00f6ra mer material ur samlingarna p\u00e5 webben.<\/p>\n<p>Visarkivet \u00e4r ett musiketnologiskt centrum i Sverige. Det betyder att ramen f\u00f6r arbetet utg\u00f6rs av fr\u00e5gor och f\u00f6rest\u00e4llningar kring musik, m\u00e4nniskor och samh\u00e4lle. Arbetet str\u00e4cker sig ocks\u00e5 utanf\u00f6r Sveriges gr\u00e4nser genom samarbete med institutioner inom musiketnologi, folkmusik och jazz samt med ljudarkiv, folklivsarkiv och universitet i Sverige, Norden och andra delar av v\u00e4rlden.<\/p>\n<p><a title=\"\" href=\"\/artikel\/sa-behandlar-musikverket-personuppgifter\/\">S\u00e5 behandlar vi personuppgifter<\/a><\/p>\n<\/div><\/div><div id=\"panel-854-1-0-4\" class=\"so-panel widget widget_headers\" data-index=\"5\" ><div class=\"so-widget-headers so-widget-headers-base\"><h3 id=\"visarkivets-historia\">Visarkivets historia <\/h3>\n<\/div><\/div><div id=\"panel-854-1-0-5\" class=\"so-panel widget widget_black-studio-tinymce widget_black_studio_tinymce panel-last-child\" data-index=\"6\" ><div class=\"textwidget\"><p>Svenskt visarkiv grundades 1951 p\u00e5 initiativ av visdiktaren och radiomannen Ulf Peder Olrog, med st\u00f6d av bland andra skeppsredare Sven Sal\u00e9n. Visarkivet var fr\u00e5n b\u00f6rjan en stiftelse med uppgift att registrera och systematisera svenskt vismaterial.<\/p>\n<p>Under de f\u00f6ljande \u00e5rtiondena breddades verksamheten till att omfatta hela folkmusikf\u00e4ltet, och s\u00e5 sm\u00e5ningom \u00e4ven den svenska jazzen, den tidiga popul\u00e4rmusiken, inflyttade musiktraditioner och folklig dans.<\/p>\n<p>P\u00e5 1960-talet b\u00f6rjade Svenskt visarkiv dokumentera den levande svenska folkmusiken genom omfattande inspelningsprojekt runtom i landet, vilket resulterade i en unik samling av traditionsinspelningar.<\/p>\n<p style=\"margin: 0cm; margin-bottom: .0001pt;\"><span style=\"font-family: 'Georgia',serif; color: #262626;\">1970 f\u00f6rstatligades arkivet. Vid samma tid grundades st\u00f6df\u00f6reningen Samfundet f\u00f6r visforskning med syfte att fr\u00e4mja och publicera vis- och folkmusikforskning och som var verksamt fram till 2019.<\/span><\/p>\n<p>Visarkivets verksamhet har sedan starten pr\u00e4glats av ett n\u00e4ra samarbete med Sveriges Radio, med folkmusikr\u00f6relsen och med den etnologiska och musikvetenskapliga forskningen.<\/p>\n<p>L\u00e4s mer om Visarkivets historia:<\/p>\n<ul>\n<li><a title=\"Ordning i augiasstallet \u2013 om Svenskt visarkivs historia (pdf, \u00f6ppnas i ett nytt f\u00f6nster)\" href=\"http:\/\/urn.kb.se\/resolve?urn=urn:nbn:se:statensmusikverk-338\" target=\"_blank\" rel=\"noopener\">Ordning i augiasstallet<\/a> (av Sven-Bertil Jansson, skriven i samband med 50-\u00e5rsjubileet 2001, ur <em>Noterat<\/em> 9)<\/li>\n<li><a title=\"Svenskt visarkiv \u2013 60 \u00e5r i folkmusikens tj\u00e4nst (pdf, \u00f6ppnas i ett nytt f\u00f6nster)\" href=\"http:\/\/urn.kb.se\/resolve?urn=urn:nbn:se:statensmusikverk-348\" target=\"_blank\" rel=\"noopener\">Svenskt visarkiv \u2013 60 \u00e5r i folkmusikens tj\u00e4nst<\/a> (av Mathias Bostr\u00f6m, skriven i samband med 60-\u00e5rsjubileet 2011, ur <em>Hembygden<\/em> 2\/2011)<\/li>\n<li><a href=\"https:\/\/musikverket.se\/svensktvisarkiv\/om-svenskt-visarkiv\/samfundet-for-visforskning\/\">Samfundet f\u00f6r visforskning<\/a><\/li>\n<\/ul>\n<\/div><\/div><\/div><div id=\"pgc-854-1-1\"  class=\"panel-grid-cell panel-grid-cell-empty\" ><\/div><\/div><\/div>","protected":false},"excerpt":{"rendered":"<p>Svenskt visarkiv bevarar folkmusik, \u00e4ldre popul\u00e4rmusik, svensk jazz, folklig dans och inflyttade musiktraditioner \u2013 inspiration f\u00f6r nyskapande.<\/p>\n","protected":false},"author":1,"featured_media":2788,"parent":0,"menu_order":0,"comment_status":"open","ping_status":"open","template":"","meta":{"ngg_post_thumbnail":0,"spay_email":""},"categories":[5,3,4],"tags":[13],"yoast_head":"<!-- This site is optimized with the Yoast SEO plugin v16.3 - https:\/\/yoast.com\/wordpress\/plugins\/seo\/ -->\n<meta name=\"robots\" content=\"index, follow, max-snippet:-1, max-image-preview:large, max-video-preview:-1\" \/>\n<link rel=\"canonical\" href=\"https:\/\/musikverket-old.test.consids5.se\/svensktvisarkiv\/om-svenskt-visarkiv\/\" \/>\n<meta property=\"og:locale\" content=\"sv_SE\" \/>\n<meta property=\"og:type\" content=\"article\" \/>\n<meta property=\"og:title\" content=\"Om Svenskt visarkiv - Svenskt visarkiv\" \/>\n<meta property=\"og:description\" content=\"Svenskt visarkiv bevarar folkmusik, \u00e4ldre popul\u00e4rmusik, svensk jazz, folklig dans och inflyttade musiktraditioner \u2013 inspiration f\u00f6r nyskapande.\" \/>\n<meta property=\"og:url\" content=\"https:\/\/musikverket-old.test.consids5.se\/svensktvisarkiv\/om-svenskt-visarkiv\/?lang=rom\" \/>\n<meta property=\"og:site_name\" content=\"Svenskt visarkiv\" \/>\n<meta property=\"article:modified_time\" content=\"2019-10-23T12:32:01+00:00\" \/>\n<meta property=\"og:image\" content=\"https:\/\/musikverket.se\/svensktvisarkiv\/files\/2013\/09\/SVA_om_visarkivet_utv_bild_500x364px.jpg\" \/>\n\t<meta property=\"og:image:width\" content=\"500\" \/>\n\t<meta property=\"og:image:height\" content=\"364\" \/>\n<meta name=\"twitter:label1\" content=\"Ber\u00e4knad l\u00e4stid\">\n\t<meta name=\"twitter:data1\" content=\"2 minuter\">\n<script type=\"application\/ld+json\" class=\"yoast-schema-graph\">{\"@context\":\"https:\/\/schema.org\",\"@graph\":[{\"@type\":\"WebSite\",\"@id\":\"https:\/\/musikverket-old.test.consids5.se\/svensktvisarkiv\/#website\",\"url\":\"https:\/\/musikverket-old.test.consids5.se\/svensktvisarkiv\/\",\"name\":\"Svenskt visarkiv\",\"description\":\"Bevarar folkmusik, \\u00e4ldre popul\\u00e4rmusik, jazz och inflyttade musiktraditioner\",\"potentialAction\":[{\"@type\":\"SearchAction\",\"target\":\"https:\/\/musikverket-old.test.consids5.se\/svensktvisarkiv\/?s={search_term_string}\",\"query-input\":\"required name=search_term_string\"}],\"inLanguage\":\"sv-SE\"},{\"@type\":\"ImageObject\",\"@id\":\"https:\/\/musikverket-old.test.consids5.se\/svensktvisarkiv\/om-svenskt-visarkiv\/?lang=rom#primaryimage\",\"inLanguage\":\"sv-SE\",\"url\":\"https:\/\/musikverket-old.test.consids5.se\/svensktvisarkiv\/files\/2013\/09\/SVA_om_visarkivet_utv_bild_500x364px.jpg\",\"contentUrl\":\"https:\/\/musikverket-old.test.consids5.se\/svensktvisarkiv\/files\/2013\/09\/SVA_om_visarkivet_utv_bild_500x364px.jpg\",\"width\":\"500\",\"height\":\"364\",\"caption\":\"Om visarkivet. Foto: Miki Anagrius\"},{\"@type\":\"WebPage\",\"@id\":\"https:\/\/musikverket-old.test.consids5.se\/svensktvisarkiv\/om-svenskt-visarkiv\/?lang=rom#webpage\",\"url\":\"https:\/\/musikverket-old.test.consids5.se\/svensktvisarkiv\/om-svenskt-visarkiv\/?lang=rom\",\"name\":\"Om Svenskt visarkiv - Svenskt visarkiv\",\"isPartOf\":{\"@id\":\"https:\/\/musikverket-old.test.consids5.se\/svensktvisarkiv\/#website\"},\"primaryImageOfPage\":{\"@id\":\"https:\/\/musikverket-old.test.consids5.se\/svensktvisarkiv\/om-svenskt-visarkiv\/?lang=rom#primaryimage\"},\"datePublished\":\"2012-05-04T10:08:56+00:00\",\"dateModified\":\"2019-10-23T12:32:01+00:00\",\"breadcrumb\":{\"@id\":\"https:\/\/musikverket-old.test.consids5.se\/svensktvisarkiv\/om-svenskt-visarkiv\/?lang=rom#breadcrumb\"},\"inLanguage\":\"sv-SE\",\"potentialAction\":[{\"@type\":\"ReadAction\",\"target\":[\"https:\/\/musikverket-old.test.consids5.se\/svensktvisarkiv\/om-svenskt-visarkiv\/?lang=rom\"]}]},{\"@type\":\"BreadcrumbList\",\"@id\":\"https:\/\/musikverket-old.test.consids5.se\/svensktvisarkiv\/om-svenskt-visarkiv\/?lang=rom#breadcrumb\",\"itemListElement\":[{\"@type\":\"ListItem\",\"position\":1,\"item\":{\"@type\":\"WebPage\",\"@id\":\"https:\/\/musikverket-old.test.consids5.se\/svensktvisarkiv\/\",\"url\":\"https:\/\/musikverket-old.test.consids5.se\/svensktvisarkiv\/\",\"name\":\"Hem\"}},{\"@type\":\"ListItem\",\"position\":2,\"item\":{\"@id\":\"https:\/\/musikverket-old.test.consids5.se\/svensktvisarkiv\/om-svenskt-visarkiv\/?lang=rom#webpage\"}}]}]}<\/script>\n<!-- \/ Yoast SEO plugin. -->","jetpack_shortlink":"https:\/\/wp.me\/P2Zwnz-dM","jetpack_sharing_enabled":true,"_links":{"self":[{"href":"https:\/\/musikverket-old.test.consids5.se\/svensktvisarkiv\/wp-json\/wp\/v2\/pages\/854"}],"collection":[{"href":"https:\/\/musikverket-old.test.consids5.se\/svensktvisarkiv\/wp-json\/wp\/v2\/pages"}],"about":[{"href":"https:\/\/musikverket-old.test.consids5.se\/svensktvisarkiv\/wp-json\/wp\/v2\/types\/page"}],"author":[{"embeddable":true,"href":"https:\/\/musikverket-old.test.consids5.se\/svensktvisarkiv\/wp-json\/wp\/v2\/users\/1"}],"replies":[{"embeddable":true,"href":"https:\/\/musikverket-old.test.consids5.se\/svensktvisarkiv\/wp-json\/wp\/v2\/comments?post=854"}],"version-history":[{"count":0,"href":"https:\/\/musikverket-old.test.consids5.se\/svensktvisarkiv\/wp-json\/wp\/v2\/pages\/854\/revisions"}],"wp:featuredmedia":[{"embeddable":true,"href":"https:\/\/musikverket-old.test.consids5.se\/svensktvisarkiv\/wp-json\/wp\/v2\/media\/2788"}],"wp:attachment":[{"href":"https:\/\/musikverket-old.test.consids5.se\/svensktvisarkiv\/wp-json\/wp\/v2\/media?parent=854"}],"wp:term":[{"taxonomy":"category","embeddable":true,"href":"https:\/\/musikverket-old.test.consids5.se\/svensktvisarkiv\/wp-json\/wp\/v2\/categories?post=854"},{"taxonomy":"post_tag","embeddable":true,"href":"https:\/\/musikverket-old.test.consids5.se\/svensktvisarkiv\/wp-json\/wp\/v2\/tags?post=854"}],"curies":[{"name":"wp","href":"https:\/\/api.w.org\/{rel}","templated":true}]}}