{"id":8663,"date":"2018-08-21T13:20:07","date_gmt":"2018-08-21T11:20:07","guid":{"rendered":"https:\/\/musikverket.se\/svensktvisarkiv\/?page_id=8663"},"modified":"2018-08-28T14:54:03","modified_gmt":"2018-08-28T12:54:03","slug":"det-queera-dansgolvet","status":"publish","type":"page","link":"https:\/\/musikverket-old.test.consids5.se\/svensktvisarkiv\/det-queera-dansgolvet\/","title":{"rendered":"Det queera dansgolvet"},"content":{"rendered":"<div id=\"pl-8663\"  class=\"panel-layout\" ><div id=\"pg-8663-0\"  class=\"panel-grid panel-no-style\" ><div id=\"pgc-8663-0-0\"  class=\"panel-grid-cell\" ><div id=\"panel-8663-0-0-0\" class=\"so-panel widget widget_headers panel-first-child panel-last-child\" data-index=\"0\" ><div class=\"so-widget-headers so-widget-headers-base\"><h1 id=\"det-queera-dansgolvet\">Det queera dansgolvet<\/h1>\n<\/div><\/div><\/div><\/div><div id=\"pg-8663-1\"  class=\"panel-grid panel-has-style\" ><div class=\"siteorigin-panels-stretch panel-row-style panel-row-style-for-8663-1\" data-stretch-type=\"full\" ><div id=\"pgc-8663-1-0\"  class=\"panel-grid-cell\" ><div id=\"panel-8663-1-0-0\" class=\"so-panel widget widget_sow-slider panel-first-child panel-last-child\" data-index=\"1\" ><div class=\"so-widget-sow-slider so-widget-sow-slider-default-a674ec69f002\"><div class=\"sow-slider-base \" style=\"display: none\"><ul class=\"sow-slider-images\" data-settings=\"{&quot;pagination&quot;:true,&quot;speed&quot;:800,&quot;timeout&quot;:8000,&quot;paused&quot;:false,&quot;pause_on_hover&quot;:false,&quot;swipe&quot;:true,&quot;nav_always_show_desktop&quot;:&quot;&quot;,&quot;nav_always_show_mobile&quot;:&quot;&quot;,&quot;breakpoint&quot;:&quot;780px&quot;}\">\t\t<li class=\"sow-slider-image  sow-slider-image-cover\" style=\"background-color: #000000;background-image: url(https:\/\/musikverket-old.test.consids5.se\/svensktvisarkiv\/files\/2018\/08\/Queerdans-toppsnurra-2.jpg)\" >\n\t\t\t\t\t\t\t\t\t<img width=\"1280\" height=\"425\" src=\"https:\/\/musikverket-old.test.consids5.se\/svensktvisarkiv\/files\/2018\/08\/Queerdans-toppsnurra-2.jpg\" class=\"sow-slider-background-image\" alt=\"Foto: Christine Richter\" loading=\"eager\" srcset=\"https:\/\/musikverket-old.test.consids5.se\/svensktvisarkiv\/files\/2018\/08\/Queerdans-toppsnurra-2.jpg 1280w, https:\/\/musikverket-old.test.consids5.se\/svensktvisarkiv\/files\/2018\/08\/Queerdans-toppsnurra-2-300x100.jpg 300w, https:\/\/musikverket-old.test.consids5.se\/svensktvisarkiv\/files\/2018\/08\/Queerdans-toppsnurra-2-768x255.jpg 768w, https:\/\/musikverket-old.test.consids5.se\/svensktvisarkiv\/files\/2018\/08\/Queerdans-toppsnurra-2-1024x340.jpg 1024w, https:\/\/musikverket-old.test.consids5.se\/svensktvisarkiv\/files\/2018\/08\/Queerdans-toppsnurra-2-252x84.jpg 252w, https:\/\/musikverket-old.test.consids5.se\/svensktvisarkiv\/files\/2018\/08\/Queerdans-toppsnurra-2-1205x400.jpg 1205w, https:\/\/musikverket-old.test.consids5.se\/svensktvisarkiv\/files\/2018\/08\/Queerdans-toppsnurra-2-753x250.jpg 753w, https:\/\/musikverket-old.test.consids5.se\/svensktvisarkiv\/files\/2018\/08\/Queerdans-toppsnurra-2-251x83.jpg 251w\" sizes=\"(max-width: 1280px) 100vw, 1280px\" \/>\t\t\t\t\t\t\t\t<\/li>\n\t\t<\/ul>\t\t\t\t<ol class=\"sow-slider-pagination\">\n\t\t\t\t\t\t\t\t\t\t\t<li><a href=\"#\" data-goto=\"0\" aria-label=\"display slide 1\"><\/a><\/li>\n\t\t\t\t\t\t\t\t\t<\/ol>\n\n\t\t\t\t<div class=\"sow-slide-nav sow-slide-nav-next\">\n\t\t\t\t\t<a href=\"#\" data-goto=\"next\" aria-label=\"next slide\" data-action=\"next\">\n\t\t\t\t\t\t<em class=\"sow-sld-icon-thin-right\"><\/em>\n\t\t\t\t\t<\/a>\n\t\t\t\t<\/div>\n\n\t\t\t\t<div class=\"sow-slide-nav sow-slide-nav-prev\">\n\t\t\t\t\t<a href=\"#\" data-goto=\"previous\" aria-label=\"previous slide\" data-action=\"prev\">\n\t\t\t\t\t\t<em class=\"sow-sld-icon-thin-left\"><\/em>\n\t\t\t\t\t<\/a>\n\t\t\t\t<\/div>\n\t\t\t\t<\/div><\/div><\/div><\/div><\/div><\/div><div id=\"pg-8663-2\"  class=\"panel-grid panel-no-style\" ><div id=\"pgc-8663-2-0\"  class=\"panel-grid-cell\" ><div id=\"panel-8663-2-0-0\" class=\"so-panel widget widget_headers panel-first-child\" data-index=\"2\" ><div class=\"so-widget-headers so-widget-headers-base\"><h2 id=\"har-pardans-alltid-inneburit-en-man-och-en-kvinna\">Har pardans alltid inneburit en man och en kvinna? <\/h2>\n<\/div><\/div><div id=\"panel-8663-2-0-1\" class=\"so-panel widget widget_black-studio-tinymce widget_black_studio_tinymce panel-last-child\" data-index=\"3\" ><div class=\"textwidget\"><p>Samk\u00f6nad pardans \u00e4r inget nytt. Det finns en f\u00f6rest\u00e4llning om att pardans traditionellt dansats av en man och en kvinna, men det finns ocks\u00e5 m\u00e5nga tecken p\u00e5 att detta \u00e4r en relativt ny uppfattning. I gamla tider var fest starkt f\u00f6rknippat med dans, och i milj\u00f6er d\u00e4r det funnits m\u00e5nga m\u00e4n&nbsp;\u2013 till exempel i gruvmilj\u00f6er eller inom sj\u00f6fart \u2013 har det ofta f\u00f6rekommit att m\u00e4n dansat tillsammans. Men ocks\u00e5 i andra sammanhang d\u00e4r det \u00e4ven fanns kvinnor har m\u00e4n dansat med varandra.&nbsp; Det finns exempel p\u00e5 b\u00e5de manlig och kvinnlig samk\u00f6nad dans i \u00e4ldre texter, p\u00e5 fotografier, bilder och p\u00e5 film om dans.<\/p>\n<p>Medan det fortsatt varit accepterat f\u00f6r kvinnor att dansa ihop, blev det n\u00e5gon g\u00e5ng under mitten av 1900-talet ovanligt att m\u00e4n gjorde det. S\u00e5 nej, samk\u00f6nad dans \u00e4r inget nytt. Men queerdans betyder mycket mer \u00e4n att f\u00e5 lov att dansa med n\u00e5gon av samma k\u00f6n.<\/p>\n<\/div><\/div><\/div><div id=\"pgc-8663-2-1\"  class=\"panel-grid-cell\" ><div id=\"panel-8663-2-1-0\" class=\"so-panel widget widget_headers panel-first-child\" data-index=\"4\" ><div class=\"so-widget-headers so-widget-headers-base\"><h2 id=\"vad-ar-queer\">Vad \u00e4r queer?<\/h2>\n<\/div><\/div><div id=\"panel-8663-2-1-1\" class=\"so-panel widget widget_black-studio-tinymce widget_black_studio_tinymce panel-last-child\" data-index=\"5\" ><div class=\"textwidget\"><p>Begreppet queer anv\u00e4nds p\u00e5 flera s\u00e4tt. Det \u00e4r dels ett s\u00e4tt att identifiera sig och sin sexualitet och\/eller k\u00f6nsidentitet, som ett paraplybegrepp f\u00f6r m\u00e4nniskor som st\u00e5r utanf\u00f6r heteronormen. Dels f\u00f6r att beskriva ett f\u00f6rh\u00e5llningss\u00e4tt som kritiserar heteronormen.<\/p>\n<p>Med heteronormen menas f\u00f6rest\u00e4llningen om heterosexualitet och cis (icke-trans) som det normala medan andra sexualiteter och s\u00e4tt att definiera sitt k\u00f6n som utanf\u00f6r normen. Heteronormen f\u00f6rv\u00e4ntar sig ocks\u00e5 att m\u00e4n beter sig maskulint och kvinnor feminint.<\/p>\n<p>Inom queerteorin \u00e4r begreppet centralt. Teorin menar att man och kvinna endast \u00e4r konstruerade roller och relationer mellan beg\u00e4r- och maktf\u00f6rh\u00e5llande. Queerteorin ser \u00e4ven homosexuell eller heterosexuell som konstruktioner, skapade under 1800-talet.<\/p>\n<\/div><\/div><\/div><\/div><div id=\"pg-8663-3\"  class=\"panel-grid panel-no-style\" ><div id=\"pgc-8663-3-0\"  class=\"panel-grid-cell\" ><div id=\"panel-8663-3-0-0\" class=\"so-panel widget widget_headers panel-first-child\" data-index=\"6\" ><div class=\"so-widget-headers so-widget-headers-base\"><h2 id=\"vad-ar-queerdans\">Vad \u00e4r queerdans?<\/h2>\n<\/div><\/div><div id=\"panel-8663-3-0-1\" class=\"so-panel widget widget_black-studio-tinymce widget_black_studio_tinymce panel-last-child\" data-index=\"7\" ><div class=\"textwidget\"><p>Queerdans inom pardans inneb\u00e4r att man ifr\u00e5gas\u00e4tter normen att rollerna i dansen \u00e4r kopplade till k\u00f6nstillh\u00f6righet. &nbsp;Man fr\u00e5ng\u00e5r vanan att det \u00e4r mannen som f\u00f6r och kvinnan som f\u00f6ljer. I st\u00e4llet har var och en m\u00f6jlighet att v\u00e4lja roll i dansen, vilket inneb\u00e4r att det g\u00e5r att dansa tillsammans med vem som helst \u2013 inte bara n\u00e5gon av motsatt k\u00f6n.<\/p>\n<p>Queerdans syftar ocks\u00e5 till frihet vad g\u00e4ller k\u00f6nsidentitet. Det ges utrymme f\u00f6r andra uttryck \u00e4n de som traditionellt sett \u00e4r f\u00f6rknippade med ett visst k\u00f6n. I queerdansmilj\u00f6n finns en medvetenhet kring k\u00f6nsroller och genusfr\u00e5gor och en gemensam intention att aktivt bryta mot heteronormen.<\/p>\n<\/div><\/div><\/div><div id=\"pgc-8663-3-1\"  class=\"panel-grid-cell\" ><div id=\"panel-8663-3-1-0\" class=\"so-panel widget widget_headers panel-first-child\" data-index=\"8\" ><div class=\"so-widget-headers so-widget-headers-base\"><h2 id=\"varfor-vill-folk-queerdansa\">Varf\u00f6r vill folk queerdansa?<\/h2>\n<\/div><\/div><div id=\"panel-8663-3-1-1\" class=\"so-panel widget widget_black-studio-tinymce widget_black_studio_tinymce panel-last-child\" data-index=\"9\" ><div class=\"textwidget\"><p>Det finns olika orsaker till varf\u00f6r m\u00e4nniskor v\u00e4ljer queerdans. F\u00f6r en del handlar det om att f\u00e5 m\u00f6jlighet att dansa b\u00e5da rollerna i pardans, eller att kunna bjuda upp vem man vill och inte bara n\u00e5gon av motsatt k\u00f6n. F\u00f6r andra handlar det om att slippa vara fast i de uttryck, beteenden och utseenden som vanligtvis \u00e4r kopplade till ens biologiska k\u00f6n. Att f\u00e5 vara sig sj\u00e4lv. Det finns ocks\u00e5 politiska sk\u00e4l, att man vill ifr\u00e5gas\u00e4tta heteronormen inom dans liksom f\u00f6r \u00f6vrigt i samh\u00e4llet.<\/p>\n<\/div><\/div><\/div><\/div><div id=\"pg-8663-4\"  class=\"panel-grid panel-no-style\" ><div id=\"pgc-8663-4-0\"  class=\"panel-grid-cell\" ><div id=\"panel-8663-4-0-0\" class=\"so-panel widget widget_puff_widget panel-first-child panel-last-child\" data-index=\"10\" >\t\t\t<div class=\"inner with_title with_text with_picture with_link\" >\r\n\t\t\t<a href=\"\/svensktvisarkiv\/artikel\/video\/\">\t\t\t<div class=\"puff-picture\"><img src=\"\/svensktvisarkiv\/files\/2018\/08\/queerdans-puff-1.jpg\" alt=\"Puff Picture\" \/><\/div>\t\t\t<h4>Video<\/h4>\t\t\t<div class=\"puff-text\">Se filmer av bland annat salsa, tango och lidyhop.<\/div>\t\t\t<\/a>\t\t\t<\/div>\r\n\t\t<\/div><\/div><div id=\"pgc-8663-4-1\"  class=\"panel-grid-cell\" ><div id=\"panel-8663-4-1-0\" class=\"so-panel widget widget_puff_widget panel-first-child panel-last-child\" data-index=\"11\" >\t\t\t<div class=\"inner with_title with_text with_picture with_link\" >\r\n\t\t\t<a href=\"\/svensktvisarkiv\/artikel\/nar-dans-ar-mer-bara-dans\/\">\t\t\t<div class=\"puff-picture\"><img src=\"\/svensktvisarkiv\/files\/2018\/08\/peter-och-johan-puff.jpg\" alt=\"Puff Picture\" \/><\/div>\t\t\t<h4>&#8221;V\u00e5r dans blir en manifestation&#8221;<\/h4>\t\t\t<div class=\"puff-text\">Intervju med queersalsadansarna Peter Helm och Johan Bj\u00f6rk<\/div>\t\t\t<\/a>\t\t\t<\/div>\r\n\t\t<\/div><\/div><div id=\"pgc-8663-4-2\"  class=\"panel-grid-cell\" ><div id=\"panel-8663-4-2-0\" class=\"so-panel widget widget_puff_widget panel-first-child panel-last-child\" data-index=\"12\" >\t\t\t<div class=\"inner with_title with_text with_picture with_link\" >\r\n\t\t\t<a href=\" https:\/\/musikverket.se\/artikel\/dansgolvet-som-fristad\/\">\t\t\t<div class=\"puff-picture\"><img src=\"\/svensktvisarkiv\/files\/2018\/08\/intervju-anna-puff.jpg\" alt=\"Puff Picture\" \/><\/div>\t\t\t<h4>Dansgolvet som fristad<\/h4>\t\t\t<div class=\"puff-text\">Intervju med Anna Nyander, forskningsarkivarie inom dans p\u00e5 Svenskt visarkiv som studerat queerdans.<\/div>\t\t\t<\/a>\t\t\t<\/div>\r\n\t\t<\/div><\/div><div id=\"pgc-8663-4-3\"  class=\"panel-grid-cell panel-grid-cell-mobile-last\" ><div id=\"panel-8663-4-3-0\" class=\"so-panel widget widget_puff_widget panel-first-child panel-last-child\" data-index=\"13\" >\t\t\t<div class=\"inner with_title with_text with_picture with_link\" >\r\n\t\t\t<a href=\"http:\/\/urn.kb.se\/resolve?urn=urn:nbn:se:statensmusikverk-9562\">\t\t\t<div class=\"puff-picture\"><img src=\"\/svensktvisarkiv\/files\/2018\/08\/querdans-puff-2.jpg\" alt=\"Puff Picture\" \/><\/div>\t\t\t<h4>Om \u00f6nskan att f\u00e5 vara den man \u00e4r p\u00e5 dansgolvet<\/h4>\t\t\t<div class=\"puff-text\">L\u00e4s forskningsarkivarien Anna Nyanders rapport om queerdans i Sverige.<\/div>\t\t\t<\/a>\t\t\t<\/div>\r\n\t\t<\/div><\/div><div id=\"pgc-8663-4-4\"  class=\"panel-grid-cell panel-grid-cell-empty\" ><\/div><\/div><\/div>","protected":false},"excerpt":{"rendered":"<p>Det queera dansgolvet Har pardans alltid inneburit en man och en kvinna? Samk\u00f6nad pardans \u00e4r inget nytt. Det finns en f\u00f6rest\u00e4llning om att pardans traditionellt dansats av en man och en kvinna, men det finns ocks\u00e5 m\u00e5nga tecken p\u00e5 att detta \u00e4r en relativt ny uppfattning. I gamla tider var fest starkt f\u00f6rknippat med dans, [&hellip;]<\/p>\n","protected":false},"author":70,"featured_media":0,"parent":0,"menu_order":0,"comment_status":"closed","ping_status":"closed","template":"","meta":{"ngg_post_thumbnail":0,"spay_email":""},"categories":[5,4],"tags":[],"yoast_head":"<!-- This site is optimized with the Yoast SEO plugin v16.3 - https:\/\/yoast.com\/wordpress\/plugins\/seo\/ -->\n<meta name=\"robots\" content=\"index, follow, max-snippet:-1, max-image-preview:large, max-video-preview:-1\" \/>\n<link rel=\"canonical\" href=\"https:\/\/musikverket-old.test.consids5.se\/svensktvisarkiv\/det-queera-dansgolvet\/\" \/>\n<meta property=\"og:locale\" content=\"sv_SE\" \/>\n<meta property=\"og:type\" content=\"article\" \/>\n<meta property=\"og:title\" content=\"Det queera dansgolvet - Svenskt visarkiv\" \/>\n<meta property=\"og:description\" content=\"Det queera dansgolvet Har pardans alltid inneburit en man och en kvinna? Samk\u00f6nad pardans \u00e4r inget nytt. Det finns en f\u00f6rest\u00e4llning om att pardans traditionellt dansats av en man och en kvinna, men det finns ocks\u00e5 m\u00e5nga tecken p\u00e5 att detta \u00e4r en relativt ny uppfattning. I gamla tider var fest starkt f\u00f6rknippat med dans, [&hellip;]\" \/>\n<meta property=\"og:url\" content=\"https:\/\/musikverket-old.test.consids5.se\/svensktvisarkiv\/det-queera-dansgolvet\/\" \/>\n<meta property=\"og:site_name\" content=\"Svenskt visarkiv\" \/>\n<meta property=\"article:modified_time\" content=\"2018-08-28T12:54:03+00:00\" \/>\n<meta name=\"twitter:label1\" content=\"Ber\u00e4knad l\u00e4stid\">\n\t<meta name=\"twitter:data1\" content=\"3 minuter\">\n<script type=\"application\/ld+json\" class=\"yoast-schema-graph\">{\"@context\":\"https:\/\/schema.org\",\"@graph\":[{\"@type\":\"WebSite\",\"@id\":\"https:\/\/musikverket-old.test.consids5.se\/svensktvisarkiv\/#website\",\"url\":\"https:\/\/musikverket-old.test.consids5.se\/svensktvisarkiv\/\",\"name\":\"Svenskt visarkiv\",\"description\":\"Bevarar folkmusik, \\u00e4ldre popul\\u00e4rmusik, jazz och inflyttade musiktraditioner\",\"potentialAction\":[{\"@type\":\"SearchAction\",\"target\":\"https:\/\/musikverket-old.test.consids5.se\/svensktvisarkiv\/?s={search_term_string}\",\"query-input\":\"required name=search_term_string\"}],\"inLanguage\":\"sv-SE\"},{\"@type\":\"WebPage\",\"@id\":\"https:\/\/musikverket-old.test.consids5.se\/svensktvisarkiv\/det-queera-dansgolvet\/#webpage\",\"url\":\"https:\/\/musikverket-old.test.consids5.se\/svensktvisarkiv\/det-queera-dansgolvet\/\",\"name\":\"Det queera dansgolvet - Svenskt visarkiv\",\"isPartOf\":{\"@id\":\"https:\/\/musikverket-old.test.consids5.se\/svensktvisarkiv\/#website\"},\"datePublished\":\"2018-08-21T11:20:07+00:00\",\"dateModified\":\"2018-08-28T12:54:03+00:00\",\"breadcrumb\":{\"@id\":\"https:\/\/musikverket-old.test.consids5.se\/svensktvisarkiv\/det-queera-dansgolvet\/#breadcrumb\"},\"inLanguage\":\"sv-SE\",\"potentialAction\":[{\"@type\":\"ReadAction\",\"target\":[\"https:\/\/musikverket-old.test.consids5.se\/svensktvisarkiv\/det-queera-dansgolvet\/\"]}]},{\"@type\":\"BreadcrumbList\",\"@id\":\"https:\/\/musikverket-old.test.consids5.se\/svensktvisarkiv\/det-queera-dansgolvet\/#breadcrumb\",\"itemListElement\":[{\"@type\":\"ListItem\",\"position\":1,\"item\":{\"@type\":\"WebPage\",\"@id\":\"https:\/\/musikverket-old.test.consids5.se\/svensktvisarkiv\/\",\"url\":\"https:\/\/musikverket-old.test.consids5.se\/svensktvisarkiv\/\",\"name\":\"Hem\"}},{\"@type\":\"ListItem\",\"position\":2,\"item\":{\"@id\":\"https:\/\/musikverket-old.test.consids5.se\/svensktvisarkiv\/det-queera-dansgolvet\/#webpage\"}}]}]}<\/script>\n<!-- \/ Yoast SEO plugin. -->","jetpack_shortlink":"https:\/\/wp.me\/P2Zwnz-2fJ","jetpack_sharing_enabled":true,"_links":{"self":[{"href":"https:\/\/musikverket-old.test.consids5.se\/svensktvisarkiv\/wp-json\/wp\/v2\/pages\/8663"}],"collection":[{"href":"https:\/\/musikverket-old.test.consids5.se\/svensktvisarkiv\/wp-json\/wp\/v2\/pages"}],"about":[{"href":"https:\/\/musikverket-old.test.consids5.se\/svensktvisarkiv\/wp-json\/wp\/v2\/types\/page"}],"author":[{"embeddable":true,"href":"https:\/\/musikverket-old.test.consids5.se\/svensktvisarkiv\/wp-json\/wp\/v2\/users\/70"}],"replies":[{"embeddable":true,"href":"https:\/\/musikverket-old.test.consids5.se\/svensktvisarkiv\/wp-json\/wp\/v2\/comments?post=8663"}],"version-history":[{"count":0,"href":"https:\/\/musikverket-old.test.consids5.se\/svensktvisarkiv\/wp-json\/wp\/v2\/pages\/8663\/revisions"}],"wp:attachment":[{"href":"https:\/\/musikverket-old.test.consids5.se\/svensktvisarkiv\/wp-json\/wp\/v2\/media?parent=8663"}],"wp:term":[{"taxonomy":"category","embeddable":true,"href":"https:\/\/musikverket-old.test.consids5.se\/svensktvisarkiv\/wp-json\/wp\/v2\/categories?post=8663"},{"taxonomy":"post_tag","embeddable":true,"href":"https:\/\/musikverket-old.test.consids5.se\/svensktvisarkiv\/wp-json\/wp\/v2\/tags?post=8663"}],"curies":[{"name":"wp","href":"https:\/\/api.w.org\/{rel}","templated":true}]}}