{"id":8777,"date":"2017-06-12T12:57:42","date_gmt":"2017-06-12T10:57:42","guid":{"rendered":"https:\/\/musikverket.se\/svensktvisarkiv\/medeltida-ballader\/"},"modified":"2018-09-18T11:36:13","modified_gmt":"2018-09-18T09:36:13","slug":"medeltida-ballader","status":"publish","type":"page","link":"https:\/\/musikverket-old.test.consids5.se\/svensktvisarkiv\/medeltida-ballader\/?lang=en","title":{"rendered":"Medieval ballads"},"content":{"rendered":"<div id=\"pl-8777\"  class=\"panel-layout\" ><div id=\"pg-8777-0\"  class=\"panel-grid panel-no-style\" ><div id=\"pgc-8777-0-0\"  class=\"panel-grid-cell\" ><div id=\"panel-8777-0-0-0\" class=\"so-panel widget widget_headers panel-first-child panel-last-child\" data-index=\"0\" ><div class=\"so-widget-headers so-widget-headers-base\"><h1 id=\"medieval-ballads\">Medieval ballads<\/h1>\n<\/div><\/div><\/div><\/div><div id=\"pg-8777-1\"  class=\"panel-grid panel-no-style\" ><div id=\"pgc-8777-1-0\"  class=\"panel-grid-cell panel-grid-cell-mobile-last\" ><div id=\"panel-8777-1-0-0\" class=\"so-panel widget widget_black-studio-tinymce widget_black_studio_tinymce panel-first-child panel-last-child\" data-index=\"1\" ><div class=\"textwidget\"><p><em>Svenskt visarkiv \u2013 the Centre for Swedish Folk Music and Jazz Research \u2013 has documented, published and researched ballads since the 1950\u2019s. Here you can listen to recordings and find texts and tunes. You can also read of the history, contents and form of ballads \u2013 and much more besides.<\/em><\/p>\n<p><em> &nbsp;<\/em><\/p>\n<\/div><\/div><\/div><div id=\"pgc-8777-1-1\"  class=\"panel-grid-cell panel-grid-cell-empty\" ><\/div><\/div><div id=\"pg-8777-2\"  class=\"panel-grid panel-has-style\" ><div class=\"siteorigin-panels-stretch panel-row-style panel-row-style-for-8777-2\" data-stretch-type=\"full-stretched\" ><div id=\"pgc-8777-2-0\"  class=\"panel-grid-cell\" ><div id=\"panel-8777-2-0-0\" class=\"so-panel widget widget_slideshow_widget panel-first-child panel-last-child\" data-index=\"2\" >\n\n<div class=\"slideshow-container\" style=\"background: white\">\n  <div data-duration=\"10\" class=\"slideshow standard\">\n    <ul class=\"inner centrerad\">\n    <li class=\"item\"><img class=\"image\" src=\"https:\/\/musikverket.se\/svensktvisarkiv\/files\/2017\/06\/Toppsnurra.jpg\" alt=\"\" \/><div class=\"content\"><p><\/p><p><\/p><\/div><\/li>    <\/ul>\n  <\/div>\n<\/div>\n\n\t\t<\/div><\/div><\/div><\/div><div id=\"pg-8777-3\"  class=\"panel-grid panel-no-style\" ><div id=\"pgc-8777-3-0\"  class=\"panel-grid-cell\" ><div id=\"panel-8777-3-0-0\" class=\"so-panel widget widget_black-studio-tinymce widget_black_studio_tinymce panel-first-child panel-last-child\" data-index=\"3\" ><div class=\"textwidget\"><p>Traditional ballads \u2013 or medieval ballads, as they are usually called in Scandinavia \u2013 are long, narrative songs with refrains. Ballads have been sung for hundreds of years and are still sung today. Many ballads tell of conflicts between various forces in people\u2019s lives and in society, and have a universal core clothed in archaic language.<\/p>\n<p>Ballads often tell of knights and maidens, herding girls and beggars, peasants or supernatural beings, transgressions and punishment, violence and sudden death, infatuation and passion, forced marriages and childbirth, fraud and jest. They are commonly set in a vaguely-defined medieval Europe or the world of folk tales, though surprisingly modern strains are found in variants from the 1900\u2019s \u2013 such as the maiden who embroidered gold on leather which was transformed into a maiden with a sewing machine.<\/p>\n<h2>Many variants via oral transmission<\/h2>\n<p>Ballads have a distinct stanzaic form with several variations. The Scandinavian ballads belong to a broader song culture in common with most of Europe \u2013 and with North and South America, to which it was borne by immigrants from the British Isles, Spain and Portugal. Ballads belong to a predominantly oral culture. Almost all texts and tunes have been orally transmitted from generation to generation \u2013 thus there are many variants of each ballad text, and tunes too have a number of similar variants. The same ballad can be sung to a number of different tunes or tune variants, and many ballad tunes can be used for various texts. One example is the song \u201cDen bergtagna\u201d [The maid and the mountain king], of which 50 variants have been documented.<\/p>\n<\/div><\/div><\/div><div id=\"pgc-8777-3-1\"  class=\"panel-grid-cell\" ><div id=\"panel-8777-3-1-0\" class=\"so-panel widget widget_black-studio-tinymce widget_black_studio_tinymce panel-first-child panel-last-child\" data-index=\"4\" ><div class=\"textwidget\"><p>These are the first two verses \u2013 of 22 \u2013 noted down by the collector Arvid August Afzelius in V\u00e4sterg\u00f6tland in 1911. This short example exhibits several features which are typical in ballads: The form consists of two main phrases, an intermediate refrain and a final refrain. The narrative style is objective with use of the third person, interlaid with dialogue between the characters involved, and the course of events is portrayed in a series of stage settings. It tells of a meeting between an earthling and a supernatural being. The refrains foreshadow an unhappy ending from the start of the song. As early as the first stanzas we find formulaic expressions such as \u201dh\u00f6ga berget\u201d [high mountain] and \u201dfingrarna sm\u00e5\u201d [fingers small].<\/p>\n<h2>Still alive and changing<\/h2>\n<p>Many singers and folk musicians perform ballads today, and they are often recorded together with other songs and tunes on CDs or other sound media. The stylised setting, the laconic, objective narrative style and the dramatic plots continually inspire new interpretations. Since access is available to a great number of notations and recordings \u2013 thanks to the publication Sveriges Medeltida Ballader [Sweden\u2019s Medieval Ballads] and archival recordings which have been published \u2013 it is possible to select both text and tune from a number of variants, or to compose a tune and knit together verses to create a personal tale. To put it briefly, the ballads are alive and in a process of change.<\/p>\n<p>The Centre for Swedish Folk Music and Jazz Research has been involved in ballad documentation, publishing and research since the 1950\u2019s, and has published the comprehensive collection <a href=\"\/svensktvisarkiv\/artikel\/sveriges-medeltida-ballader\/?lang=en\">Sveriges Medeltida Ballader (SMB)<\/a>, consisting of seven volumes.<\/p>\n<p>Together with Swedish Radio and <a href=\"\/capricerecords\/\">Caprice Records<\/a>, the Centre has released the CD <a href=\"\/capricerecords\/artikel\/the-medieval-ballad\/?lang=en\">Den medeltida balladen\/The Medieval Ballad<\/a> with field recordings from the archives and a booklet with commentaries in Swedish and English. On this site you are able to find examples from these publications as well as a searchable <a href=\"https:\/\/katalog.visarkiv.se\/lib\/views\/smb\/AdvancedSearch.aspx#_ga=2.95916565.825203476.1537172550-1580586100.1535109625\">index of Sveriges Medeltida Ballader<\/a>.<\/p>\n<\/div><\/div><\/div><\/div><div id=\"pg-8777-4\"  class=\"panel-grid panel-no-style\" ><div id=\"pgc-8777-4-0\"  class=\"panel-grid-cell\" ><div id=\"panel-8777-4-0-0\" class=\"so-panel widget widget_black-studio-tinymce widget_black_studio_tinymce panel-first-child panel-last-child\" data-index=\"5\" ><div class=\"textwidget\"><p><em>Och Jungfrun hon skulle sig till Ottes\u00e5ngen g\u00e5<\/em><br \/>\n<em>\u2013 &nbsp;Tiden g\u00f6rs mig l\u00e5ng<\/em><br \/>\n<em>S\u00e5 gick hon den v\u00e4gen, d\u00e4r h\u00f6ga berget l\u00e5g<\/em><br \/>\n<em>\u2013 &nbsp;Men jag vet att sorgen \u00e4r tung.<\/em><\/p>\n<p><em>Hon klappa p\u00e5 Bergad\u00f6rn med fingrarna sm\u00e5<\/em><br \/>\n<em>\u2013 Tiden g\u00f6rs mig l\u00e5ng<\/em><br \/>\n<em>Statt upp du store Berga kung dra l\u00e5sen ifr\u00e5n<br \/>\n<\/em><em>\u2013 Men jag vet att sorgen \u00e4r tung.<\/em><\/p>\n<\/div><\/div><\/div><div id=\"pgc-8777-4-1\"  class=\"panel-grid-cell\" ><div id=\"panel-8777-4-1-0\" class=\"so-panel widget widget_black-studio-tinymce widget_black_studio_tinymce panel-first-child panel-last-child\" data-index=\"6\" ><div class=\"textwidget\"><p><em>[And the Maiden was going to the Matins one day<\/em><br \/>\n<em>\u2013 Time is made long for me<\/em><br \/>\n<em>She went the way where the high mountain lay<\/em><br \/>\n<em>\u2013 Yet I know that sorrow lies heavy.<\/em><\/p>\n<p><em>She knocked on the Mountain door with fingers small<\/em><br \/>\n<em>\u2013 Time is made long for me<\/em><br \/>\n<em>Rise up, you great Mountain king and open the door<\/em><br \/>\n<em>\u2013 Yet I know that sorrow lies heavy.]<\/em><\/p>\n<\/div><\/div><\/div><div id=\"pgc-8777-4-2\"  class=\"panel-grid-cell\" ><div id=\"panel-8777-4-2-0\" class=\"so-panel widget widget_black-studio-tinymce widget_black_studio_tinymce panel-first-child panel-last-child\" data-index=\"7\" ><div class=\"textwidget\"><p><div id=\"attachment_8053\" style=\"width: 262px\" class=\"wp-caption alignnone\"><a title=\"\" href=\"https:\/\/musikverket.se\/svensktvisarkiv\/files\/2017\/06\/Not-Den-bergtagna.jpg\" target=\"_blank\"><img aria-describedby=\"caption-attachment-8053\" class=\"size-medium wp-image-8053\" src=\"https:\/\/musikverket.se\/svensktvisarkiv\/files\/2017\/06\/Not-Den-bergtagna-252x300.jpg\" alt=\"Not: Den Bergtagna\" width=\"252\" height=\"300\"><\/a><p id=\"caption-attachment-8053\" class=\"wp-caption-text\">Not: Den Bergtagna<\/p><\/div><\/p>\n<\/div><\/div><\/div><\/div><div id=\"pg-8777-5\"  class=\"panel-grid panel-no-style\" ><div id=\"pgc-8777-5-0\"  class=\"panel-grid-cell\" ><div id=\"panel-8777-5-0-0\" class=\"so-panel widget widget_headers panel-first-child panel-last-child\" data-index=\"8\" ><div class=\"so-widget-headers so-widget-headers-base\"><h2 id=\"read-more-and-listen-to-ballads\">Read more and listen to ballads<\/h2>\n<\/div><\/div><\/div><\/div><div id=\"pg-8777-6\"  class=\"panel-grid panel-no-style\" ><div id=\"pgc-8777-6-0\"  class=\"panel-grid-cell\" ><div id=\"panel-8777-6-0-0\" class=\"so-panel widget widget_puff_widget panel-first-child panel-last-child\" data-index=\"9\" >\t\t\t<div class=\"inner with_title with_picture with_link\" >\r\n\t\t\t<a href=\"https:\/\/musikverket.se\/svensktvisarkiv\/artikel\/balladernas-form\/?lang=en\">\t\t\t<div class=\"puff-picture\"><img src=\"\/svensktvisarkiv\/files\/2017\/06\/form-puff.jpg\" alt=\"Puff Picture\" \/><\/div>\t\t\t<h4>The form of the ballads<\/h4>\t\t\t\t\t\t<\/a>\t\t\t<\/div>\r\n\t\t<\/div><\/div><div id=\"pgc-8777-6-1\"  class=\"panel-grid-cell\" ><div id=\"panel-8777-6-1-0\" class=\"so-panel widget widget_puff_widget panel-first-child panel-last-child\" data-index=\"10\" >\t\t\t<div class=\"inner with_title with_picture with_link\" >\r\n\t\t\t<a href=\"\/svensktvisarkiv\/artikel\/hur-berattas-ballader\/?lang=en\">\t\t\t<div class=\"puff-picture\"><img src=\"\/svensktvisarkiv\/files\/2017\/06\/berattas-artikel.jpg\" alt=\"Puff Picture\" \/><\/div>\t\t\t<h4>How are ballads narrated?<\/h4>\t\t\t\t\t\t<\/a>\t\t\t<\/div>\r\n\t\t<\/div><\/div><div id=\"pgc-8777-6-2\"  class=\"panel-grid-cell\" ><div id=\"panel-8777-6-2-0\" class=\"so-panel widget widget_puff_widget panel-first-child panel-last-child\" data-index=\"11\" >\t\t\t<div class=\"inner with_title with_picture with_link\" >\r\n\t\t\t<a href=\"\/svensktvisarkiv\/artikel\/balladernas-melodier\/?lang=en\">\t\t\t<div class=\"puff-picture\"><img src=\"\/svensktvisarkiv\/files\/2017\/06\/not.jpg\" alt=\"Puff Picture\" \/><\/div>\t\t\t<h4>The tunes of the ballads<\/h4>\t\t\t\t\t\t<\/a>\t\t\t<\/div>\r\n\t\t<\/div><\/div><div id=\"pgc-8777-6-3\"  class=\"panel-grid-cell\" ><div id=\"panel-8777-6-3-0\" class=\"so-panel widget widget_puff_widget panel-first-child panel-last-child\" data-index=\"12\" >\t\t\t<div class=\"inner with_title with_picture with_link\" >\r\n\t\t\t<a href=\"\/svensktvisarkiv\/artikel\/balladtyper\/?lang=en\">\t\t\t<div class=\"puff-picture\"><img src=\"\/svensktvisarkiv\/files\/2017\/06\/balladtyper-puff.jpg\" alt=\"Puff Picture\" \/><\/div>\t\t\t<h4>Ballad Types<\/h4>\t\t\t\t\t\t<\/a>\t\t\t<\/div>\r\n\t\t<\/div><\/div><div id=\"pgc-8777-6-4\"  class=\"panel-grid-cell\" ><div id=\"panel-8777-6-4-0\" class=\"so-panel widget widget_puff_widget panel-first-child panel-last-child\" data-index=\"13\" >\t\t\t<div class=\"inner with_title with_picture with_link\" >\r\n\t\t\t<a href=\"\/svensktvisarkiv\/artikel\/individuella-varianter\/?lang=en\">\t\t\t<div class=\"puff-picture\"><img src=\"\/svensktvisarkiv\/files\/2017\/06\/varianter-puff.jpg\" alt=\"Puff Picture\" \/><\/div>\t\t\t<h4>Individual variants<\/h4>\t\t\t\t\t\t<\/a>\t\t\t<\/div>\r\n\t\t<\/div><\/div><\/div><div id=\"pg-8777-7\"  class=\"panel-grid panel-no-style\" ><div id=\"pgc-8777-7-0\"  class=\"panel-grid-cell\" ><div id=\"panel-8777-7-0-0\" class=\"so-panel widget widget_puff_widget panel-first-child panel-last-child\" data-index=\"14\" >\t\t\t<div class=\"inner with_title with_picture with_link\" >\r\n\t\t\t<a href=\"\/svensktvisarkiv\/artikel\/ar-balladerna-medeltida\/?lang=en\">\t\t\t<div class=\"puff-picture\"><img src=\"\/svensktvisarkiv\/files\/2017\/06\/kyrkm\u00e5lning-puff.jpg\" alt=\"Puff Picture\" \/><\/div>\t\t\t<h4>Are the ballads medieval?<\/h4>\t\t\t\t\t\t<\/a>\t\t\t<\/div>\r\n\t\t<\/div><\/div><div id=\"pgc-8777-7-1\"  class=\"panel-grid-cell\" ><div id=\"panel-8777-7-1-0\" class=\"so-panel widget widget_puff_widget panel-first-child panel-last-child\" data-index=\"15\" >\t\t\t<div class=\"inner with_title with_picture with_link\" >\r\n\t\t\t<a href=\"\/svensktvisarkiv\/artikel\/dokumentation-av-ballader\/?lang=en\">\t\t\t<div class=\"puff-picture\"><img src=\"\/svensktvisarkiv\/files\/2017\/06\/skillingtryck-puff.jpg\" alt=\"Puff Picture\" \/><\/div>\t\t\t<h4>Documentation of ballads<\/h4>\t\t\t\t\t\t<\/a>\t\t\t<\/div>\r\n\t\t<\/div><\/div><div id=\"pgc-8777-7-2\"  class=\"panel-grid-cell\" ><div id=\"panel-8777-7-2-0\" class=\"so-panel widget widget_puff_widget panel-first-child panel-last-child\" data-index=\"16\" >\t\t\t<div class=\"inner with_title with_picture with_link\" >\r\n\t\t\t<a href=\"\/svensktvisarkiv\/artikel\/inspelningar-och-noter\/?lang=en\">\t\t\t<div class=\"puff-picture\"><img src=\"\/svensktvisarkiv\/files\/2017\/06\/spela-1.jpg\" alt=\"Puff Picture\" \/><\/div>\t\t\t<h4>Recordings and music<\/h4>\t\t\t\t\t\t<\/a>\t\t\t<\/div>\r\n\t\t<\/div><\/div><div id=\"pgc-8777-7-3\"  class=\"panel-grid-cell\" ><div id=\"panel-8777-7-3-0\" class=\"so-panel widget widget_puff_widget panel-first-child panel-last-child\" data-index=\"17\" >\t\t\t<div class=\"inner with_title with_picture with_link\" >\r\n\t\t\t<a href=\"\/svensktvisarkiv\/artikel\/las-mer-om-ballader\/?lang=en\">\t\t\t<div class=\"puff-picture\"><img src=\"\/svensktvisarkiv\/files\/2017\/06\/bok-puff.jpg\" alt=\"Puff Picture\" \/><\/div>\t\t\t<h4>Read more <\/h4>\t\t\t\t\t\t<\/a>\t\t\t<\/div>\r\n\t\t<\/div><\/div><div id=\"pgc-8777-7-4\"  class=\"panel-grid-cell\" ><div id=\"panel-8777-7-4-0\" class=\"so-panel widget widget_puff_widget panel-first-child panel-last-child\" data-index=\"18\" >\t\t\t<div class=\"inner with_title with_picture with_link\" >\r\n\t\t\t<a href=\"https:\/\/katalog.visarkiv.se\/lib\/views\/smb\/AdvancedSearch.aspx\">\t\t\t<div class=\"puff-picture\"><img src=\"\/svensktvisarkiv\/files\/2017\/06\/register-smb.jpg\" alt=\"Puff Picture\" \/><\/div>\t\t\t<h4>The SMB index<\/h4>\t\t\t\t\t\t<\/a>\t\t\t<\/div>\r\n\t\t<\/div><\/div><\/div><\/div>","protected":false},"excerpt":{"rendered":"<p>Svenskt visarkiv \u2013 the Centre for Swedish Folk Music and Jazz Research \u2013 has documented, published and researched ballads since the 1950\u2019s. Here you can listen to recordings and find texts and tunes. You can also read of the history, contents and form of ballads \u2013 and much more besides. &nbsp;<\/p>\n","protected":false},"author":70,"featured_media":0,"parent":0,"menu_order":0,"comment_status":"closed","ping_status":"closed","template":"","meta":{"ngg_post_thumbnail":0,"spay_email":""},"categories":[],"tags":[],"yoast_head":"<!-- This site is optimized with the Yoast SEO plugin v16.3 - https:\/\/yoast.com\/wordpress\/plugins\/seo\/ -->\n<meta name=\"robots\" content=\"index, follow, max-snippet:-1, max-image-preview:large, max-video-preview:-1\" \/>\n<link rel=\"canonical\" href=\"https:\/\/musikverket-old.test.consids5.se\/svensktvisarkiv\/medeltida-ballader\/\" \/>\n<meta property=\"og:locale\" content=\"sv_SE\" \/>\n<meta property=\"og:type\" content=\"article\" \/>\n<meta property=\"og:title\" content=\"Medieval ballads - Svenskt visarkiv\" \/>\n<meta property=\"og:description\" content=\"Svenskt visarkiv \u2013 the Centre for Swedish Folk Music and Jazz Research \u2013 has documented, published and researched ballads since the 1950\u2019s. Here you can listen to recordings and find texts and tunes. You can also read of the history, contents and form of ballads \u2013 and much more besides. &nbsp;\" \/>\n<meta property=\"og:url\" content=\"https:\/\/musikverket-old.test.consids5.se\/svensktvisarkiv\/medeltida-ballader\/?lang=en\" \/>\n<meta property=\"og:site_name\" content=\"Svenskt visarkiv\" \/>\n<meta property=\"article:modified_time\" content=\"2018-09-18T09:36:13+00:00\" \/>\n<meta property=\"og:image\" content=\"https:\/\/musikverket.se\/svensktvisarkiv\/files\/2017\/06\/Not-Den-bergtagna-252x300.jpg\" \/>\n<meta name=\"twitter:label1\" content=\"Ber\u00e4knad l\u00e4stid\">\n\t<meta name=\"twitter:data1\" content=\"4 minuter\">\n<script type=\"application\/ld+json\" class=\"yoast-schema-graph\">{\"@context\":\"https:\/\/schema.org\",\"@graph\":[{\"@type\":\"WebSite\",\"@id\":\"https:\/\/musikverket-old.test.consids5.se\/svensktvisarkiv\/#website\",\"url\":\"https:\/\/musikverket-old.test.consids5.se\/svensktvisarkiv\/\",\"name\":\"Svenskt visarkiv\",\"description\":\"Bevarar folkmusik, \\u00e4ldre popul\\u00e4rmusik, jazz och inflyttade musiktraditioner\",\"potentialAction\":[{\"@type\":\"SearchAction\",\"target\":\"https:\/\/musikverket-old.test.consids5.se\/svensktvisarkiv\/?s={search_term_string}\",\"query-input\":\"required name=search_term_string\"}],\"inLanguage\":\"sv-SE\"},{\"@type\":\"ImageObject\",\"@id\":\"https:\/\/musikverket-old.test.consids5.se\/svensktvisarkiv\/medeltida-ballader\/?lang=en#primaryimage\",\"inLanguage\":\"sv-SE\",\"url\":\"https:\/\/musikverket.se\/svensktvisarkiv\/files\/2017\/06\/Not-Den-bergtagna-252x300.jpg\",\"contentUrl\":\"https:\/\/musikverket.se\/svensktvisarkiv\/files\/2017\/06\/Not-Den-bergtagna-252x300.jpg\"},{\"@type\":\"WebPage\",\"@id\":\"https:\/\/musikverket-old.test.consids5.se\/svensktvisarkiv\/medeltida-ballader\/?lang=en#webpage\",\"url\":\"https:\/\/musikverket-old.test.consids5.se\/svensktvisarkiv\/medeltida-ballader\/?lang=en\",\"name\":\"Medieval ballads - Svenskt visarkiv\",\"isPartOf\":{\"@id\":\"https:\/\/musikverket-old.test.consids5.se\/svensktvisarkiv\/#website\"},\"primaryImageOfPage\":{\"@id\":\"https:\/\/musikverket-old.test.consids5.se\/svensktvisarkiv\/medeltida-ballader\/?lang=en#primaryimage\"},\"datePublished\":\"2017-06-12T10:57:42+00:00\",\"dateModified\":\"2018-09-18T09:36:13+00:00\",\"breadcrumb\":{\"@id\":\"https:\/\/musikverket-old.test.consids5.se\/svensktvisarkiv\/medeltida-ballader\/?lang=en#breadcrumb\"},\"inLanguage\":\"sv-SE\",\"potentialAction\":[{\"@type\":\"ReadAction\",\"target\":[\"https:\/\/musikverket-old.test.consids5.se\/svensktvisarkiv\/medeltida-ballader\/?lang=en\"]}]},{\"@type\":\"BreadcrumbList\",\"@id\":\"https:\/\/musikverket-old.test.consids5.se\/svensktvisarkiv\/medeltida-ballader\/?lang=en#breadcrumb\",\"itemListElement\":[{\"@type\":\"ListItem\",\"position\":1,\"item\":{\"@type\":\"WebPage\",\"@id\":\"https:\/\/musikverket-old.test.consids5.se\/svensktvisarkiv\/\",\"url\":\"https:\/\/musikverket-old.test.consids5.se\/svensktvisarkiv\/\",\"name\":\"Hem\"}},{\"@type\":\"ListItem\",\"position\":2,\"item\":{\"@id\":\"https:\/\/musikverket-old.test.consids5.se\/svensktvisarkiv\/medeltida-ballader\/?lang=en#webpage\"}}]}]}<\/script>\n<!-- \/ Yoast SEO plugin. -->","jetpack_shortlink":"https:\/\/wp.me\/P2Zwnz-2hz","jetpack_sharing_enabled":true,"_links":{"self":[{"href":"https:\/\/musikverket-old.test.consids5.se\/svensktvisarkiv\/wp-json\/wp\/v2\/pages\/8777"}],"collection":[{"href":"https:\/\/musikverket-old.test.consids5.se\/svensktvisarkiv\/wp-json\/wp\/v2\/pages"}],"about":[{"href":"https:\/\/musikverket-old.test.consids5.se\/svensktvisarkiv\/wp-json\/wp\/v2\/types\/page"}],"author":[{"embeddable":true,"href":"https:\/\/musikverket-old.test.consids5.se\/svensktvisarkiv\/wp-json\/wp\/v2\/users\/70"}],"replies":[{"embeddable":true,"href":"https:\/\/musikverket-old.test.consids5.se\/svensktvisarkiv\/wp-json\/wp\/v2\/comments?post=8777"}],"version-history":[{"count":0,"href":"https:\/\/musikverket-old.test.consids5.se\/svensktvisarkiv\/wp-json\/wp\/v2\/pages\/8777\/revisions"}],"wp:attachment":[{"href":"https:\/\/musikverket-old.test.consids5.se\/svensktvisarkiv\/wp-json\/wp\/v2\/media?parent=8777"}],"wp:term":[{"taxonomy":"category","embeddable":true,"href":"https:\/\/musikverket-old.test.consids5.se\/svensktvisarkiv\/wp-json\/wp\/v2\/categories?post=8777"},{"taxonomy":"post_tag","embeddable":true,"href":"https:\/\/musikverket-old.test.consids5.se\/svensktvisarkiv\/wp-json\/wp\/v2\/tags?post=8777"}],"curies":[{"name":"wp","href":"https:\/\/api.w.org\/{rel}","templated":true}]}}