{"id":9,"date":"2012-05-04T08:59:09","date_gmt":"2012-05-04T06:59:09","guid":{"rendered":"http:\/\/musikverket.adeprimo.se\/svensktvisarkiv\/?page_id=82"},"modified":"2018-08-06T14:32:30","modified_gmt":"2018-08-06T12:32:30","slug":"inspelningar","status":"publish","type":"page","link":"https:\/\/musikverket-old.test.consids5.se\/svensktvisarkiv\/i-samlingarna\/inspelningar\/","title":{"rendered":"Inspelningar"},"content":{"rendered":"<div id=\"pl-9\"  class=\"panel-layout\" ><div id=\"pg-9-0\"  class=\"panel-grid panel-no-style\" ><div id=\"pgc-9-0-0\"  class=\"panel-grid-cell\" ><div id=\"panel-9-0-0-0\" class=\"so-panel widget widget_headers panel-first-child panel-last-child\" data-index=\"0\" ><div class=\"so-widget-headers so-widget-headers-base\"><h1 id=\"inspelningar\">Inspelningar<\/h1>\n<\/div><\/div><\/div><\/div><div id=\"pg-9-1\"  class=\"panel-grid panel-no-style\" ><div id=\"pgc-9-1-0\"  class=\"panel-grid-cell panel-grid-cell-mobile-last\" ><div id=\"panel-9-1-0-0\" class=\"so-panel widget widget_black-studio-tinymce widget_black_studio_tinymce panel-first-child panel-last-child\" data-index=\"1\" ><div class=\"textwidget\"><p><em>Unika ljud- och filminspelningar fr&aring;n mer &auml;n&nbsp;ett sekel tillbaka i tiden,&nbsp;s&aring;v&auml;l egna inspelningar som donerade originalinspelningar.&nbsp;<\/em><\/p>\n<\/div><\/div><\/div><div id=\"pgc-9-1-1\"  class=\"panel-grid-cell panel-grid-cell-empty\" ><\/div><\/div><div id=\"pg-9-2\"  class=\"panel-grid panel-has-style\" ><div class=\"siteorigin-panels-stretch panel-row-style panel-row-style-for-9-2\" data-stretch-type=\"full-stretched\" ><div id=\"pgc-9-2-0\"  class=\"panel-grid-cell\" ><div id=\"panel-9-2-0-0\" class=\"so-panel widget widget_sow-image panel-first-child panel-last-child\" data-index=\"2\" ><div class=\"so-widget-sow-image so-widget-sow-image-default-17bc2272b535\">\n\n<div class=\"sow-image-container\">\n\t<img src=\"https:\/\/musikverket-old.test.consids5.se\/svensktvisarkiv\/files\/2012\/12\/Toppsnurra_SVA_Inspelningar.png\" width=\"1280\" height=\"425\" srcset=\"https:\/\/musikverket-old.test.consids5.se\/svensktvisarkiv\/files\/2012\/12\/Toppsnurra_SVA_Inspelningar.png 1280w, https:\/\/musikverket-old.test.consids5.se\/svensktvisarkiv\/files\/2012\/12\/Toppsnurra_SVA_Inspelningar-300x99.png 300w, https:\/\/musikverket-old.test.consids5.se\/svensktvisarkiv\/files\/2012\/12\/Toppsnurra_SVA_Inspelningar-1024x340.png 1024w, https:\/\/musikverket-old.test.consids5.se\/svensktvisarkiv\/files\/2012\/12\/Toppsnurra_SVA_Inspelningar-1204x400.png 1204w, https:\/\/musikverket-old.test.consids5.se\/svensktvisarkiv\/files\/2012\/12\/Toppsnurra_SVA_Inspelningar-752x250.png 752w, https:\/\/musikverket-old.test.consids5.se\/svensktvisarkiv\/files\/2012\/12\/Toppsnurra_SVA_Inspelningar-251x83.png 251w\" sizes=\"(max-width: 1280px) 100vw, 1280px\" title=\"Inspelningar. Foto: Miki Anagrius\" alt=\"Inspelningar. Foto: Miki Anagrius\" \t\tclass=\"so-widget-image\"\/>\n<\/div>\n\n<\/div><\/div><\/div><\/div><\/div><div id=\"pg-9-3\"  class=\"panel-grid panel-no-style\" ><div id=\"pgc-9-3-0\"  class=\"panel-grid-cell\" ><div id=\"panel-9-3-0-0\" class=\"so-panel widget widget_headers panel-first-child\" data-index=\"3\" ><div class=\"so-widget-headers so-widget-headers-base\"><h3 id=\"fran-vaxrulle-till-mp3\">Fr\u00e5n vaxrulle till MP3<\/h3>\n<\/div><\/div><div id=\"panel-9-3-0-1\" class=\"so-panel widget widget_black-studio-tinymce widget_black_studio_tinymce\" data-index=\"4\" ><div class=\"textwidget\"><p>Svenskt visarkivs audiovisuella samlingar speglar utvecklingen inom Visarkivets genrer fr\u00e5n och med b\u00f6rjan av 1900-talet. Till Visarkivets genrer r\u00e4knas folkmusik, jazz, \u00e4ldre popul\u00e4rmusik, visa och angr\u00e4nsande genrer samt folklig dans. Inspelningarnas \u00e5lder inneb\u00e4r ocks\u00e5 att olika dokumentationstekniker s\u00e4tter sin pr\u00e4gel p\u00e5 samlingarna: fonografernas vaxrullar, grammofonernas lackskivor, magnetiska tr\u00e5dar och olika typer av band, 8- och 16-mm film, olika videoformat samt dagens digitala format.<\/p>\n<p>Inspelningsarkivet best\u00e5r av dels Visarkivets egna inspelningar av musik, dans och intervjuer, dels av donerade originalinspelningar gjorda av andra samt \u00e4ven kopior av andras unika inspelningar. Svenskt visarkiv har \u00e4ven ett omfattande skivbibliotek med kommersiellt utgivna inspelningar. Det sammanlagda antalet inspelningar \u00f6verstiger 50 000.<\/p>\n<\/div><\/div><div id=\"panel-9-3-0-2\" class=\"so-panel widget widget_headers\" data-index=\"5\" ><div class=\"so-widget-headers so-widget-headers-base\"><h3 id=\"over-50-000-ljudinspelningar\">\u00d6ver 50\u00a0000 ljudinspelningar<\/h3>\n<\/div><\/div><div id=\"panel-9-3-0-3\" class=\"so-panel widget widget_black-studio-tinymce widget_black_studio_tinymce\" data-index=\"6\" ><div class=\"textwidget\"><p>Visarkivets egen inspelningsverksamhet b\u00f6rjade i liten skala med bandinspelningar i b\u00f6rjan av 1960-talet. 1968 anst\u00e4lldes M\u00e4rta Ramsten f\u00f6r att leda en omfattande dokumentation av visor och l\u00e5tar inom det folkliga musikomr\u00e5det. Ursprungligen var syftet att r\u00e4dda repertoarerna hos en \u00e4ldre generation s\u00e5ngerskor och spelm\u00e4n, men under 1970-talet breddades dokumentation och kom \u00e4ven att omfatta bland annat den folkmusikintresserade ungdomen och barns s\u00e5nger och lekar. Vid olika tillf\u00e4llen under 1960- och 70-talen dokumenterades ocks\u00e5 musiktraditionerna bland f\u00e5ngar p\u00e5 n\u00e5gra av landets f\u00e4ngelser. Sveriges Radios \u00e4ldre folkmusikinspelningar finns i kopia i inspelningsarkivet.<\/p>\n<p>I b\u00f6rjan var inspelningarna inriktade mot vad som ans\u00e5gs vara etniskt svensk folkmusik, men perspektivet har breddats. Samlingarna omfattar i dag \u00e4ven andra ursprungliga och invandrande grupper. H\u00e4r kan n\u00e4mnas Karl Tir\u00e9ns inspelningar med samisk jojk fr\u00e5n 1910-talet, Visarkivets inspelningar med tornedalsfinska visor p\u00e5 1970-talet, d\u00e5varande Musikmuseets dokumentation av musikgrupper med invandrarbakgrund p\u00e5 Mix musikcaf\u00e9 under 1990-talet och Svenskt visarkivs resandemusikprojekt p\u00e5 2010-talet.<\/p>\n<p>I ljudsamlingarna finns flera bandade intervjuer med svenska jazzmusiker. De f\u00f6rsta intervjuerna gjordes av Gruppen f\u00f6r svensk jazzhistoria p\u00e5 1970-talet och arbetet har sedan kompletterats av Visarkivets jazzavdelning. Donationer av viktiga studio- och konsertinspelningar av jazz och improvisationsmusik finns ocks\u00e5 i ljudsamlingarna.<\/p>\n<\/div><\/div><div id=\"panel-9-3-0-4\" class=\"so-panel widget widget_headers\" data-index=\"7\" ><div class=\"so-widget-headers so-widget-headers-base\"><h3 id=\"las-mer-om-inspelningsverksamheten\">L\u00e4s mer om inspelningsverksamheten<\/h3>\n<\/div><\/div><div id=\"panel-9-3-0-5\" class=\"so-panel widget widget_black-studio-tinymce widget_black_studio_tinymce panel-last-child\" data-index=\"8\" ><div class=\"textwidget\"><ul>\n<li><a title=\"M\u00e4rta Ramstens artikel Svenskt visarkivs inspelningsverksamhet\" href=\"http:\/\/urn.kb.se\/resolve?urn=urn:nbn:se:statensmusikverk-353\" target=\"_blank\">Svenskt visarkivs inspelningsverksamhet<\/a> av M\u00e4rta Ramsten (skriven i samband med Svenskt visarkivs 50-\u00e5rsjubileum 2001, ur Noterat 9)<\/li>\n<li><a title=\"L\u00e4s mer om rapporten Det stora inspelningsprojektet\" href=\"https:\/\/musikverket.se\/svensktvisarkiv\/artikel\/det-stora-inspelningsprojektet\/\">Det stora inspelningsprojektet \u2013 Samarbetsn\u00e4mnden f\u00f6r svensk folkmusik och inspelningsverksamheten under 1960-talet<\/a> av Mathias Bostr\u00f6m (Forskningsrapport inom projektet Mixa eller maxa som bedrevs av Svenskt visarkiv mellan \u00e5ren 2011\u20132014)<\/li>\n<li><a title=\"Genusgenomlysning av ljudarkiv \u2013 ett pilotprojekt\" href=\"http:\/\/urn.kb.se\/resolve?urn=urn:nbn:se:statensmusikverk-6226\" target=\"_blank\">Genusgenomlysning av ljudarkiv \u2013 ett pilotprojekt<\/a> av Ingrid \u00c5kesson &amp; Wictor Johansson (rapport fr\u00e5n Svenskt visarkivs j\u00e4mst\u00e4lldhetsprojekt 2014)<\/li>\n<\/ul>\n<\/div><\/div><\/div><div id=\"pgc-9-3-1\"  class=\"panel-grid-cell\" ><div id=\"panel-9-3-1-0\" class=\"so-panel widget widget_headers panel-first-child\" data-index=\"9\" ><div class=\"so-widget-headers so-widget-headers-base\"><h3 id=\"lyssna-och-titta\">Lyssna och titta<\/h3>\n<\/div><\/div><div id=\"panel-9-3-1-1\" class=\"so-panel widget widget_black-studio-tinymce widget_black_studio_tinymce\" data-index=\"10\" ><div class=\"textwidget\"><p>Det g\u00e5r att ta del av inspelningar i Svenskt visarkivs samlingar p\u00e5 flera s\u00e4tt. I onlinekatalogen <a title=\"Onlinekatalogen Inspelningar i Svenskt visarkiv\" href=\"http:\/\/katalog.visarkiv.se\/lib\/views\/rec\/Default.aspx?item=65\" target=\"_blank\">Inspelningar i Svenskt visarkiv<\/a> finns stora delar av databasen \u00f6ver ljudinspelningar s\u00f6kbar. H\u00e4r g\u00e5r det ocks\u00e5 att lyssna p\u00e5 flera inspelningar.<\/p>\n<p>N\u00e4stan allt material \u00e4r tillg\u00e4ngligt vid <a href=\"http:\/\/statensmusikverk.se\/svensktvisarkiv\/besok-visarkivet\/\">bes\u00f6k p\u00e5 arkivet<\/a>. Det g\u00e5r \u00e4ven att mot avgift best\u00e4lla kopior f\u00f6r personligt bruk av visst outgivet material. Kontakta Visarkivets expedition f\u00f6r fr\u00e5gor om ljud- och filmmaterial och g\u00e4rna inf\u00f6r bes\u00f6k f\u00f6r att f\u00f6rs\u00e4kra dig om att materialet \u00e4r tillg\u00e4ngligt.<\/p>\n<\/div><\/div><div id=\"panel-9-3-1-2\" class=\"so-panel widget widget_headers\" data-index=\"11\" ><div class=\"so-widget-headers so-widget-headers-base\"><h3 id=\"aldsta-jojkinspelningarna-over-100-ar\">\u00c4ldsta jojkinspelningarna \u00f6ver 100 \u00e5r<\/h3>\n<\/div><\/div><div id=\"panel-9-3-1-3\" class=\"so-panel widget widget_black-studio-tinymce widget_black_studio_tinymce\" data-index=\"12\" ><div class=\"textwidget\"><p>1913 slog folkmusikinsamlaren Karl Tir\u00e9n f\u00f6r f\u00f6rsta g\u00e5ngen p\u00e5 sin fonograf f\u00f6r att spela in samisk jojk. D\u00e4rmed gick startskottet f\u00f6r ett av de st\u00f6rsta inspelningsprojekten av jojk i Sverige. Ett sekel senare kan du lyssna p\u00e5 jojkinspelningarna p\u00e5 direkt p\u00e5 webben.<\/p>\n<p><a title=\"Samiska r\u00f6ster\" href=\"\/svensktvisarkiv\/i-samlingarna\/inspelningar\/karl-tiren\/\">Till Samiska r\u00f6ster<\/a><\/p>\n<\/div><\/div><div id=\"panel-9-3-1-4\" class=\"so-panel widget widget_headers\" data-index=\"13\" ><div class=\"so-widget-headers so-widget-headers-base\"><h3 id=\"lokala-vistraditioner-fran-sveriges-alla-horn\">Lokala vistraditioner fr\u00e5n Sveriges alla h\u00f6rn<\/h3>\n<\/div><\/div><div id=\"panel-9-3-1-5\" class=\"so-panel widget widget_black-studio-tinymce widget_black_studio_tinymce\" data-index=\"14\" ><div class=\"textwidget\"><p>Fr\u00e5n slutet av 1940-talet till 1960-talet gjorde Matts Arnberg uppemot 20 inspelningsresor till olika delar av landet f\u00f6r Sveriges radios r\u00e4kning. D\u00e4r spelade han in lokala vistraditioner framf\u00f6rda av ortsborna. En banbrytande verksamhet p\u00e5 sin tid. Nu kan du lyssna p\u00e5 en del av dessa inspelningar p\u00e5 n\u00e4tet.&nbsp;<\/p>\n<p><a title=\"Matts Arnbergs resa i folkmusiken\" href=\"\/svensktvisarkiv\/arnbergs-resa-i-folkmusiken\/\">Till Matts Arnbergs resa i folkmusiken<\/a><\/p>\n<\/div><\/div><div id=\"panel-9-3-1-6\" class=\"so-panel widget widget_headers\" data-index=\"15\" ><div class=\"so-widget-headers so-widget-headers-base\"><h3 id=\"dismarc-portalen\">DISMARC-portalen<\/h3>\n<\/div><\/div><div id=\"panel-9-3-1-7\" class=\"so-panel widget widget_black-studio-tinymce widget_black_studio_tinymce\" data-index=\"16\" ><div class=\"textwidget\"><p>Delar av Svenskt visarkivs ljudsamlingar \u00e4r s\u00f6kbara via\u00a0<a title=\"DISMARC-portalen\" href=\"http:\/\/www.dismarc.org\/index.php?form=index&amp;db=0&amp;changeLang=swe\" target=\"_blank\">DISMARC-portalen<\/a>. DISMARC-portalen\u00a0\u00e4r\u00a0resultatet av ett EU-projekt som Visarkivet medverkade i 2006\u20132008. Projektet gick ut p\u00e5 att bygga upp en gemensam katalogplattform f\u00f6r arkiv och andra som i n\u00e5gon omfattning har musikrelaterat material i sina samlingar, s\u00e5som museer, bibliotek, radiof\u00f6retag och privatsamlare. Efter det ursprungliga projektets slut har portalen fortsatt att utvecklats.<\/p>\n<\/div><\/div><div id=\"panel-9-3-1-8\" class=\"so-panel widget widget_headers\" data-index=\"17\" ><div class=\"so-widget-headers so-widget-headers-base\"><h3 id=\"musik-och-dans-pa-film\">Musik och dans p\u00e5 film<\/h3>\n<\/div><\/div><div id=\"panel-9-3-1-9\" class=\"so-panel widget widget_black-studio-tinymce widget_black_studio_tinymce panel-last-child\" data-index=\"18\" ><div class=\"textwidget\"><p>Videosamlingarna best\u00e5r till stor del av kopior av andras dokumentationer av musik och dans samt inspelade tv-program och filmer med anknytning till Visarkivets genrer.<\/p>\n<p>P\u00e5 dansomr\u00e5det var\u00a0Arkivet f\u00f6r folklig dans\u00a0tidigare ledande i dokumentationsarbetet. Sedan 2011 ing\u00e5r arkivet i Visarkivet, t\u00e4ckningen p\u00e5 dansomr\u00e5det \u00e4r d\u00e4rmed god.<\/p>\n<p>Egen dokumentation av musikframf\u00f6randen och folklig dans har gjorts i liten utstr\u00e4ckning, men filmandet har \u00f6kat under 2000-talet. 2013 gjordes till exempel ett omfattande dokumentationsprojekt om queerdans.<\/p>\n<\/div><\/div><\/div><\/div><\/div>","protected":false},"excerpt":{"rendered":"<p>Unika ljud- och filminspelningar fr&aring;n mer &auml;n&nbsp;ett sekel tillbaka i tiden,&nbsp;s&aring;v&auml;l egna inspelningar som donerade originalinspelningar.&nbsp;<\/p>\n","protected":false},"author":1,"featured_media":0,"parent":5,"menu_order":0,"comment_status":"open","ping_status":"closed","template":"","meta":{"ngg_post_thumbnail":0,"spay_email":""},"categories":[4],"tags":[287,228,251,10,250],"yoast_head":"<!-- This site is optimized with the Yoast SEO plugin v16.3 - https:\/\/yoast.com\/wordpress\/plugins\/seo\/ -->\n<meta name=\"robots\" content=\"index, follow, max-snippet:-1, max-image-preview:large, max-video-preview:-1\" \/>\n<link rel=\"canonical\" href=\"https:\/\/musikverket-old.test.consids5.se\/svensktvisarkiv\/i-samlingarna\/inspelningar\/\" \/>\n<meta property=\"og:locale\" content=\"sv_SE\" \/>\n<meta property=\"og:type\" content=\"article\" \/>\n<meta property=\"og:title\" content=\"Inspelningar - Svenskt visarkiv\" \/>\n<meta property=\"og:description\" content=\"Unika ljud- och filminspelningar fr&aring;n mer &auml;n&nbsp;ett sekel tillbaka i tiden,&nbsp;s&aring;v&auml;l egna inspelningar som donerade originalinspelningar.&nbsp;\" \/>\n<meta property=\"og:url\" content=\"https:\/\/musikverket-old.test.consids5.se\/svensktvisarkiv\/i-samlingarna\/inspelningar\/\" \/>\n<meta property=\"og:site_name\" content=\"Svenskt visarkiv\" \/>\n<meta property=\"article:modified_time\" content=\"2018-08-06T12:32:30+00:00\" \/>\n<meta name=\"twitter:label1\" content=\"Ber\u00e4knad l\u00e4stid\">\n\t<meta name=\"twitter:data1\" content=\"4 minuter\">\n<script type=\"application\/ld+json\" class=\"yoast-schema-graph\">{\"@context\":\"https:\/\/schema.org\",\"@graph\":[{\"@type\":\"WebSite\",\"@id\":\"https:\/\/musikverket-old.test.consids5.se\/svensktvisarkiv\/#website\",\"url\":\"https:\/\/musikverket-old.test.consids5.se\/svensktvisarkiv\/\",\"name\":\"Svenskt visarkiv\",\"description\":\"Bevarar folkmusik, \\u00e4ldre popul\\u00e4rmusik, jazz och inflyttade musiktraditioner\",\"potentialAction\":[{\"@type\":\"SearchAction\",\"target\":\"https:\/\/musikverket-old.test.consids5.se\/svensktvisarkiv\/?s={search_term_string}\",\"query-input\":\"required name=search_term_string\"}],\"inLanguage\":\"sv-SE\"},{\"@type\":\"WebPage\",\"@id\":\"https:\/\/musikverket-old.test.consids5.se\/svensktvisarkiv\/i-samlingarna\/inspelningar\/#webpage\",\"url\":\"https:\/\/musikverket-old.test.consids5.se\/svensktvisarkiv\/i-samlingarna\/inspelningar\/\",\"name\":\"Inspelningar - Svenskt visarkiv\",\"isPartOf\":{\"@id\":\"https:\/\/musikverket-old.test.consids5.se\/svensktvisarkiv\/#website\"},\"datePublished\":\"2012-05-04T06:59:09+00:00\",\"dateModified\":\"2018-08-06T12:32:30+00:00\",\"breadcrumb\":{\"@id\":\"https:\/\/musikverket-old.test.consids5.se\/svensktvisarkiv\/i-samlingarna\/inspelningar\/#breadcrumb\"},\"inLanguage\":\"sv-SE\",\"potentialAction\":[{\"@type\":\"ReadAction\",\"target\":[\"https:\/\/musikverket-old.test.consids5.se\/svensktvisarkiv\/i-samlingarna\/inspelningar\/\"]}]},{\"@type\":\"BreadcrumbList\",\"@id\":\"https:\/\/musikverket-old.test.consids5.se\/svensktvisarkiv\/i-samlingarna\/inspelningar\/#breadcrumb\",\"itemListElement\":[{\"@type\":\"ListItem\",\"position\":1,\"item\":{\"@type\":\"WebPage\",\"@id\":\"https:\/\/musikverket-old.test.consids5.se\/svensktvisarkiv\/\",\"url\":\"https:\/\/musikverket-old.test.consids5.se\/svensktvisarkiv\/\",\"name\":\"Hem\"}},{\"@type\":\"ListItem\",\"position\":2,\"item\":{\"@type\":\"WebPage\",\"@id\":\"https:\/\/musikverket-old.test.consids5.se\/svensktvisarkiv\/i-samlingarna\/\",\"url\":\"https:\/\/musikverket-old.test.consids5.se\/svensktvisarkiv\/i-samlingarna\/\",\"name\":\"Samlingar\"}},{\"@type\":\"ListItem\",\"position\":3,\"item\":{\"@id\":\"https:\/\/musikverket-old.test.consids5.se\/svensktvisarkiv\/i-samlingarna\/inspelningar\/#webpage\"}}]}]}<\/script>\n<!-- \/ Yoast SEO plugin. -->","jetpack_shortlink":"https:\/\/wp.me\/P2Zwnz-9","jetpack_sharing_enabled":true,"_links":{"self":[{"href":"https:\/\/musikverket-old.test.consids5.se\/svensktvisarkiv\/wp-json\/wp\/v2\/pages\/9"}],"collection":[{"href":"https:\/\/musikverket-old.test.consids5.se\/svensktvisarkiv\/wp-json\/wp\/v2\/pages"}],"about":[{"href":"https:\/\/musikverket-old.test.consids5.se\/svensktvisarkiv\/wp-json\/wp\/v2\/types\/page"}],"author":[{"embeddable":true,"href":"https:\/\/musikverket-old.test.consids5.se\/svensktvisarkiv\/wp-json\/wp\/v2\/users\/1"}],"replies":[{"embeddable":true,"href":"https:\/\/musikverket-old.test.consids5.se\/svensktvisarkiv\/wp-json\/wp\/v2\/comments?post=9"}],"version-history":[{"count":0,"href":"https:\/\/musikverket-old.test.consids5.se\/svensktvisarkiv\/wp-json\/wp\/v2\/pages\/9\/revisions"}],"up":[{"embeddable":true,"href":"https:\/\/musikverket-old.test.consids5.se\/svensktvisarkiv\/wp-json\/wp\/v2\/pages\/5"}],"wp:attachment":[{"href":"https:\/\/musikverket-old.test.consids5.se\/svensktvisarkiv\/wp-json\/wp\/v2\/media?parent=9"}],"wp:term":[{"taxonomy":"category","embeddable":true,"href":"https:\/\/musikverket-old.test.consids5.se\/svensktvisarkiv\/wp-json\/wp\/v2\/categories?post=9"},{"taxonomy":"post_tag","embeddable":true,"href":"https:\/\/musikverket-old.test.consids5.se\/svensktvisarkiv\/wp-json\/wp\/v2\/tags?post=9"}],"curies":[{"name":"wp","href":"https:\/\/api.w.org\/{rel}","templated":true}]}}