{"id":9160,"date":"2019-12-19T14:06:24","date_gmt":"2019-12-19T13:06:24","guid":{"rendered":"https:\/\/musikverket.se\/svensktvisarkiv\/?page_id=9160"},"modified":"2020-01-21T13:56:01","modified_gmt":"2020-01-21T12:56:01","slug":"det-stora-inspelningsaret-1968","status":"publish","type":"page","link":"https:\/\/musikverket-old.test.consids5.se\/svensktvisarkiv\/det-stora-inspelningsaret-1968\/","title":{"rendered":"Det stora inspelnings\u00e5ret 1968"},"content":{"rendered":"<div id=\"pl-9160\"  class=\"panel-layout\" ><div id=\"pg-9160-0\"  class=\"panel-grid panel-no-style\" ><div id=\"pgc-9160-0-0\"  class=\"panel-grid-cell\" ><div id=\"panel-9160-0-0-0\" class=\"so-panel widget widget_headers panel-first-child panel-last-child\" data-index=\"0\" ><div class=\"so-widget-headers so-widget-headers-base\"><h1 id=\"det-stora-inspelningsaret-1968\">Det stora inspelnings\u00e5ret 1968<\/h1>\n<\/div><\/div><\/div><\/div><div id=\"pg-9160-1\"  class=\"panel-grid panel-no-style\" ><div id=\"pgc-9160-1-0\"  class=\"panel-grid-cell panel-grid-cell-mobile-last\" ><div id=\"panel-9160-1-0-0\" class=\"so-panel widget widget_black-studio-tinymce widget_black_studio_tinymce panel-first-child panel-last-child\" data-index=\"1\" ><div class=\"textwidget\"><p>I Svenskt visarkivs stora ljudsamlingar finns cirka 5 000 inspelningar som spelats in i Visarkivets egen dokumentationsverksamhet. Inspelningarna \u00e4r mycket efterfr\u00e5gade och anv\u00e4nds regelbundet av musiker, forskare och en intresserad allm\u00e4nhet. Visarkivets inspelningsverksamhet startades 1968 med fokus p\u00e5 att dokumentera vad som d\u00e5 uppfattades som de sista resterna av en levande svensk folkmusiktradition. H\u00e4r kan du genom fotografier, artiklar och annat arkivmaterial f\u00f6lja inspelningarnas tillkomst och m\u00f6ta de m\u00e4nniskor som dokumenterats av Visarkivet, mer \u00e4n 50 \u00e5r senare.&nbsp;<\/p>\n<\/div><\/div><\/div><div id=\"pgc-9160-1-1\"  class=\"panel-grid-cell panel-grid-cell-empty\" ><\/div><\/div><div id=\"pg-9160-2\"  class=\"panel-grid panel-no-style\" ><div id=\"pgc-9160-2-0\"  class=\"panel-grid-cell\" ><div id=\"panel-9160-2-0-0\" class=\"so-panel widget widget_puff_widget panel-first-child panel-last-child\" data-index=\"2\" >\t\t\t<div class=\"inner with_title with_picture with_link\" >\r\n\t\t\t<a href=\"https:\/\/musikverket.se\/svensktvisarkiv\/artikel\/sa-borjade-det\/\">\t\t\t<div class=\"puff-picture\"><img src=\"\/svensktvisarkiv\/files\/2020\/01\/S\u00e5-b\u00f6rjade-det-puff.jpg\" alt=\"Puff Picture\" \/><\/div>\t\t\t<h4>S\u00e5 b\u00f6rjade det<\/h4>\t\t\t\t\t\t<\/a>\t\t\t<\/div>\r\n\t\t<\/div><\/div><div id=\"pgc-9160-2-1\"  class=\"panel-grid-cell\" ><div id=\"panel-9160-2-1-0\" class=\"so-panel widget widget_puff_widget panel-first-child panel-last-child\" data-index=\"3\" >\t\t\t<div class=\"inner with_title with_picture with_link\" >\r\n\t\t\t<a href=\"https:\/\/musikverket.se\/svensktvisarkiv\/artikel\/stockholm-och-uppsala\/\">\t\t\t<div class=\"puff-picture\"><img src=\"\/svensktvisarkiv\/files\/2020\/01\/f\u00f6rberedelser-puff.jpg\" alt=\"Puff Picture\" \/><\/div>\t\t\t<h4>Stockholm och Uppsala, januari\u2013februari<\/h4>\t\t\t\t\t\t<\/a>\t\t\t<\/div>\r\n\t\t<\/div><\/div><div id=\"pgc-9160-2-2\"  class=\"panel-grid-cell\" ><div id=\"panel-9160-2-2-0\" class=\"so-panel widget widget_puff_widget panel-first-child panel-last-child\" data-index=\"4\" >\t\t\t<div class=\"inner with_title with_picture with_link\" >\r\n\t\t\t<a href=\"https:\/\/musikverket.se\/svensktvisarkiv\/artikel\/jamtlandsresan-12-21-mars-1968\/\">\t\t\t<div class=\"puff-picture\"><img src=\"\/svensktvisarkiv\/files\/2020\/01\/J\u00e4mtland-puff.jpg\" alt=\"Puff Picture\" \/><\/div>\t\t\t<h4>J\u00e4mtland, mars<\/h4>\t\t\t\t\t\t<\/a>\t\t\t<\/div>\r\n\t\t<\/div><\/div><div id=\"pgc-9160-2-3\"  class=\"panel-grid-cell\" ><div id=\"panel-9160-2-3-0\" class=\"so-panel widget widget_puff_widget panel-first-child panel-last-child\" data-index=\"5\" >\t\t\t<div class=\"inner with_title with_picture with_link\" >\r\n\t\t\t<a href=\"https:\/\/musikverket.se\/svensktvisarkiv\/artikel\/varmlandsresor-i-april\/\">\t\t\t<div class=\"puff-picture\"><img src=\"\/svensktvisarkiv\/files\/2020\/01\/V\u00e4rmland-puff.jpg\" alt=\"Puff Picture\" \/><\/div>\t\t\t<h4>V\u00e4rmland, april <\/h4>\t\t\t\t\t\t<\/a>\t\t\t<\/div>\r\n\t\t<\/div><\/div><div id=\"pgc-9160-2-4\"  class=\"panel-grid-cell\" ><div id=\"panel-9160-2-4-0\" class=\"so-panel widget widget_puff_widget panel-first-child panel-last-child\" data-index=\"6\" >\t\t\t<div class=\"inner with_title with_picture with_link\" >\r\n\t\t\t<a href=\"\/svensktvisarkiv\/artikel\/halsingland-13-17-maj\/\">\t\t\t<div class=\"puff-picture\"><img src=\"\/svensktvisarkiv\/files\/2020\/01\/H\u00e4lsingland-puff.jpg\" alt=\"Puff Picture\" \/><\/div>\t\t\t<h4>H\u00e4lsingland, maj<\/h4>\t\t\t\t\t\t<\/a>\t\t\t<\/div>\r\n\t\t<\/div><\/div><\/div><div id=\"pg-9160-3\"  class=\"panel-grid panel-no-style\" ><div id=\"pgc-9160-3-0\"  class=\"panel-grid-cell\" ><div id=\"panel-9160-3-0-0\" class=\"so-panel widget widget_puff_widget panel-first-child panel-last-child\" data-index=\"7\" >\t\t\t<div class=\"inner with_title with_picture with_link\" >\r\n\t\t\t<a href=\"https:\/\/musikverket.se\/svensktvisarkiv\/artikel\/narke-goteborg-och-halsingland-5-19-juni\/\">\t\t\t<div class=\"puff-picture\"><img src=\"\/svensktvisarkiv\/files\/2020\/01\/gbg-n\u00e4rke-h\u00e4lsingland-puff.jpg\" alt=\"Puff Picture\" \/><\/div>\t\t\t<h4>N\u00e4rke, G\u00f6teborg och H\u00e4lsingland, juni <\/h4>\t\t\t\t\t\t<\/a>\t\t\t<\/div>\r\n\t\t<\/div><\/div><div id=\"pgc-9160-3-1\"  class=\"panel-grid-cell\" ><div id=\"panel-9160-3-1-0\" class=\"so-panel widget widget_puff_widget panel-first-child panel-last-child\" data-index=\"8\" >\t\t\t<div class=\"inner with_title with_picture with_link\" >\r\n\t\t\t<a href=\"\/svensktvisarkiv\/artikel\/vastsverige-10-juli-26-augusti-1968\">\t\t\t<div class=\"puff-picture\"><img src=\"\/svensktvisarkiv\/files\/2020\/01\/\u00c5ngermanland-mm-puff.jpg\" alt=\"Puff Picture\" \/><\/div>\t\t\t<h4>V\u00e4stsverige, juli\u2013augusti<\/h4>\t\t\t\t\t\t<\/a>\t\t\t<\/div>\r\n\t\t<\/div><\/div><div id=\"pgc-9160-3-2\"  class=\"panel-grid-cell\" ><div id=\"panel-9160-3-2-0\" class=\"so-panel widget widget_puff_widget panel-first-child panel-last-child\" data-index=\"9\" >\t\t\t<div class=\"inner with_title with_picture with_link\" >\r\n\t\t\t<a href=\"\/svensktvisarkiv\/artikel\/dalarna-september-1968\/\">\t\t\t<div class=\"puff-picture\"><img src=\"\/svensktvisarkiv\/files\/2020\/01\/Dalarna-puff.jpg\" alt=\"Puff Picture\" \/><\/div>\t\t\t<h4>Dalarna, september<\/h4>\t\t\t\t\t\t<\/a>\t\t\t<\/div>\r\n\t\t<\/div><\/div><div id=\"pgc-9160-3-3\"  class=\"panel-grid-cell\" ><div id=\"panel-9160-3-3-0\" class=\"so-panel widget widget_puff_widget panel-first-child panel-last-child\" data-index=\"10\" >\t\t\t<div class=\"inner with_title with_picture with_link\" >\r\n\t\t\t<a href=\"\/svensktvisarkiv\/artikel\/norska-gransen-oktober-1968\/\">\t\t\t<div class=\"puff-picture\"><img src=\"\/svensktvisarkiv\/files\/2020\/01\/Norska-gr\u00e4nsen-puff.jpg\" alt=\"Puff Picture\" \/><\/div>\t\t\t<h4>Norska gr\u00e4nsen, oktober<\/h4>\t\t\t\t\t\t<\/a>\t\t\t<\/div>\r\n\t\t<\/div><\/div><div id=\"pgc-9160-3-4\"  class=\"panel-grid-cell\" ><div id=\"panel-9160-3-4-0\" class=\"so-panel widget widget_puff_widget panel-first-child panel-last-child\" data-index=\"11\" >\t\t\t<div class=\"inner with_title with_picture with_link\" >\r\n\t\t\t<a href=\"\/svensktvisarkiv\/artikel\/skane-november-1968\/\">\t\t\t<div class=\"puff-picture\"><img src=\"\/svensktvisarkiv\/files\/2020\/01\/Sk\u00e5ne-puff.jpg\" alt=\"Puff Picture\" \/><\/div>\t\t\t<h4>Sk\u00e5ne, november<\/h4>\t\t\t\t\t\t<\/a>\t\t\t<\/div>\r\n\t\t<\/div><\/div><\/div><\/div>","protected":false},"excerpt":{"rendered":"<p>I Svenskt visarkivs stora ljudsamlingar finns cirka 5 000 inspelningar som spelats in i Visarkivets egen dokumentationsverksamhet. Inspelningarna \u00e4r mycket efterfr\u00e5gade och anv\u00e4nds regelbundet av musiker, forskare och en intresserad allm\u00e4nhet. Visarkivets inspelningsverksamhet startades 1968 med fokus p\u00e5 att dokumentera vad som d\u00e5 uppfattades som de sista resterna av en levande svensk folkmusiktradition. H\u00e4r kan [&hellip;]<\/p>\n","protected":false},"author":70,"featured_media":9366,"parent":0,"menu_order":0,"comment_status":"closed","ping_status":"closed","template":"","meta":{"ngg_post_thumbnail":0,"spay_email":""},"categories":[],"tags":[],"yoast_head":"<!-- This site is optimized with the Yoast SEO plugin v16.3 - https:\/\/yoast.com\/wordpress\/plugins\/seo\/ -->\n<meta name=\"robots\" content=\"index, follow, max-snippet:-1, max-image-preview:large, max-video-preview:-1\" \/>\n<link rel=\"canonical\" href=\"https:\/\/musikverket-old.test.consids5.se\/svensktvisarkiv\/det-stora-inspelningsaret-1968\/\" \/>\n<meta property=\"og:locale\" content=\"sv_SE\" \/>\n<meta property=\"og:type\" content=\"article\" \/>\n<meta property=\"og:title\" content=\"Det stora inspelnings\u00e5ret 1968 - Svenskt visarkiv\" \/>\n<meta property=\"og:description\" content=\"I Svenskt visarkivs stora ljudsamlingar finns cirka 5 000 inspelningar som spelats in i Visarkivets egen dokumentationsverksamhet. Inspelningarna \u00e4r mycket efterfr\u00e5gade och anv\u00e4nds regelbundet av musiker, forskare och en intresserad allm\u00e4nhet. Visarkivets inspelningsverksamhet startades 1968 med fokus p\u00e5 att dokumentera vad som d\u00e5 uppfattades som de sista resterna av en levande svensk folkmusiktradition. H\u00e4r kan [&hellip;]\" \/>\n<meta property=\"og:url\" content=\"https:\/\/musikverket-old.test.consids5.se\/svensktvisarkiv\/det-stora-inspelningsaret-1968\/\" \/>\n<meta property=\"og:site_name\" content=\"Svenskt visarkiv\" \/>\n<meta property=\"article:modified_time\" content=\"2020-01-21T12:56:01+00:00\" \/>\n<meta property=\"og:image\" content=\"https:\/\/musikverket.se\/svensktvisarkiv\/files\/2020\/01\/Det-stora-inspelnings\u00e5ret.jpg\" \/>\n\t<meta property=\"og:image:width\" content=\"680\" \/>\n\t<meta property=\"og:image:height\" content=\"364\" \/>\n<meta name=\"twitter:label1\" content=\"Ber\u00e4knad l\u00e4stid\">\n\t<meta name=\"twitter:data1\" content=\"1 minut\">\n<script type=\"application\/ld+json\" class=\"yoast-schema-graph\">{\"@context\":\"https:\/\/schema.org\",\"@graph\":[{\"@type\":\"WebSite\",\"@id\":\"https:\/\/musikverket-old.test.consids5.se\/svensktvisarkiv\/#website\",\"url\":\"https:\/\/musikverket-old.test.consids5.se\/svensktvisarkiv\/\",\"name\":\"Svenskt visarkiv\",\"description\":\"Bevarar folkmusik, \\u00e4ldre popul\\u00e4rmusik, jazz och inflyttade musiktraditioner\",\"potentialAction\":[{\"@type\":\"SearchAction\",\"target\":\"https:\/\/musikverket-old.test.consids5.se\/svensktvisarkiv\/?s={search_term_string}\",\"query-input\":\"required name=search_term_string\"}],\"inLanguage\":\"sv-SE\"},{\"@type\":\"ImageObject\",\"@id\":\"https:\/\/musikverket-old.test.consids5.se\/svensktvisarkiv\/det-stora-inspelningsaret-1968\/#primaryimage\",\"inLanguage\":\"sv-SE\",\"url\":\"https:\/\/musikverket-old.test.consids5.se\/svensktvisarkiv\/files\/2020\/01\/Det-stora-inspelnings\\u00e5ret.jpg\",\"contentUrl\":\"https:\/\/musikverket-old.test.consids5.se\/svensktvisarkiv\/files\/2020\/01\/Det-stora-inspelnings\\u00e5ret.jpg\",\"width\":680,\"height\":364},{\"@type\":\"WebPage\",\"@id\":\"https:\/\/musikverket-old.test.consids5.se\/svensktvisarkiv\/det-stora-inspelningsaret-1968\/#webpage\",\"url\":\"https:\/\/musikverket-old.test.consids5.se\/svensktvisarkiv\/det-stora-inspelningsaret-1968\/\",\"name\":\"Det stora inspelnings\\u00e5ret 1968 - Svenskt visarkiv\",\"isPartOf\":{\"@id\":\"https:\/\/musikverket-old.test.consids5.se\/svensktvisarkiv\/#website\"},\"primaryImageOfPage\":{\"@id\":\"https:\/\/musikverket-old.test.consids5.se\/svensktvisarkiv\/det-stora-inspelningsaret-1968\/#primaryimage\"},\"datePublished\":\"2019-12-19T13:06:24+00:00\",\"dateModified\":\"2020-01-21T12:56:01+00:00\",\"breadcrumb\":{\"@id\":\"https:\/\/musikverket-old.test.consids5.se\/svensktvisarkiv\/det-stora-inspelningsaret-1968\/#breadcrumb\"},\"inLanguage\":\"sv-SE\",\"potentialAction\":[{\"@type\":\"ReadAction\",\"target\":[\"https:\/\/musikverket-old.test.consids5.se\/svensktvisarkiv\/det-stora-inspelningsaret-1968\/\"]}]},{\"@type\":\"BreadcrumbList\",\"@id\":\"https:\/\/musikverket-old.test.consids5.se\/svensktvisarkiv\/det-stora-inspelningsaret-1968\/#breadcrumb\",\"itemListElement\":[{\"@type\":\"ListItem\",\"position\":1,\"item\":{\"@type\":\"WebPage\",\"@id\":\"https:\/\/musikverket-old.test.consids5.se\/svensktvisarkiv\/\",\"url\":\"https:\/\/musikverket-old.test.consids5.se\/svensktvisarkiv\/\",\"name\":\"Hem\"}},{\"@type\":\"ListItem\",\"position\":2,\"item\":{\"@id\":\"https:\/\/musikverket-old.test.consids5.se\/svensktvisarkiv\/det-stora-inspelningsaret-1968\/#webpage\"}}]}]}<\/script>\n<!-- \/ Yoast SEO plugin. -->","jetpack_shortlink":"https:\/\/wp.me\/P2Zwnz-2nK","jetpack_sharing_enabled":true,"_links":{"self":[{"href":"https:\/\/musikverket-old.test.consids5.se\/svensktvisarkiv\/wp-json\/wp\/v2\/pages\/9160"}],"collection":[{"href":"https:\/\/musikverket-old.test.consids5.se\/svensktvisarkiv\/wp-json\/wp\/v2\/pages"}],"about":[{"href":"https:\/\/musikverket-old.test.consids5.se\/svensktvisarkiv\/wp-json\/wp\/v2\/types\/page"}],"author":[{"embeddable":true,"href":"https:\/\/musikverket-old.test.consids5.se\/svensktvisarkiv\/wp-json\/wp\/v2\/users\/70"}],"replies":[{"embeddable":true,"href":"https:\/\/musikverket-old.test.consids5.se\/svensktvisarkiv\/wp-json\/wp\/v2\/comments?post=9160"}],"version-history":[{"count":0,"href":"https:\/\/musikverket-old.test.consids5.se\/svensktvisarkiv\/wp-json\/wp\/v2\/pages\/9160\/revisions"}],"wp:featuredmedia":[{"embeddable":true,"href":"https:\/\/musikverket-old.test.consids5.se\/svensktvisarkiv\/wp-json\/wp\/v2\/media\/9366"}],"wp:attachment":[{"href":"https:\/\/musikverket-old.test.consids5.se\/svensktvisarkiv\/wp-json\/wp\/v2\/media?parent=9160"}],"wp:term":[{"taxonomy":"category","embeddable":true,"href":"https:\/\/musikverket-old.test.consids5.se\/svensktvisarkiv\/wp-json\/wp\/v2\/categories?post=9160"},{"taxonomy":"post_tag","embeddable":true,"href":"https:\/\/musikverket-old.test.consids5.se\/svensktvisarkiv\/wp-json\/wp\/v2\/tags?post=9160"}],"curies":[{"name":"wp","href":"https:\/\/api.w.org\/{rel}","templated":true}]}}